{"id":18690,"date":"2021-09-24T11:24:30","date_gmt":"2021-09-24T08:24:30","guid":{"rendered":"https:\/\/www.tempakimya.com.tr\/TURKISH\/?page_id=18690"},"modified":"2021-09-24T17:48:11","modified_gmt":"2021-09-24T14:48:11","slug":"hammaddeler","status":"publish","type":"page","link":"https:\/\/www.tempakimya.com.tr\/TURKISH\/urunler\/hammaddeler\/","title":{"rendered":"HAMMADDELER"},"content":{"rendered":"<table class=\"tablocss\" border=\"0\" width=\"1378\" cellspacing=\"0\" cellpadding=\"0\">\n<tbody>\n<tr>\n<td align=\"left\"><strong>\u0130ZOPROP\u0130LALKOL<\/strong><\/td>\n<td align=\"left\"><strong>END\u00dcSTR\u0130YEL T\u0130NER<\/strong><\/td>\n<\/tr>\n<tr>\n<td align=\"left\"><strong>BALATA TEM\u0130ZLEY\u0130C\u0130\u00a0<\/strong><\/td>\n<td align=\"left\"><strong>PERKLORET\u0130LEN\u00a0<\/strong><\/td>\n<\/tr>\n<tr>\n<td align=\"left\">\u00a0<strong>SENTET\u0130K T\u0130NER\u00a0<\/strong><\/td>\n<td align=\"left\"><strong>TR\u0130KLORET\u0130LEN\u00a0<\/strong><\/td>\n<\/tr>\n<tr>\n<td align=\"left\"><strong>MONO PROP\u0130LEN GL\u0130KOL (MPG)<\/strong><\/td>\n<td align=\"left\"><strong>SENTET\u0130K T\u0130NER<\/strong><\/td>\n<\/tr>\n<tr>\n<td align=\"left\"><strong>ASET\u0130K AS\u0130T<\/strong><\/td>\n<td align=\"left\"><strong>S\u00dcLF\u00dcR\u0130K AS\u0130T<\/strong><\/td>\n<\/tr>\n<tr>\n<td align=\"left\"><strong>H\u0130DROKLOR\u0130K AS\u0130T<\/strong><\/td>\n<td align=\"left\"><strong>N\u0130TR\u0130K AS\u0130T<\/strong><\/td>\n<\/tr>\n<tr>\n<td align=\"left\"><strong>ET\u0130L ASETAT<\/strong><\/p>\n<hr \/>\n<p><strong>ASETON<\/strong><\/td>\n<td align=\"left\"><strong>MATBAA ALKOL\u00dc<\/strong><\/p>\n<hr \/>\n<p><strong>MONOET\u0130LENGL\u0130KOL<\/strong><\/td>\n<\/tr>\n<\/tbody>\n<\/table>\n","protected":false},"excerpt":{"rendered":"<p>\u0130ZOPROP\u0130LALKOL END\u00dcSTR\u0130YEL T\u0130NER BALATA TEM\u0130ZLEY\u0130C\u0130\u00a0 PERKLORET\u0130LEN\u00a0 \u00a0SENTET\u0130K T\u0130NER\u00a0 TR\u0130KLORET\u0130LEN\u00a0 MONO PROP\u0130LEN GL\u0130KOL (MPG) SENTET\u0130K T\u0130NER ASET\u0130K AS\u0130T S\u00dcLF\u00dcR\u0130K AS\u0130T H\u0130DROKLOR\u0130K AS\u0130T N\u0130TR\u0130K AS\u0130T ET\u0130L ASETAT ASETON MATBAA ALKOL\u00dc MONOET\u0130LENGL\u0130KOL<\/p>\n","protected":false},"author":2,"featured_media":0,"parent":17907,"menu_order":8,"comment_status":"closed","ping_status":"closed","template":"","meta":[],"_links":{"self":[{"href":"https:\/\/www.tempakimya.com.tr\/TURKISH\/wp-json\/wp\/v2\/pages\/18690"}],"collection":[{"href":"https:\/\/www.tempakimya.com.tr\/TURKISH\/wp-json\/wp\/v2\/pages"}],"about":[{"href":"https:\/\/www.tempakimya.com.tr\/TURKISH\/wp-json\/wp\/v2\/types\/page"}],"author":[{"embeddable":true,"href":"https:\/\/www.tempakimya.com.tr\/TURKISH\/wp-json\/wp\/v2\/users\/2"}],"replies":[{"embeddable":true,"href":"https:\/\/www.tempakimya.com.tr\/TURKISH\/wp-json\/wp\/v2\/comments?post=18690"}],"version-history":[{"count":8,"href":"https:\/\/www.tempakimya.com.tr\/TURKISH\/wp-json\/wp\/v2\/pages\/18690\/revisions"}],"predecessor-version":[{"id":18712,"href":"https:\/\/www.tempakimya.com.tr\/TURKISH\/wp-json\/wp\/v2\/pages\/18690\/revisions\/18712"}],"up":[{"embeddable":true,"href":"https:\/\/www.tempakimya.com.tr\/TURKISH\/wp-json\/wp\/v2\/pages\/17907"}],"wp:attachment":[{"href":"https:\/\/www.tempakimya.com.tr\/TURKISH\/wp-json\/wp\/v2\/media?parent=18690"}],"curies":[{"name":"wp","href":"https:\/\/api.w.org\/{rel}","templated":true}]}}