{"id":18633,"date":"2020-11-19T11:06:15","date_gmt":"2020-11-19T08:06:15","guid":{"rendered":"https:\/\/www.tempakimya.com.tr\/TURKISH\/?page_id=18633"},"modified":"2020-11-19T12:18:54","modified_gmt":"2020-11-19T09:18:54","slug":"tec-t-brn-102-web-hazne-suyu","status":"publish","type":"page","link":"https:\/\/www.tempakimya.com.tr\/TURKISH\/urunler\/matbaa-kimyasallari\/tec-t-brn-102-web-hazne-suyu\/","title":{"rendered":"TEC-T BRN 102 WEB HAZNE SUYU"},"content":{"rendered":"[vc_row][vc_column][vc_single_image image=&#8221;18650&#8243; img_size=&#8221;full&#8221;][\/vc_column][\/vc_row][vc_row element_id=&#8221;542556&#8243; css=&#8221;.vc_custom_1605770352407{padding-top: 125px !important;}&#8221;][vc_column width=&#8221;1\/2&#8243;][vc_column_text animation_delay=&#8221;0&#8243;]\n<p style=\"text-align: center;\"><strong>TEC-T BRN 102<\/strong><br \/>\n<strong>WEB HAZNE SUYU<\/strong><\/p>\n[\/vc_column_text][vc_single_image image=&#8221;18622&#8243; img_size=&#8221;full&#8221; alignment=&#8221;center&#8221;][vc_column_text animation_delay=&#8221;0&#8243;]\n<p style=\"text-align: center;\"><strong>5 KG &#8211; 30 KG &#8211; 200 KG &#8211; 1000 KG<\/strong><\/p>\n[\/vc_column_text][\/vc_column][vc_column width=&#8221;1\/2&#8243;][vc_column_text animation_delay=&#8221;0&#8243;]G\u00fcn\u00fcm\u00fcz\u00fcn modern ka\u011f\u0131t teknolojisine uygunh\u0131zl\u0131 bask\u0131 malzemelerinin ihtiyac\u0131n\u0131 kar\u015f\u0131layacak\u015fekilde dizayn edilmi\u015f bir hazne suyudur. M\u00fcrekkepdengesini ayarlayan bir kimyasald\u0131r.<\/p>\n<p><strong>Avantajlar\u0131<\/strong><\/p>\n<p>\u2022Bask\u0131 kalitesini alkols\u00fcz kararl\u0131 bir hale getirir.<br \/>\n\u2022Kurdu\u011fu m\u00fcrekkep su dengesi sayesinde bask\u0131zayiat\u0131n\u0131 minimuma indirir.<br \/>\n\u2022Sahip oldu\u011fu tampon sistemi sayesinde haznekar\u0131\u015f\u0131m\u0131n\u0131n pH de\u011ferinin 4.8-5.2 aral\u0131\u011f\u0131nda kalmas\u0131n\u0131sa\u011flar.<br \/>\n\u2022Dozajlama sisteminin ve tesisat\u0131n temiz kalmas\u0131n\u0131sa\u011flar.<br \/>\n\u2022Makina \u00fczerinde olu\u015fabilecek korozyonu \u00f6nler.<br \/>\n\u2022Makinenin plastik aksam\u0131na zarar\u0131 yoktur.<br \/>\n\u2022Kesinlikle k\u00f6p\u00fck olu\u015fmaz.<br \/>\n\u2022Kokusuz bir \u00fcr\u00fcn oldu\u011fundan buharla\u015fmada,ba\u015fa\u011fr\u0131s\u0131veya nefes alma problemleri olu\u015fturmaz.<br \/>\n\u2022Tamamen homojendir su ile her oranda kar\u0131\u015f\u0131r.\u2022K\u00f6p\u00fck olay\u0131 olmad\u0131\u011f\u0131ndan \u00f6nceki nesil haznesular\u0131n\u0131n neden oldu\u011fu fazla \u0131slatmaya ba\u011fl\u0131 bask\u0131 problemleri olu\u015fmaz.<\/p>\n<p><strong>Kullan\u0131m \u015fekli<\/strong><\/p>\n<p>\u2022Suyun sertli\u011fine g\u00f6re d\u00fc\u015f\u00fck sertlikte ya da safsuda %2-%2.5 kullan\u0131lmal\u0131 , sert sularda %3-%3.5kullan\u0131lmal\u0131d\u0131r.<br \/>\n\u2022%3,5 tan fazla hazne suyu kullan\u0131lmas\u0131 \u00f6nerilmez. \u2022Saf su ile kurulum bask\u0131 kalitesini art\u0131r\u0131r.<br \/>\n\u2022Her t\u00fcrl\u00fc d\u00fcz ofset bask\u0131 makinelerinde kullan\u0131labilir.\u2022 Suyun s\u0131cakl\u0131k oran\u0131 ortam s\u0131cakl\u0131\u011f\u0131ndan 10 \u00b0Cd\u00fc\u015f\u00fck olmal\u0131d\u0131r.[\/vc_column_text][\/vc_column][\/vc_row]\n","protected":false},"excerpt":{"rendered":"<p>[vc_row][vc_column][vc_single_image image=&#8221;18650&#8243; img_size=&#8221;full&#8221;][\/vc_column][\/vc_row][vc_row element_id=&#8221;542556&#8243; css=&#8221;.vc_custom_1605770352407{padding-top: 125px !important;}&#8221;][vc_column width=&#8221;1\/2&#8243;][vc_column_text animation_delay=&#8221;0&#8243;] TEC-T BRN 102 WEB HAZNE SUYU [\/vc_column_text][vc_single_image image=&#8221;18622&#8243; img_size=&#8221;full&#8221; alignment=&#8221;center&#8221;][vc_column_text animation_delay=&#8221;0&#8243;] 5 KG &#8211; 30 KG &#8211; 200 KG &#8211; 1000 KG [\/vc_column_text][\/vc_column][vc_column width=&#8221;1\/2&#8243;][vc_column_text animation_delay=&#8221;0&#8243;]G\u00fcn\u00fcm\u00fcz\u00fcn modern ka\u011f\u0131t teknolojisine uygunh\u0131zl\u0131 bask\u0131 malzemelerinin ihtiyac\u0131n\u0131 kar\u015f\u0131layacak\u015fekilde dizayn edilmi\u015f bir hazne suyudur. M\u00fcrekkepdengesini ayarlayan bir kimyasald\u0131r. Avantajlar\u0131 \u2022Bask\u0131 kalitesini alkols\u00fcz [&hellip;]<\/p>\n","protected":false},"author":2,"featured_media":0,"parent":18610,"menu_order":0,"comment_status":"closed","ping_status":"closed","template":"","meta":[],"_links":{"self":[{"href":"https:\/\/www.tempakimya.com.tr\/TURKISH\/wp-json\/wp\/v2\/pages\/18633"}],"collection":[{"href":"https:\/\/www.tempakimya.com.tr\/TURKISH\/wp-json\/wp\/v2\/pages"}],"about":[{"href":"https:\/\/www.tempakimya.com.tr\/TURKISH\/wp-json\/wp\/v2\/types\/page"}],"author":[{"embeddable":true,"href":"https:\/\/www.tempakimya.com.tr\/TURKISH\/wp-json\/wp\/v2\/users\/2"}],"replies":[{"embeddable":true,"href":"https:\/\/www.tempakimya.com.tr\/TURKISH\/wp-json\/wp\/v2\/comments?post=18633"}],"version-history":[{"count":2,"href":"https:\/\/www.tempakimya.com.tr\/TURKISH\/wp-json\/wp\/v2\/pages\/18633\/revisions"}],"predecessor-version":[{"id":18652,"href":"https:\/\/www.tempakimya.com.tr\/TURKISH\/wp-json\/wp\/v2\/pages\/18633\/revisions\/18652"}],"up":[{"embeddable":true,"href":"https:\/\/www.tempakimya.com.tr\/TURKISH\/wp-json\/wp\/v2\/pages\/18610"}],"wp:attachment":[{"href":"https:\/\/www.tempakimya.com.tr\/TURKISH\/wp-json\/wp\/v2\/media?parent=18633"}],"curies":[{"name":"wp","href":"https:\/\/api.w.org\/{rel}","templated":true}]}}