{"id":18628,"date":"2020-11-19T11:04:30","date_gmt":"2020-11-19T08:04:30","guid":{"rendered":"https:\/\/www.tempakimya.com.tr\/TURKISH\/?page_id=18628"},"modified":"2020-11-19T12:14:47","modified_gmt":"2020-11-19T09:14:47","slug":"tec-t-brn-100-kaucuk-temizleyici-ve-koruyucu-speragum","status":"publish","type":"page","link":"https:\/\/www.tempakimya.com.tr\/TURKISH\/urunler\/matbaa-kimyasallari\/tec-t-brn-100-kaucuk-temizleyici-ve-koruyucu-speragum\/","title":{"rendered":"TEC-T BRN 100 KAU\u00c7UK TEM\u0130ZLEY\u0130C\u0130 VE KORUYUCU &#8211; SPERAGUM"},"content":{"rendered":"[vc_row][vc_column][vc_single_image image=&#8221;18647&#8243; img_size=&#8221;full&#8221;][\/vc_column][\/vc_row][vc_row][vc_column width=&#8221;1\/2&#8243;][vc_column_text animation_delay=&#8221;0&#8243;]\n<p style=\"text-align: center;\"><strong><span class=\"fontstyle0\">TEC-T BRN 100<br \/>\n<\/span><span class=\"fontstyle2\">KAU\u00c7UK TEM\u0130ZLEY\u0130C\u0130 VE<br \/>\nKORUYUCU &#8211; SPERAGUM<\/span><\/strong><\/p>\n[\/vc_column_text][vc_single_image image=&#8221;18614&#8243; img_size=&#8221;large&#8221; alignment=&#8221;center&#8221;][vc_column_text animation_delay=&#8221;0&#8243;]\n<p style=\"text-align: center;\"><strong><span class=\"fontstyle0\">1 KG &#8211; 5 KG &#8211; 30 KG &#8211; 200 KG &#8211; 1000 KG<br \/>\n<\/span><\/strong><\/p>\n[\/vc_column_text][\/vc_column][vc_column width=&#8221;1\/2&#8243;][vc_column_text animation_delay=&#8221;0&#8243;]<strong><span class=\"fontstyle0\">Kullan\u0131m Alan\u0131 ve \u00d6zellikleri<\/span><\/strong><\/p>\n<p><span class=\"fontstyle2\">Matbaalarda ve ofset bask\u0131da kullan\u0131l\u0131r.<br \/>\nMerdane temizlik ve bak\u0131m \u00fcr\u00fcn\u00fcd\u00fcr.<br \/>\nBoya de\u011fi\u015fimi s\u0131ras\u0131nda merdanelerin temizli\u011fi ve bak\u0131m\u0131 i\u00e7in kullan\u0131l\u0131r.<br \/>\nMerdanenin porlar\u0131n\u0131 a\u00e7arak, dokusunu ve elastikiyetini korur, yenilenmesini sa\u011flar.<br \/>\nKuvvetli bir \u00fcr\u00fcnd\u00fcr. Ba\u015far\u0131l\u0131 sonu\u00e7lar verir.<br \/>\nOfset kal\u0131plar\u0131na zarar vermez.<\/span><\/p>\n<p><strong><span class=\"fontstyle0\">Kullan\u0131m \u015eekli ve Miktar\u0131<\/span><\/strong><\/p>\n<p><span class=\"fontstyle2\">\u00dcr\u00fcn p\u00fcsk\u00fcrt\u00fclerek ya da bezle silinerek uygulan\u0131r.<\/span><\/p>\n<p><strong><span class=\"fontstyle0\">T\u00fcketicinin Dikkatine<\/span><\/strong><\/p>\n<p><span class=\"fontstyle2\">Kullanma talimat\u0131n\u0131 mutlaka okuyunuz.<br \/>\nEl, y\u00fcz, v\u00fccut ve g\u0131da maddeleri temizli\u011finde kullanmay\u0131n\u0131z.<br \/>\n\u00c7ocuklardan uzak tutunuz.<br \/>\n0 \u00b0C alt\u0131nda ve 35 \u00b0C \u00fczerinde stoklamay\u0131n\u0131z. Direkt g\u00fcne\u015f \u0131\u015f\u0131\u011f\u0131na maruz b\u0131rakmay\u0131n\u0131z.<\/span><\/p>\n<p><strong><span class=\"fontstyle0\">G\u00fcvenlik Talimatlar\u0131<\/span><\/strong><\/p>\n<p><span class=\"fontstyle2\">Solunmas\u0131 ve yutulmas\u0131 tehlikelidir<br \/>\nCilt ile temas\u0131ndan ka\u00e7\u0131n\u0131n\u0131z<br \/>\nKoruyucu elbise ve maske kullan\u0131n\u0131z<br \/>\nCilt ve g\u00f6z ile temas\u0131nda bol su ile durulay\u0131n\u0131z.<br \/>\nGerekirse etiketi ile doktora ba\u015fvurunuz.<br \/>\nGiyim e\u015fyas\u0131 ile temas\u0131nda, bula\u015fm\u0131\u015f giysileri \u00e7\u0131kart\u0131n\u0131z<br \/>\nve cilde temas eden b\u00f6lgeyi y\u0131kay\u0131n\u0131z. Herhangi bir hassasiyet durumunda doktora ba\u015fvurunuz.<br \/>\nYutulmas\u0131 durumunda kusturmay\u0131n\u0131z, etiketi ile birlikte en yak\u0131n sa\u011fl\u0131k kurulu\u015funa ba\u015fvurunuz.<\/span>[\/vc_column_text][\/vc_column][\/vc_row]\n","protected":false},"excerpt":{"rendered":"<p>[vc_row][vc_column][vc_single_image image=&#8221;18647&#8243; img_size=&#8221;full&#8221;][\/vc_column][\/vc_row][vc_row][vc_column width=&#8221;1\/2&#8243;][vc_column_text animation_delay=&#8221;0&#8243;] TEC-T BRN 100 KAU\u00c7UK TEM\u0130ZLEY\u0130C\u0130 VE KORUYUCU &#8211; SPERAGUM [\/vc_column_text][vc_single_image image=&#8221;18614&#8243; img_size=&#8221;large&#8221; alignment=&#8221;center&#8221;][vc_column_text animation_delay=&#8221;0&#8243;] 1 KG &#8211; 5 KG &#8211; 30 KG &#8211; 200 KG &#8211; 1000 KG [\/vc_column_text][\/vc_column][vc_column width=&#8221;1\/2&#8243;][vc_column_text animation_delay=&#8221;0&#8243;]Kullan\u0131m Alan\u0131 ve \u00d6zellikleri Matbaalarda ve ofset bask\u0131da kullan\u0131l\u0131r. Merdane temizlik ve bak\u0131m \u00fcr\u00fcn\u00fcd\u00fcr. Boya de\u011fi\u015fimi s\u0131ras\u0131nda merdanelerin temizli\u011fi ve [&hellip;]<\/p>\n","protected":false},"author":2,"featured_media":0,"parent":18610,"menu_order":0,"comment_status":"closed","ping_status":"closed","template":"","meta":[],"_links":{"self":[{"href":"https:\/\/www.tempakimya.com.tr\/TURKISH\/wp-json\/wp\/v2\/pages\/18628"}],"collection":[{"href":"https:\/\/www.tempakimya.com.tr\/TURKISH\/wp-json\/wp\/v2\/pages"}],"about":[{"href":"https:\/\/www.tempakimya.com.tr\/TURKISH\/wp-json\/wp\/v2\/types\/page"}],"author":[{"embeddable":true,"href":"https:\/\/www.tempakimya.com.tr\/TURKISH\/wp-json\/wp\/v2\/users\/2"}],"replies":[{"embeddable":true,"href":"https:\/\/www.tempakimya.com.tr\/TURKISH\/wp-json\/wp\/v2\/comments?post=18628"}],"version-history":[{"count":5,"href":"https:\/\/www.tempakimya.com.tr\/TURKISH\/wp-json\/wp\/v2\/pages\/18628\/revisions"}],"predecessor-version":[{"id":18648,"href":"https:\/\/www.tempakimya.com.tr\/TURKISH\/wp-json\/wp\/v2\/pages\/18628\/revisions\/18648"}],"up":[{"embeddable":true,"href":"https:\/\/www.tempakimya.com.tr\/TURKISH\/wp-json\/wp\/v2\/pages\/18610"}],"wp:attachment":[{"href":"https:\/\/www.tempakimya.com.tr\/TURKISH\/wp-json\/wp\/v2\/media?parent=18628"}],"curies":[{"name":"wp","href":"https:\/\/api.w.org\/{rel}","templated":true}]}}