{"id":18610,"date":"2020-11-19T10:07:27","date_gmt":"2020-11-19T07:07:27","guid":{"rendered":"https:\/\/www.tempakimya.com.tr\/TURKISH\/?page_id=18610"},"modified":"2020-11-19T12:52:37","modified_gmt":"2020-11-19T09:52:37","slug":"matbaa-kimyasallari","status":"publish","type":"page","link":"https:\/\/www.tempakimya.com.tr\/TURKISH\/urunler\/matbaa-kimyasallari\/","title":{"rendered":"Matbaa Kimyasallar\u0131"},"content":{"rendered":"[vc_row][vc_column][vc_column_text animation_delay=&#8221;0&#8243;]<div class=\"pt-cv-wrapper\"><div class=\"pt-cv-view pt-cv-grid pt-cv-colsys pt-cv-post-border\" id=\"pt-cv-view-2c77813q7z\"><div data-id=\"pt-cv-page-1\" class=\"pt-cv-page\" data-cvc=\"2\"><div class=\"col-md-6 col-sm-6 col-xs-12 pt-cv-content-item pt-cv-1-col\"  data-pid=\"18628\"><div class='pt-cv-ifield'><h4 class=\"pt-cv-title\"><a href=\"https:\/\/www.tempakimya.com.tr\/TURKISH\/urunler\/matbaa-kimyasallari\/tec-t-brn-100-kaucuk-temizleyici-ve-koruyucu-speragum\/\" class=\"_self cvplbd\" target=\"_self\" >TEC-T BRN 100 KAU\u00c7UK TEM\u0130ZLEY\u0130C\u0130 VE KORUYUCU &#8211; SPERAGUM<\/a><\/h4><\/div><\/div>\n<div class=\"col-md-6 col-sm-6 col-xs-12 pt-cv-content-item pt-cv-1-col\"  data-pid=\"18631\"><div class='pt-cv-ifield'><h4 class=\"pt-cv-title\"><a href=\"https:\/\/www.tempakimya.com.tr\/TURKISH\/urunler\/matbaa-kimyasallari\/tec-t-brn-101-matbaa-merdanetemizleme-sivisi\/\" class=\"_self cvplbd\" target=\"_self\" >TEC-T BRN 101 MATBAA MERDANETEM\u0130ZLEME SIVISI<\/a><\/h4><\/div><\/div>\n<div class=\"col-md-6 col-sm-6 col-xs-12 pt-cv-content-item pt-cv-1-col\"  data-pid=\"18633\"><div class='pt-cv-ifield'><h4 class=\"pt-cv-title\"><a href=\"https:\/\/www.tempakimya.com.tr\/TURKISH\/urunler\/matbaa-kimyasallari\/tec-t-brn-102-web-hazne-suyu\/\" class=\"_self cvplbd\" target=\"_self\" >TEC-T BRN 102 WEB HAZNE SUYU<\/a><\/h4><\/div><\/div>\n<div class=\"col-md-6 col-sm-6 col-xs-12 pt-cv-content-item pt-cv-1-col\"  data-pid=\"18656\"><div class='pt-cv-ifield'><h4 class=\"pt-cv-title\"><a href=\"https:\/\/www.tempakimya.com.tr\/TURKISH\/urunler\/matbaa-kimyasallari\/tec-t-brn-101-e\/\" class=\"_self cvplbd\" target=\"_self\" >TEC T BRN 101 E<\/a><\/h4><\/div><\/div><\/div><\/div><\/div>\t\t\t<style type=\"text\/css\" id=\"pt-cv-inline-style-080584czdq\">#pt-cv-view-2c77813q7z .pt-cv-ifield { padding-top: 15px !important; padding-left: 10px !important; padding-bottom: 10px !important; padding-right: 10px !important; }\n#pt-cv-view-2c77813q7z.pt-cv-post-border { margin: 0; border-top-width: 1px; border-left-width: 1px }\n#pt-cv-view-2c77813q7z.pt-cv-post-border { margin: 0; border-top-style: solid; border-left-style: solid }\n#pt-cv-view-2c77813q7z.pt-cv-post-border { margin: 0; border-top-color: #e5e5e5; border-left-color: #e5e5e5 }\n#pt-cv-view-2c77813q7z.pt-cv-post-border .pt-cv-content-item   { border-right-width: 1px; border-bottom-width: 1px; border-right-style: solid; border-bottom-style: solid; border-right-color: #e5e5e5; border-bottom-color: #e5e5e5; }\n#pt-cv-view-2c77813q7z .pt-cv-href-thumbnail  { margin-left: auto !important; margin-right: auto !important; display: block !important; text-align: center !important; clear: both !important; }\n#pt-cv-view-2c77813q7z .pt-cv-title a, #pt-cv-view-2c77813q7z  .panel-title { font-family: 'Roboto', Arial, serif !important; font-size: 13px !important; line-height: 1.3 !important; color: #000000 !important; font-weight: 600 !important; display: block !important; text-align: left !important; clear: both !important; }\n#pt-cv-view-2c77813q7z  .pt-cv-hover-wrapper::before   { background-color: rgba(0,0,0,.3) !important; }\n#pt-cv-view-2c77813q7z  .pt-cv-content-item:hover .pt-cv-hover-wrapper::before   { background-color: rgba(51,51,51,.6) !important; }\n#pt-cv-view-2c77813q7z:not(.pt-cv-nohover) .pt-cv-mask *   { color: #fff; }\n#pt-cv-view-2c77813q7z .pt-cv-carousel-caption  { background-color: rgba(51,51,51,.6) !important; }\n#pt-cv-view-2c77813q7z .pt-cv-specialp { background-color: #CC3333 !important }\n#pt-cv-view-2c77813q7z .pt-cv-specialp * { color: #fff !important; }\n#pt-cv-view-2c77813q7z .pt-cv-pficon  { color: #bbb !important; }\n#pt-cv-view-2c77813q7z  .add_to_cart_button, #pt-cv-view-2c77813q7z  .add_to_cart_button *   { color: #ffffff !important; background-color: #00aeef !important; }\n#pt-cv-view-2c77813q7z  .woocommerce-onsale   { color: #ffffff !important; background-color: #ff5a5f !important; }\n#pt-cv-view-2c77813q7z .pt-cv-readmore  { color: #ffffff !important; background-color: #00aeef !important; }\n#pt-cv-view-2c77813q7z .pt-cv-readmore:hover  { color: #ffffff !important; background-color: #00aeef !important; }\n#pt-cv-view-2c77813q7z  + .pt-cv-pagination-wrapper .pt-cv-more , #pt-cv-view-2c77813q7z  + .pt-cv-pagination-wrapper .pagination .active a { color: #ffffff !important; background-color: #00aeef !important; }\n[id^='pt-cv-filter-bar-2c77813q7z'] .active.pt-cv-filter-option, [id^='pt-cv-filter-bar-2c77813q7z'] .active .pt-cv-filter-option, [id^='pt-cv-filter-bar-2c77813q7z'] .selected.pt-cv-filter-option, [id^='pt-cv-filter-bar-2c77813q7z'] .dropdown-toggle   { color: #fff !important; background-color: #00aeef !important; }\n[id^='pt-cv-filter-bar-2c77813q7z'] .pt-cv-filter-title   { color: #fff !important; background-color: #00aeef !important; }\n#pt-cv-gls-2c77813q7z li a.pt-active   { color: #fff !important; background-color: #ff5a5f !important; }\n#pt-cv-view-2c77813q7z .pt-cv-gls-header  { color: #fff !important; background-color: #00aeef !important; }<\/style>\r\n\t\t\t<link href='\/\/fonts.googleapis.com\/css?family=Roboto' rel='stylesheet' type='text\/css'>[\/vc_column_text][\/vc_column][\/vc_row]\n","protected":false},"excerpt":{"rendered":"<p>[vc_row][vc_column][vc_column_text animation_delay=&#8221;0&#8243;][\/vc_column_text][\/vc_column][\/vc_row]<\/p>\n","protected":false},"author":2,"featured_media":18647,"parent":17907,"menu_order":0,"comment_status":"closed","ping_status":"closed","template":"","meta":[],"_links":{"self":[{"href":"https:\/\/www.tempakimya.com.tr\/TURKISH\/wp-json\/wp\/v2\/pages\/18610"}],"collection":[{"href":"https:\/\/www.tempakimya.com.tr\/TURKISH\/wp-json\/wp\/v2\/pages"}],"about":[{"href":"https:\/\/www.tempakimya.com.tr\/TURKISH\/wp-json\/wp\/v2\/types\/page"}],"author":[{"embeddable":true,"href":"https:\/\/www.tempakimya.com.tr\/TURKISH\/wp-json\/wp\/v2\/users\/2"}],"replies":[{"embeddable":true,"href":"https:\/\/www.tempakimya.com.tr\/TURKISH\/wp-json\/wp\/v2\/comments?post=18610"}],"version-history":[{"count":13,"href":"https:\/\/www.tempakimya.com.tr\/TURKISH\/wp-json\/wp\/v2\/pages\/18610\/revisions"}],"predecessor-version":[{"id":18635,"href":"https:\/\/www.tempakimya.com.tr\/TURKISH\/wp-json\/wp\/v2\/pages\/18610\/revisions\/18635"}],"up":[{"embeddable":true,"href":"https:\/\/www.tempakimya.com.tr\/TURKISH\/wp-json\/wp\/v2\/pages\/17907"}],"wp:featuredmedia":[{"embeddable":true,"href":"https:\/\/www.tempakimya.com.tr\/TURKISH\/wp-json\/wp\/v2\/media\/18647"}],"wp:attachment":[{"href":"https:\/\/www.tempakimya.com.tr\/TURKISH\/wp-json\/wp\/v2\/media?parent=18610"}],"curies":[{"name":"wp","href":"https:\/\/api.w.org\/{rel}","templated":true}]}}