{"id":18563,"date":"2020-10-02T10:10:14","date_gmt":"2020-10-02T07:10:14","guid":{"rendered":"https:\/\/www.tempakimya.com.tr\/TURKISH\/?page_id=18563"},"modified":"2020-10-09T16:08:03","modified_gmt":"2020-10-09T13:08:03","slug":"medya","status":"publish","type":"page","link":"https:\/\/www.tempakimya.com.tr\/TURKISH\/medya\/","title":{"rendered":"MEDYA"},"content":{"rendered":"<p><strong>Misyonumuz t\u00fcketiciye ekonomik, g\u00fcvenilir \u00fcr\u00fcnler sunmak, sorunlar\u0131n\u0131 \u00e7\u00f6zmek, m\u00fc\u015fteri memnuniyetini ve g\u00fcvenini sarsmamak her zaman sizlerin yan\u0131nda olmakt\u0131r.<\/strong><\/p>\n","protected":false},"excerpt":{"rendered":"<p>Misyonumuz t\u00fcketiciye ekonomik, g\u00fcvenilir \u00fcr\u00fcnler sunmak, sorunlar\u0131n\u0131 \u00e7\u00f6zmek, m\u00fc\u015fteri memnuniyetini ve g\u00fcvenini sarsmamak her zaman sizlerin yan\u0131nda olmakt\u0131r.<\/p>\n","protected":false},"author":2,"featured_media":0,"parent":0,"menu_order":0,"comment_status":"closed","ping_status":"closed","template":"","meta":[],"_links":{"self":[{"href":"https:\/\/www.tempakimya.com.tr\/TURKISH\/wp-json\/wp\/v2\/pages\/18563"}],"collection":[{"href":"https:\/\/www.tempakimya.com.tr\/TURKISH\/wp-json\/wp\/v2\/pages"}],"about":[{"href":"https:\/\/www.tempakimya.com.tr\/TURKISH\/wp-json\/wp\/v2\/types\/page"}],"author":[{"embeddable":true,"href":"https:\/\/www.tempakimya.com.tr\/TURKISH\/wp-json\/wp\/v2\/users\/2"}],"replies":[{"embeddable":true,"href":"https:\/\/www.tempakimya.com.tr\/TURKISH\/wp-json\/wp\/v2\/comments?post=18563"}],"version-history":[{"count":2,"href":"https:\/\/www.tempakimya.com.tr\/TURKISH\/wp-json\/wp\/v2\/pages\/18563\/revisions"}],"predecessor-version":[{"id":18585,"href":"https:\/\/www.tempakimya.com.tr\/TURKISH\/wp-json\/wp\/v2\/pages\/18563\/revisions\/18585"}],"wp:attachment":[{"href":"https:\/\/www.tempakimya.com.tr\/TURKISH\/wp-json\/wp\/v2\/media?parent=18563"}],"curies":[{"name":"wp","href":"https:\/\/api.w.org\/{rel}","templated":true}]}}