{"id":18560,"date":"2020-10-02T10:09:51","date_gmt":"2020-10-02T07:09:51","guid":{"rendered":"https:\/\/www.tempakimya.com.tr\/TURKISH\/?page_id=18560"},"modified":"2020-10-02T10:13:38","modified_gmt":"2020-10-02T07:13:38","slug":"kariyer","status":"publish","type":"page","link":"https:\/\/www.tempakimya.com.tr\/TURKISH\/kariyer\/","title":{"rendered":"KAR\u0130YER"},"content":{"rendered":"<div id=\"quform-39d6cc\" class=\"quform quform-3 quform-theme-light quform-support-page-caching\"><form id=\"quform-form-39d6cc\" class=\"quform-form quform-form-3\" action=\"\/TURKISH\/wp-json\/wp\/v2\/pages\/18560#quform-39d6cc\" method=\"post\" enctype=\"multipart\/form-data\" novalidate=\"novalidate\" data-options=\"{&quot;id&quot;:3,&quot;uniqueId&quot;:&quot;39d6cc&quot;,&quot;theme&quot;:&quot;light&quot;,&quot;ajax&quot;:true,&quot;logic&quot;:{&quot;logic&quot;:[],&quot;dependents&quot;:[],&quot;elementIds&quot;:[],&quot;dependentElementIds&quot;:[],&quot;animate&quot;:true},&quot;currentPageId&quot;:1,&quot;errorsIcon&quot;:&quot;&quot;,&quot;updateFancybox&quot;:true,&quot;hasPages&quot;:false,&quot;pages&quot;:[1],&quot;pageProgressType&quot;:&quot;numbers&quot;,&quot;tooltipsEnabled&quot;:true,&quot;tooltipClasses&quot;:&quot;qtip-quform-dark qtip-shadow&quot;,&quot;tooltipMy&quot;:&quot;left center&quot;,&quot;tooltipAt&quot;:&quot;right center&quot;,&quot;isRtl&quot;:false,&quot;scrollOffset&quot;:-50,&quot;scrollSpeed&quot;:800}\"><button class=\"quform-default-submit\" name=\"quform_submit\" type=\"submit\" value=\"submit\"><\/button><div class=\"quform-form-inner quform-form-inner-3\"><input type=\"hidden\" name=\"quform_form_id\" value=\"3\" \/><input type=\"hidden\" name=\"quform_form_uid\" value=\"39d6cc\" \/><input type=\"hidden\" name=\"quform_count\" value=\"1\" \/><input type=\"hidden\" name=\"form_url\" value=\"https:\/\/www.tempakimya.com.tr\/TURKISH\/wp-json\/wp\/v2\/pages\/18560\" \/><input type=\"hidden\" name=\"referring_url\" value=\"\" \/><input type=\"hidden\" name=\"post_id\" value=\"\" \/><input type=\"hidden\" name=\"post_title\" value=\"\" \/><input type=\"hidden\" name=\"quform_current_page_id\" value=\"1\" \/><input type=\"hidden\" name=\"quform_csrf_token\" value=\"CseilLqQYdtCBZshdAahXTJmqQL94EgoFw233cAZ\" \/><div class=\"quform-elements quform-elements-3 quform-cf quform-responsive-elements-phone-landscape\"><div class=\"quform-element quform-element-page quform-page-1 quform-page-3_1 quform-cf quform-group-style-bordered quform-first-page quform-last-page quform-current-page\"><div class=\"quform-child-elements\"><div class=\"quform-element quform-element-row quform-element-row-3_3 quform-2-columns quform-element-row-size-fixed quform-responsive-columns-phone-landscape\"><div class=\"quform-element quform-element-column quform-element-3_4\"><div class=\"quform-element quform-element-text quform-element-3_6 quform-cf quform-element-required\"><div class=\"quform-spacer\"><div class=\"quform-label quform-label-3_6\"><label class=\"quform-label-text\" for=\"quform_3_6_39d6cc\">Ad<span class=\"quform-required\">*<\/span><\/label><\/div><div class=\"quform-inner quform-inner-text quform-inner-3_6\"><div class=\"quform-input quform-input-text quform-input-3_6 quform-cf\"><input type=\"text\" id=\"quform_3_6_39d6cc\" name=\"quform_3_6\" class=\"quform-field quform-field-text quform-field-3_6\" \/><\/div><\/div><\/div><\/div><\/div><div class=\"quform-element quform-element-column quform-element-3_5\"><div class=\"quform-element quform-element-text quform-element-3_7 quform-cf quform-element-required\"><div class=\"quform-spacer\"><div class=\"quform-label quform-label-3_7\"><label class=\"quform-label-text\" for=\"quform_3_7_39d6cc\">Soyad<span class=\"quform-required\">*<\/span><\/label><\/div><div class=\"quform-inner quform-inner-text quform-inner-3_7\"><div class=\"quform-input quform-input-text quform-input-3_7 quform-cf\"><input type=\"text\" id=\"quform_3_7_39d6cc\" name=\"quform_3_7\" class=\"quform-field quform-field-text quform-field-3_7\" \/><\/div><\/div><\/div><\/div><\/div><\/div><div class=\"quform-element quform-element-row quform-element-row-3_8 quform-2-columns quform-element-row-size-fixed quform-responsive-columns-phone-landscape\"><div class=\"quform-element quform-element-column quform-element-3_9\"><div class=\"quform-element quform-element-text quform-element-3_12 quform-cf quform-element-required\"><div class=\"quform-spacer\"><div class=\"quform-label quform-label-3_12\"><label class=\"quform-label-text\" for=\"quform_3_12_39d6cc\">Telefon<span class=\"quform-required\">*<\/span><\/label><\/div><div class=\"quform-inner quform-inner-text quform-inner-3_12\"><div class=\"quform-input quform-input-text quform-input-3_12 quform-cf\"><input type=\"text\" id=\"quform_3_12_39d6cc\" name=\"quform_3_12\" class=\"quform-field quform-field-text quform-field-3_12\" \/><\/div><\/div><\/div><\/div><\/div><div class=\"quform-element quform-element-column quform-element-3_10\"><div class=\"quform-element quform-element-text quform-element-3_11 quform-cf quform-element-required\"><div class=\"quform-spacer\"><div class=\"quform-label quform-label-3_11\"><label class=\"quform-label-text\" for=\"quform_3_11_39d6cc\">Mail<span class=\"quform-required\">*<\/span><\/label><\/div><div class=\"quform-inner quform-inner-text quform-inner-3_11\"><div class=\"quform-input quform-input-text quform-input-3_11 quform-cf\"><input type=\"text\" id=\"quform_3_11_39d6cc\" name=\"quform_3_11\" class=\"quform-field quform-field-text quform-field-3_11\" \/><\/div><\/div><\/div><\/div><\/div><\/div><div class=\"quform-element quform-element-row quform-element-row-3_15 quform-2-columns quform-element-row-size-fixed quform-responsive-columns-phone-landscape\"><div class=\"quform-element quform-element-column quform-element-3_16\"><div class=\"quform-element quform-element-date quform-element-3_37 quform-cf quform-element-required\"><div class=\"quform-spacer\"><div class=\"quform-label quform-label-3_37\"><label class=\"quform-label-text\" for=\"quform_3_37_39d6cc\">Do\u011fum Tarihi<span class=\"quform-required\">*<\/span><\/label><\/div><div class=\"quform-inner quform-inner-date quform-inner-3_37\"><div class=\"quform-input quform-input-date quform-input-3_37 quform-cf quform-has-field-icon-right\"><input type=\"text\" id=\"quform_3_37_39d6cc\" name=\"quform_3_37\" class=\"quform-field quform-field-date quform-field-3_37\" placeholder=\"YYYY-MM-DD\" data-options=\"{&quot;format&quot;:&quot;&quot;,&quot;min&quot;:&quot;&quot;,&quot;max&quot;:&quot;&quot;,&quot;start&quot;:&quot;month&quot;,&quot;depth&quot;:&quot;month&quot;,&quot;showFooter&quot;:false,&quot;locale&quot;:&quot;tr-TR&quot;,&quot;placeholder&quot;:&quot;&quot;,&quot;autoOpen&quot;:true,&quot;identifier&quot;:&quot;3_37&quot;}\" \/><span class=\"quform-field-icon quform-field-icon-right\"><i class=\"qicon-calendar\"><\/i><\/span><\/div><\/div><\/div><\/div><\/div><div class=\"quform-element quform-element-column quform-element-3_17\"><div class=\"quform-element quform-element-select quform-element-3_38 quform-cf quform-element-required\"><div class=\"quform-spacer\"><div class=\"quform-label quform-label-3_38\"><label class=\"quform-label-text\" for=\"quform_3_38_39d6cc\">Cinsiyet<span class=\"quform-required\">*<\/span><\/label><\/div><div class=\"quform-inner quform-inner-select quform-inner-3_38\"><div class=\"quform-input quform-input-select quform-input-3_38 quform-cf\"><select id=\"quform_3_38_39d6cc\" name=\"quform_3_38\" class=\"quform-field quform-field-select quform-field-3_38\"><option value=\"\" selected=\"selected\">L\u00fctfen se\u00e7in<\/option><option value=\"Kad\u0131n\">Kad\u0131n<\/option><option value=\"Erkek\">Erkek<\/option><\/select><\/div><\/div><\/div><\/div><\/div><\/div><div class=\"quform-element quform-element-row quform-element-row-3_39 quform-2-columns quform-element-row-size-fixed quform-responsive-columns-phone-landscape\"><div class=\"quform-element quform-element-column quform-element-3_40\"><div class=\"quform-element quform-element-select quform-element-3_42 quform-cf quform-element-required\"><div class=\"quform-spacer\"><div class=\"quform-label quform-label-3_42\"><label class=\"quform-label-text\" for=\"quform_3_42_39d6cc\">E\u011fitim Durumu<span class=\"quform-required\">*<\/span><\/label><\/div><div class=\"quform-inner quform-inner-select quform-inner-3_42\"><div class=\"quform-input quform-input-select quform-input-3_42 quform-cf\"><select id=\"quform_3_42_39d6cc\" name=\"quform_3_42\" class=\"quform-field quform-field-select quform-field-3_42\"><option value=\"\" selected=\"selected\">L\u00fctfen se\u00e7in<\/option><option value=\"\u0130lk\">\u0130lk<\/option><option value=\"Orta\">Orta<\/option><option value=\"Lise\">Lise<\/option><option value=\"\u00d6nlisans\">\u00d6nlisans<\/option><option value=\"Lisans\">Lisans<\/option><option value=\"Y\u00fcksek Lisans\">Y\u00fcksek Lisans<\/option><option value=\"Doktora\">Doktora<\/option><\/select><\/div><\/div><\/div><\/div><\/div><div class=\"quform-element quform-element-column quform-element-3_41\"><div class=\"quform-element quform-element-text quform-element-3_44 quform-cf quform-element-required\"><div class=\"quform-spacer\"><div class=\"quform-label quform-label-3_44\"><label class=\"quform-label-text\" for=\"quform_3_44_39d6cc\">\u00c7al\u0131\u015fmak \u0130stedi\u011finiz B\u00f6l\u00fcm<span class=\"quform-required\">*<\/span><\/label><\/div><div class=\"quform-inner quform-inner-text quform-inner-3_44\"><div class=\"quform-input quform-input-text quform-input-3_44 quform-cf\"><input type=\"text\" id=\"quform_3_44_39d6cc\" name=\"quform_3_44\" class=\"quform-field quform-field-text quform-field-3_44\" \/><\/div><\/div><\/div><\/div><\/div><\/div><div class=\"quform-element quform-element-textarea quform-element-3_45 quform-cf quform-element-required\"><div class=\"quform-spacer\"><div class=\"quform-label quform-label-3_45\"><label class=\"quform-label-text\" for=\"quform_3_45_39d6cc\">K\u0131saca Kendinizden Bahsediniz<span class=\"quform-required\">*<\/span><\/label><\/div><div class=\"quform-inner quform-inner-textarea quform-inner-3_45\"><div class=\"quform-input quform-input-textarea quform-input-3_45 quform-cf\"><textarea id=\"quform_3_45_39d6cc\" name=\"quform_3_45\" class=\"quform-field quform-field-textarea quform-field-3_45\"><\/textarea><\/div><\/div><\/div><\/div><div class=\"quform-element quform-element-file quform-element-3_46 quform-cf quform-element-optional\"><div class=\"quform-spacer\"><div class=\"quform-label quform-label-3_46\"><label class=\"quform-label-text\" for=\"quform_3_46_39d6cc\">CV Y\u00fckle (En fazla 3 mb. Uzant\u0131:Pdf, Doc veya docx)<\/label><\/div><div class=\"quform-inner quform-inner-file quform-inner-3_46\"><div class=\"quform-input quform-input-file quform-input-3_46 quform-cf quform-button-style-theme\"><input type=\"file\" id=\"quform_3_46_39d6cc\" name=\"quform_3_46[]\" class=\"quform-field quform-field-file quform-field-3_46 quform-field-file-enhanced\" data-config=\"{&quot;id&quot;:46,&quot;identifier&quot;:&quot;3_46&quot;,&quot;name&quot;:&quot;quform_3_46&quot;,&quot;max&quot;:1,&quot;size&quot;:10485760,&quot;allowedExtensions&quot;:[&quot;jpg&quot;,&quot;jpeg&quot;,&quot;png&quot;,&quot;gif&quot;],&quot;notAllowedTypeWithFilename&quot;:&quot;&#039;%filename%&#039; dosya t\\u00fcr\\u00fcne izin verilmiyor&quot;,&quot;tooBigWithFilename&quot;:&quot;&#039;%filename%&#039; dosya ad\\u0131, izin verilen maksimum dosya boyutunu a\\u015f\\u0131yor&quot;,&quot;tooMany&quot;:&quot;%max%&#039;den fazla dosya y\\u00fckleyemezsiniz&quot;,&quot;buttonType&quot;:&quot;button&quot;,&quot;buttonText&quot;:&quot;Ara\\u015ft\\u0131r...&quot;,&quot;buttonIcon&quot;:&quot;qicon-file_upload&quot;,&quot;buttonIconPosition&quot;:&quot;right&quot;}\" \/><\/div><\/div><\/div><\/div><div class=\"quform-element quform-element-captcha quform-element-3_36 quform-cf quform-element-required\"><div class=\"quform-spacer\"><div class=\"quform-label quform-label-3_36\"><label class=\"quform-label-text\" for=\"quform_3_36_39d6cc\">L\u00fctfen karakterleri yaz\u0131n<span class=\"quform-required\">*<\/span><\/label><\/div><div class=\"quform-inner quform-inner-captcha quform-inner-3_36\"><div class=\"quform-input quform-input-captcha quform-input-3_36 quform-cf\"><input type=\"text\" id=\"quform_3_36_39d6cc\" name=\"quform_3_36\" class=\"quform-field quform-field-captcha quform-field-3_36\" \/><\/div><div class=\"quform-captcha quform-cf\"><div class=\"quform-captcha-image quform-captcha-image-3_36\"><img src=\"data:image\/png;base64,iVBORw0KGgoAAAANSUhEUgAAAOYAAABQBAMAAAD\/1xTgAAAAJFBMVEX\/\/\/8iIiLj4+OsrKw9PT10dHRZWVmQkJDHx8cvLy9qamoyMjL5gdAFAAAACXBIWXMAAA7EAAAOxAGVKw4bAAADnElEQVRoge1XPXPaQBAVAksqs0YIz6QR\/ogpjceepLQ84EmJ7HjiEsZO0hrjEEqJJBO3+Qf5qdm9O\/RlcZKVmCK51wAa7b673bfvDk1TUFBQUFBQUFD4x2BN1844AwjWzghwu05K3SNKOFgboTVzdojRvqqcYm\/4pNd1quqcODcr0e18vpzr0HoSpc8aObsYw4sqlEcUfgaQTHncP5N2iVG22JeTCpTfQCCIKSml466OqdP7TXphDE\/rSRwOCclbs8Eu+z1aHWSB7UGTvnlVJiXEHU1fk+j5gutM\/9dffWhLorpuD8DFL1UmRefztRHtq8bKRvu3pYEGUCf1Ki5kAmzR5xiEGAz7Hd+yJ8+GftBinXELObYzv2uiph1Yit41eZ5JQadCKpCZkns+6jA4zEayhRrxcFs8TygTkcYqtIk9cQo5GzQE88SDiWhbXdSYwDk7RdM+xlCjhJU02BQ4d9EDXyxUB659nizQaOdbqVB94aZzYTuGDam6Oawxn0XX9IYiv1ioF0fzTprpdKYH9t0i+QRL06zFK5WA206w5Io4x3GVeCetVKvyji10q16mGPlAsfTBpnkMdg6JylkmiChqbGz0lCQx7GP2eDZoFWUsHtmC7iHKFe48FLG\/zDyJPcBYjuzDlyisA6fafmaf5CelLH6DBVJbLyjk59JIJvF0i072krUMaYt+xgB6cleOYFIii+iuhLf\/Ys\/92MVYJ9mhHHN2KHkvYwAbJS9DJr3GOjH6wUXMvcCLCXSwrTm9Yl8k0uPZ1ssaAGrZLcsZirMqOnrZzqMl01p2kTGZD8V2YGQHY69\/XoKSpmpIFsI4PXgpuHajw0xUdXuaZLQGlo\/zWYZgBSduqkmcZJlY05ar7XuxHBo5l7kGBPp95dsz8g0NJqARudctac+5gcSodTJVFZxkJ9XueMQ5Qp4ucfrMpSOIjOYjRrKJgLRVxuhWcKK30gf3deHADshsLIS3xFls6LlAomvcEnEarIWvOOcpyDKiwD8tjkqZaz5nH9tInCEXBRsYx\/VkR6EPRVfBAk4EK7Hwdx0vQPZB7PZ52D+fkJrdapwaUbaJ8zpSTffBZYYrXevxjfxqX8R5IkqcvIMj5+XNqGpWOTzmPLzEbvTUYtfqqsNQBJSDLdraTj19Rk501tNH560OfyTMIuj3A1fjbU1oglT5YbpYFfR3gPaTnI3v7988Lx8hZCVeL6yx7E+tgoKCgoKCwv+B3wp+k\/3e8F\/2AAAAAElFTkSuQmCC\" alt=\"CAPTCHA Resmi\" data-element-id=\"36\" width=\"115\" height=\"40\" \/><\/div><\/div><p class=\"quform-description quform-description-below\">Bu spam \u00f6nlememize yard\u0131mc\u0131 olur, te\u015fekk\u00fcrler.<\/p><\/div><\/div><\/div><div class=\"quform-element quform-element-submit quform-element-3_2 quform-cf quform-button-style-theme\"><div class=\"quform-button-submit quform-button-submit-default quform-button-submit-3_2\"><button name=\"quform_submit\" type=\"submit\" class=\"quform-submit\" value=\"submit\"><span class=\"quform-button-text quform-button-submit-text\">G\u00f6nder<\/span><\/button><\/div><div class=\"quform-loading quform-loading-position-left quform-loading-type-spinner-1\"><div class=\"quform-loading-inner\"><div class=\"quform-loading-spinner\"><div class=\"quform-loading-spinner-inner\"><\/div><\/div><\/div><\/div><\/div><div class=\"quform-element-tree\"><label for=\"quform_3_0_39d6cc\">Bu alan bo\u015f b\u0131rak\u0131lmal\u0131d\u0131r<\/label><input type=\"text\" id=\"quform_3_0_39d6cc\" name=\"quform_3_0\" class=\"quform-field quform-field-tree quform-field-3_0\" tabindex=\"-1\" autocomplete=\"off\" \/><\/div><\/div><\/div><\/div><div class=\"quform-upload-progress-wrap\"><div class=\"quform-upload-progress-bar-wrap\"><div class=\"quform-upload-progress-bar\"><\/div><\/div><div class=\"quform-upload-info quform-cf\"><div class=\"quform-upload-filename\"><\/div><\/div><\/div><\/div><\/form><\/div>\n","protected":false},"excerpt":{"rendered":"Ad*Soyad*Telefon*Mail*Do\u011fum Tarihi*Cinsiyet*L\u00fctfen se\u00e7inKad\u0131nErkekE\u011fitim Durumu*L\u00fctfen se\u00e7in\u0130lkOrtaLise\u00d6nlisansLisansY\u00fcksek LisansDoktora\u00c7al\u0131\u015fmak \u0130stedi\u011finiz B\u00f6l\u00fcm*K\u0131saca Kendinizden Bahsediniz*CV Y\u00fckle (En fazla 3 mb. Uzant\u0131:Pdf, Doc veya docx)L\u00fctfen karakterleri yaz\u0131n*Bu spam \u00f6nlememize yard\u0131mc\u0131 olur, te\u015fekk\u00fcrler.G\u00f6nderBu alan bo\u015f b\u0131rak\u0131lmal\u0131d\u0131r","protected":false},"author":2,"featured_media":0,"parent":0,"menu_order":0,"comment_status":"closed","ping_status":"closed","template":"","meta":[],"_links":{"self":[{"href":"https:\/\/www.tempakimya.com.tr\/TURKISH\/wp-json\/wp\/v2\/pages\/18560"}],"collection":[{"href":"https:\/\/www.tempakimya.com.tr\/TURKISH\/wp-json\/wp\/v2\/pages"}],"about":[{"href":"https:\/\/www.tempakimya.com.tr\/TURKISH\/wp-json\/wp\/v2\/types\/page"}],"author":[{"embeddable":true,"href":"https:\/\/www.tempakimya.com.tr\/TURKISH\/wp-json\/wp\/v2\/users\/2"}],"replies":[{"embeddable":true,"href":"https:\/\/www.tempakimya.com.tr\/TURKISH\/wp-json\/wp\/v2\/comments?post=18560"}],"version-history":[{"count":2,"href":"https:\/\/www.tempakimya.com.tr\/TURKISH\/wp-json\/wp\/v2\/pages\/18560\/revisions"}],"predecessor-version":[{"id":18566,"href":"https:\/\/www.tempakimya.com.tr\/TURKISH\/wp-json\/wp\/v2\/pages\/18560\/revisions\/18566"}],"wp:attachment":[{"href":"https:\/\/www.tempakimya.com.tr\/TURKISH\/wp-json\/wp\/v2\/media?parent=18560"}],"curies":[{"name":"wp","href":"https:\/\/api.w.org\/{rel}","templated":true}]}}