{"id":18551,"date":"2020-10-02T09:53:25","date_gmt":"2020-10-02T06:53:25","guid":{"rendered":"https:\/\/tempakimya.com.tr\/2020\/?page_id=18551"},"modified":"2020-10-02T09:53:25","modified_gmt":"2020-10-02T06:53:25","slug":"mini-jumbo-tuvalet-kagidi","status":"publish","type":"page","link":"https:\/\/www.tempakimya.com.tr\/TURKISH\/urunler\/kagit-grubu-ve-cop-posetleri\/mini-jumbo-tuvalet-kagidi\/","title":{"rendered":"M\u0130N\u0130 JUMBO TUVALET KA\u011eIDI"},"content":{"rendered":"<p>M\u0130N\u0130 JUMBO TUVALET KA\u011eIDI<br \/>\n%100 sel\u00fclozik bir \u00fcr\u00fcnd\u00fcr. Suda \u00e7\u00f6z\u00fcn\u00fcr. End\u00fcstriyel kullan\u0131mlar i\u00e7indir.<\/p>\n","protected":false},"excerpt":{"rendered":"<p>M\u0130N\u0130 JUMBO TUVALET KA\u011eIDI %100 sel\u00fclozik bir \u00fcr\u00fcnd\u00fcr. Suda \u00e7\u00f6z\u00fcn\u00fcr. End\u00fcstriyel kullan\u0131mlar i\u00e7indir.<\/p>\n","protected":false},"author":2,"featured_media":0,"parent":17926,"menu_order":0,"comment_status":"closed","ping_status":"closed","template":"","meta":[],"_links":{"self":[{"href":"https:\/\/www.tempakimya.com.tr\/TURKISH\/wp-json\/wp\/v2\/pages\/18551"}],"collection":[{"href":"https:\/\/www.tempakimya.com.tr\/TURKISH\/wp-json\/wp\/v2\/pages"}],"about":[{"href":"https:\/\/www.tempakimya.com.tr\/TURKISH\/wp-json\/wp\/v2\/types\/page"}],"author":[{"embeddable":true,"href":"https:\/\/www.tempakimya.com.tr\/TURKISH\/wp-json\/wp\/v2\/users\/2"}],"replies":[{"embeddable":true,"href":"https:\/\/www.tempakimya.com.tr\/TURKISH\/wp-json\/wp\/v2\/comments?post=18551"}],"version-history":[{"count":1,"href":"https:\/\/www.tempakimya.com.tr\/TURKISH\/wp-json\/wp\/v2\/pages\/18551\/revisions"}],"predecessor-version":[{"id":18552,"href":"https:\/\/www.tempakimya.com.tr\/TURKISH\/wp-json\/wp\/v2\/pages\/18551\/revisions\/18552"}],"up":[{"embeddable":true,"href":"https:\/\/www.tempakimya.com.tr\/TURKISH\/wp-json\/wp\/v2\/pages\/17926"}],"wp:attachment":[{"href":"https:\/\/www.tempakimya.com.tr\/TURKISH\/wp-json\/wp\/v2\/media?parent=18551"}],"curies":[{"name":"wp","href":"https:\/\/api.w.org\/{rel}","templated":true}]}}