{"id":18549,"date":"2020-10-02T09:53:06","date_gmt":"2020-10-02T06:53:06","guid":{"rendered":"https:\/\/tempakimya.com.tr\/2020\/?page_id=18549"},"modified":"2020-10-02T09:53:06","modified_gmt":"2020-10-02T06:53:06","slug":"icten-cekmeli-rulo-havlu","status":"publish","type":"page","link":"https:\/\/www.tempakimya.com.tr\/TURKISH\/urunler\/kagit-grubu-ve-cop-posetleri\/icten-cekmeli-rulo-havlu\/","title":{"rendered":"\u0130\u00c7TEN \u00c7EKMEL\u0130 RULO HAVLU"},"content":{"rendered":"<p>\u0130\u00c7TEN \u00c7EKMEL\u0130 RULO HAVLU<\/p>\n<p>%100 sel\u00fclozik bir \u00fcr\u00fcnd\u00fcr. Suda zor \u00e7\u00f6z\u00fcn\u00fcr. Giderlere atmay\u0131n\u0131z. End\u00fcstriyel kullan\u0131mlar i\u00e7indir.<\/p>\n","protected":false},"excerpt":{"rendered":"<p>\u0130\u00c7TEN \u00c7EKMEL\u0130 RULO HAVLU %100 sel\u00fclozik bir \u00fcr\u00fcnd\u00fcr. Suda zor \u00e7\u00f6z\u00fcn\u00fcr. Giderlere atmay\u0131n\u0131z. End\u00fcstriyel kullan\u0131mlar i\u00e7indir.<\/p>\n","protected":false},"author":2,"featured_media":0,"parent":17926,"menu_order":0,"comment_status":"closed","ping_status":"closed","template":"","meta":[],"_links":{"self":[{"href":"https:\/\/www.tempakimya.com.tr\/TURKISH\/wp-json\/wp\/v2\/pages\/18549"}],"collection":[{"href":"https:\/\/www.tempakimya.com.tr\/TURKISH\/wp-json\/wp\/v2\/pages"}],"about":[{"href":"https:\/\/www.tempakimya.com.tr\/TURKISH\/wp-json\/wp\/v2\/types\/page"}],"author":[{"embeddable":true,"href":"https:\/\/www.tempakimya.com.tr\/TURKISH\/wp-json\/wp\/v2\/users\/2"}],"replies":[{"embeddable":true,"href":"https:\/\/www.tempakimya.com.tr\/TURKISH\/wp-json\/wp\/v2\/comments?post=18549"}],"version-history":[{"count":1,"href":"https:\/\/www.tempakimya.com.tr\/TURKISH\/wp-json\/wp\/v2\/pages\/18549\/revisions"}],"predecessor-version":[{"id":18550,"href":"https:\/\/www.tempakimya.com.tr\/TURKISH\/wp-json\/wp\/v2\/pages\/18549\/revisions\/18550"}],"up":[{"embeddable":true,"href":"https:\/\/www.tempakimya.com.tr\/TURKISH\/wp-json\/wp\/v2\/pages\/17926"}],"wp:attachment":[{"href":"https:\/\/www.tempakimya.com.tr\/TURKISH\/wp-json\/wp\/v2\/media?parent=18549"}],"curies":[{"name":"wp","href":"https:\/\/api.w.org\/{rel}","templated":true}]}}