{"id":18547,"date":"2020-10-02T09:52:48","date_gmt":"2020-10-02T06:52:48","guid":{"rendered":"https:\/\/tempakimya.com.tr\/2020\/?page_id=18547"},"modified":"2020-10-02T09:52:48","modified_gmt":"2020-10-02T06:52:48","slug":"z-katli-dispanser-havlu","status":"publish","type":"page","link":"https:\/\/www.tempakimya.com.tr\/TURKISH\/urunler\/kagit-grubu-ve-cop-posetleri\/z-katli-dispanser-havlu\/","title":{"rendered":"Z KATLI D\u0130SPANSER HAVLU"},"content":{"rendered":"<p>Z KATLI D\u0130SPANSER HAVLU<\/p>\n<p>%100 sel\u00fclozik bir \u00fcr\u00fcnd\u00fcr. Suda zor \u00e7\u00f6z\u00fcn\u00fcr. Giderlere atmay\u0131n\u0131z. End\u00fcstriyel kullan\u0131mlar i\u00e7indir.<\/p>\n","protected":false},"excerpt":{"rendered":"<p>Z KATLI D\u0130SPANSER HAVLU %100 sel\u00fclozik bir \u00fcr\u00fcnd\u00fcr. Suda zor \u00e7\u00f6z\u00fcn\u00fcr. Giderlere atmay\u0131n\u0131z. End\u00fcstriyel kullan\u0131mlar i\u00e7indir.<\/p>\n","protected":false},"author":2,"featured_media":0,"parent":17926,"menu_order":0,"comment_status":"closed","ping_status":"closed","template":"","meta":[],"_links":{"self":[{"href":"https:\/\/www.tempakimya.com.tr\/TURKISH\/wp-json\/wp\/v2\/pages\/18547"}],"collection":[{"href":"https:\/\/www.tempakimya.com.tr\/TURKISH\/wp-json\/wp\/v2\/pages"}],"about":[{"href":"https:\/\/www.tempakimya.com.tr\/TURKISH\/wp-json\/wp\/v2\/types\/page"}],"author":[{"embeddable":true,"href":"https:\/\/www.tempakimya.com.tr\/TURKISH\/wp-json\/wp\/v2\/users\/2"}],"replies":[{"embeddable":true,"href":"https:\/\/www.tempakimya.com.tr\/TURKISH\/wp-json\/wp\/v2\/comments?post=18547"}],"version-history":[{"count":1,"href":"https:\/\/www.tempakimya.com.tr\/TURKISH\/wp-json\/wp\/v2\/pages\/18547\/revisions"}],"predecessor-version":[{"id":18548,"href":"https:\/\/www.tempakimya.com.tr\/TURKISH\/wp-json\/wp\/v2\/pages\/18547\/revisions\/18548"}],"up":[{"embeddable":true,"href":"https:\/\/www.tempakimya.com.tr\/TURKISH\/wp-json\/wp\/v2\/pages\/17926"}],"wp:attachment":[{"href":"https:\/\/www.tempakimya.com.tr\/TURKISH\/wp-json\/wp\/v2\/media?parent=18547"}],"curies":[{"name":"wp","href":"https:\/\/api.w.org\/{rel}","templated":true}]}}