{"id":18545,"date":"2020-10-02T09:52:27","date_gmt":"2020-10-02T06:52:27","guid":{"rendered":"https:\/\/tempakimya.com.tr\/2020\/?page_id=18545"},"modified":"2020-10-02T09:52:27","modified_gmt":"2020-10-02T06:52:27","slug":"rulo-havlu","status":"publish","type":"page","link":"https:\/\/www.tempakimya.com.tr\/TURKISH\/urunler\/kagit-grubu-ve-cop-posetleri\/rulo-havlu\/","title":{"rendered":"RULO HAVLU"},"content":{"rendered":"<p>RULO HAVLU<\/p>\n<p>%100 sel\u00fclozik bir \u00fcr\u00fcnd\u00fcr. Ev tipi \u015feklindedir. Suda \u00e7\u00f6z\u00fcn\u00fcr. Mukavemeti y\u00fcksek oldu\u011fundan giderlere atmay\u0131n\u0131z.<\/p>\n","protected":false},"excerpt":{"rendered":"<p>RULO HAVLU %100 sel\u00fclozik bir \u00fcr\u00fcnd\u00fcr. Ev tipi \u015feklindedir. Suda \u00e7\u00f6z\u00fcn\u00fcr. Mukavemeti y\u00fcksek oldu\u011fundan giderlere atmay\u0131n\u0131z.<\/p>\n","protected":false},"author":2,"featured_media":0,"parent":17926,"menu_order":0,"comment_status":"closed","ping_status":"closed","template":"","meta":[],"_links":{"self":[{"href":"https:\/\/www.tempakimya.com.tr\/TURKISH\/wp-json\/wp\/v2\/pages\/18545"}],"collection":[{"href":"https:\/\/www.tempakimya.com.tr\/TURKISH\/wp-json\/wp\/v2\/pages"}],"about":[{"href":"https:\/\/www.tempakimya.com.tr\/TURKISH\/wp-json\/wp\/v2\/types\/page"}],"author":[{"embeddable":true,"href":"https:\/\/www.tempakimya.com.tr\/TURKISH\/wp-json\/wp\/v2\/users\/2"}],"replies":[{"embeddable":true,"href":"https:\/\/www.tempakimya.com.tr\/TURKISH\/wp-json\/wp\/v2\/comments?post=18545"}],"version-history":[{"count":1,"href":"https:\/\/www.tempakimya.com.tr\/TURKISH\/wp-json\/wp\/v2\/pages\/18545\/revisions"}],"predecessor-version":[{"id":18546,"href":"https:\/\/www.tempakimya.com.tr\/TURKISH\/wp-json\/wp\/v2\/pages\/18545\/revisions\/18546"}],"up":[{"embeddable":true,"href":"https:\/\/www.tempakimya.com.tr\/TURKISH\/wp-json\/wp\/v2\/pages\/17926"}],"wp:attachment":[{"href":"https:\/\/www.tempakimya.com.tr\/TURKISH\/wp-json\/wp\/v2\/media?parent=18545"}],"curies":[{"name":"wp","href":"https:\/\/api.w.org\/{rel}","templated":true}]}}