{"id":18543,"date":"2020-10-02T09:52:04","date_gmt":"2020-10-02T06:52:04","guid":{"rendered":"https:\/\/tempakimya.com.tr\/2020\/?page_id=18543"},"modified":"2020-10-02T09:52:04","modified_gmt":"2020-10-02T06:52:04","slug":"tuvalet-kagidi","status":"publish","type":"page","link":"https:\/\/www.tempakimya.com.tr\/TURKISH\/urunler\/kagit-grubu-ve-cop-posetleri\/tuvalet-kagidi\/","title":{"rendered":"TUVALET KA\u011eIDI"},"content":{"rendered":"<p>TUVALET KA\u011eIDI<\/p>\n<p>%100 sel\u00fclozik bir \u00fcr\u00fcnd\u00fcr. Ev tipi \u015feklindendir. Suda \u00e7\u00f6z\u00fcn\u00fcr.<br \/>\n<strong>Kullan\u0131m \u015eekli:<\/strong> Plastik ve meral aparatlarda kullan\u0131l\u0131r.<\/p>\n","protected":false},"excerpt":{"rendered":"<p>TUVALET KA\u011eIDI %100 sel\u00fclozik bir \u00fcr\u00fcnd\u00fcr. Ev tipi \u015feklindendir. Suda \u00e7\u00f6z\u00fcn\u00fcr. Kullan\u0131m \u015eekli: Plastik ve meral aparatlarda kullan\u0131l\u0131r.<\/p>\n","protected":false},"author":2,"featured_media":0,"parent":17926,"menu_order":0,"comment_status":"closed","ping_status":"closed","template":"","meta":[],"_links":{"self":[{"href":"https:\/\/www.tempakimya.com.tr\/TURKISH\/wp-json\/wp\/v2\/pages\/18543"}],"collection":[{"href":"https:\/\/www.tempakimya.com.tr\/TURKISH\/wp-json\/wp\/v2\/pages"}],"about":[{"href":"https:\/\/www.tempakimya.com.tr\/TURKISH\/wp-json\/wp\/v2\/types\/page"}],"author":[{"embeddable":true,"href":"https:\/\/www.tempakimya.com.tr\/TURKISH\/wp-json\/wp\/v2\/users\/2"}],"replies":[{"embeddable":true,"href":"https:\/\/www.tempakimya.com.tr\/TURKISH\/wp-json\/wp\/v2\/comments?post=18543"}],"version-history":[{"count":1,"href":"https:\/\/www.tempakimya.com.tr\/TURKISH\/wp-json\/wp\/v2\/pages\/18543\/revisions"}],"predecessor-version":[{"id":18544,"href":"https:\/\/www.tempakimya.com.tr\/TURKISH\/wp-json\/wp\/v2\/pages\/18543\/revisions\/18544"}],"up":[{"embeddable":true,"href":"https:\/\/www.tempakimya.com.tr\/TURKISH\/wp-json\/wp\/v2\/pages\/17926"}],"wp:attachment":[{"href":"https:\/\/www.tempakimya.com.tr\/TURKISH\/wp-json\/wp\/v2\/media?parent=18543"}],"curies":[{"name":"wp","href":"https:\/\/api.w.org\/{rel}","templated":true}]}}