{"id":18541,"date":"2020-10-02T09:51:40","date_gmt":"2020-10-02T06:51:40","guid":{"rendered":"https:\/\/tempakimya.com.tr\/2020\/?page_id=18541"},"modified":"2020-10-02T09:51:40","modified_gmt":"2020-10-02T06:51:40","slug":"cop-posetleri-mini-orta-buyuk-jumbo-battal","status":"publish","type":"page","link":"https:\/\/www.tempakimya.com.tr\/TURKISH\/urunler\/kagit-grubu-ve-cop-posetleri\/cop-posetleri-mini-orta-buyuk-jumbo-battal\/","title":{"rendered":"\u00c7\u00d6P PO\u015eETLER\u0130 M\u0130N\u0130-ORTA-B\u00dcY\u00dcK-JUMBO-BATTAL"},"content":{"rendered":"<p>\u00c7\u00d6P PO\u015eETLER\u0130 M\u0130N\u0130-ORTA-B\u00dcY\u00dcK-JUMBO-BATTAL<br \/>\nKullan\u0131lacak \u00e7\u00f6p kovas\u0131n\u0131n b\u00fcy\u00fckl\u00fc\u011f\u00fcne gore mini, orta, b\u00fcy\u00fck, jumbo ve battal boy ebatlar\u0131nda \u00e7\u00f6p po\u015fetleri bulunur. Her t\u00fcrl\u00fc d\u00f6kme \u00e7\u00f6p po\u015fetleri de mevcuttur.<\/p>\n","protected":false},"excerpt":{"rendered":"<p>\u00c7\u00d6P PO\u015eETLER\u0130 M\u0130N\u0130-ORTA-B\u00dcY\u00dcK-JUMBO-BATTAL Kullan\u0131lacak \u00e7\u00f6p kovas\u0131n\u0131n b\u00fcy\u00fckl\u00fc\u011f\u00fcne gore mini, orta, b\u00fcy\u00fck, jumbo ve battal boy ebatlar\u0131nda \u00e7\u00f6p po\u015fetleri bulunur. Her t\u00fcrl\u00fc d\u00f6kme \u00e7\u00f6p po\u015fetleri de mevcuttur.<\/p>\n","protected":false},"author":2,"featured_media":0,"parent":17926,"menu_order":0,"comment_status":"closed","ping_status":"closed","template":"","meta":[],"_links":{"self":[{"href":"https:\/\/www.tempakimya.com.tr\/TURKISH\/wp-json\/wp\/v2\/pages\/18541"}],"collection":[{"href":"https:\/\/www.tempakimya.com.tr\/TURKISH\/wp-json\/wp\/v2\/pages"}],"about":[{"href":"https:\/\/www.tempakimya.com.tr\/TURKISH\/wp-json\/wp\/v2\/types\/page"}],"author":[{"embeddable":true,"href":"https:\/\/www.tempakimya.com.tr\/TURKISH\/wp-json\/wp\/v2\/users\/2"}],"replies":[{"embeddable":true,"href":"https:\/\/www.tempakimya.com.tr\/TURKISH\/wp-json\/wp\/v2\/comments?post=18541"}],"version-history":[{"count":1,"href":"https:\/\/www.tempakimya.com.tr\/TURKISH\/wp-json\/wp\/v2\/pages\/18541\/revisions"}],"predecessor-version":[{"id":18542,"href":"https:\/\/www.tempakimya.com.tr\/TURKISH\/wp-json\/wp\/v2\/pages\/18541\/revisions\/18542"}],"up":[{"embeddable":true,"href":"https:\/\/www.tempakimya.com.tr\/TURKISH\/wp-json\/wp\/v2\/pages\/17926"}],"wp:attachment":[{"href":"https:\/\/www.tempakimya.com.tr\/TURKISH\/wp-json\/wp\/v2\/media?parent=18541"}],"curies":[{"name":"wp","href":"https:\/\/api.w.org\/{rel}","templated":true}]}}