{"id":18539,"date":"2020-10-02T09:51:19","date_gmt":"2020-10-02T06:51:19","guid":{"rendered":"https:\/\/tempakimya.com.tr\/2020\/?page_id=18539"},"modified":"2020-10-02T09:51:19","modified_gmt":"2020-10-02T06:51:19","slug":"pecete","status":"publish","type":"page","link":"https:\/\/www.tempakimya.com.tr\/TURKISH\/urunler\/kagit-grubu-ve-cop-posetleri\/pecete\/","title":{"rendered":"PE\u00c7ETE"},"content":{"rendered":"<p>PE\u00c7ETE<\/p>\n<p>%100 sel\u00fclozik bir \u00fcr\u00fcnd\u00fcr. Evsel kullan\u0131mlar i\u00e7indir.<\/p>\n","protected":false},"excerpt":{"rendered":"<p>PE\u00c7ETE %100 sel\u00fclozik bir \u00fcr\u00fcnd\u00fcr. Evsel kullan\u0131mlar i\u00e7indir.<\/p>\n","protected":false},"author":2,"featured_media":0,"parent":17926,"menu_order":0,"comment_status":"closed","ping_status":"closed","template":"","meta":[],"_links":{"self":[{"href":"https:\/\/www.tempakimya.com.tr\/TURKISH\/wp-json\/wp\/v2\/pages\/18539"}],"collection":[{"href":"https:\/\/www.tempakimya.com.tr\/TURKISH\/wp-json\/wp\/v2\/pages"}],"about":[{"href":"https:\/\/www.tempakimya.com.tr\/TURKISH\/wp-json\/wp\/v2\/types\/page"}],"author":[{"embeddable":true,"href":"https:\/\/www.tempakimya.com.tr\/TURKISH\/wp-json\/wp\/v2\/users\/2"}],"replies":[{"embeddable":true,"href":"https:\/\/www.tempakimya.com.tr\/TURKISH\/wp-json\/wp\/v2\/comments?post=18539"}],"version-history":[{"count":1,"href":"https:\/\/www.tempakimya.com.tr\/TURKISH\/wp-json\/wp\/v2\/pages\/18539\/revisions"}],"predecessor-version":[{"id":18540,"href":"https:\/\/www.tempakimya.com.tr\/TURKISH\/wp-json\/wp\/v2\/pages\/18539\/revisions\/18540"}],"up":[{"embeddable":true,"href":"https:\/\/www.tempakimya.com.tr\/TURKISH\/wp-json\/wp\/v2\/pages\/17926"}],"wp:attachment":[{"href":"https:\/\/www.tempakimya.com.tr\/TURKISH\/wp-json\/wp\/v2\/media?parent=18539"}],"curies":[{"name":"wp","href":"https:\/\/api.w.org\/{rel}","templated":true}]}}