{"id":18537,"date":"2020-10-02T09:50:56","date_gmt":"2020-10-02T06:50:56","guid":{"rendered":"https:\/\/tempakimya.com.tr\/2020\/?page_id=18537"},"modified":"2020-10-02T09:50:56","modified_gmt":"2020-10-02T06:50:56","slug":"dispenser-pecete","status":"publish","type":"page","link":"https:\/\/www.tempakimya.com.tr\/TURKISH\/urunler\/kagit-grubu-ve-cop-posetleri\/dispenser-pecete\/","title":{"rendered":"D\u0130SPENSER PE\u00c7ETE"},"content":{"rendered":"<p>D\u0130SPENSER PE\u00c7ETE<\/p>\n<p>%100 sel\u00fclozik bir \u00fcr\u00fcnd\u00fcr. End\u00fcstriyel ve evsel kullan\u0131mlar i\u00e7in uygundur.<\/p>\n<p><strong>Kullan\u0131m \u015eekli:<\/strong> Plastik ve metal aparatlarda kullan\u0131l\u0131r.<\/p>\n","protected":false},"excerpt":{"rendered":"<p>D\u0130SPENSER PE\u00c7ETE %100 sel\u00fclozik bir \u00fcr\u00fcnd\u00fcr. End\u00fcstriyel ve evsel kullan\u0131mlar i\u00e7in uygundur. Kullan\u0131m \u015eekli: Plastik ve metal aparatlarda kullan\u0131l\u0131r.<\/p>\n","protected":false},"author":2,"featured_media":0,"parent":17926,"menu_order":0,"comment_status":"closed","ping_status":"closed","template":"","meta":[],"_links":{"self":[{"href":"https:\/\/www.tempakimya.com.tr\/TURKISH\/wp-json\/wp\/v2\/pages\/18537"}],"collection":[{"href":"https:\/\/www.tempakimya.com.tr\/TURKISH\/wp-json\/wp\/v2\/pages"}],"about":[{"href":"https:\/\/www.tempakimya.com.tr\/TURKISH\/wp-json\/wp\/v2\/types\/page"}],"author":[{"embeddable":true,"href":"https:\/\/www.tempakimya.com.tr\/TURKISH\/wp-json\/wp\/v2\/users\/2"}],"replies":[{"embeddable":true,"href":"https:\/\/www.tempakimya.com.tr\/TURKISH\/wp-json\/wp\/v2\/comments?post=18537"}],"version-history":[{"count":1,"href":"https:\/\/www.tempakimya.com.tr\/TURKISH\/wp-json\/wp\/v2\/pages\/18537\/revisions"}],"predecessor-version":[{"id":18538,"href":"https:\/\/www.tempakimya.com.tr\/TURKISH\/wp-json\/wp\/v2\/pages\/18537\/revisions\/18538"}],"up":[{"embeddable":true,"href":"https:\/\/www.tempakimya.com.tr\/TURKISH\/wp-json\/wp\/v2\/pages\/17926"}],"wp:attachment":[{"href":"https:\/\/www.tempakimya.com.tr\/TURKISH\/wp-json\/wp\/v2\/media?parent=18537"}],"curies":[{"name":"wp","href":"https:\/\/api.w.org\/{rel}","templated":true}]}}