{"id":18533,"date":"2020-10-02T09:49:38","date_gmt":"2020-10-02T06:49:38","guid":{"rendered":"https:\/\/tempakimya.com.tr\/2020\/?page_id=18533"},"modified":"2020-10-02T09:49:38","modified_gmt":"2020-10-02T06:49:38","slug":"icten-cekmeli-tuvalet-kagidi","status":"publish","type":"page","link":"https:\/\/www.tempakimya.com.tr\/TURKISH\/urunler\/kagit-grubu-ve-cop-posetleri\/icten-cekmeli-tuvalet-kagidi\/","title":{"rendered":"\u0130\u00c7TEN \u00c7EKMEL\u0130 TUVALET KA\u011eIDI"},"content":{"rendered":"<p>\u0130\u00c7TEN \u00c7EKMEL\u0130 TUVALET KA\u011eIDI<\/p>\n<p>%100 sel\u00fclozik bir \u00fcr\u00fcnd\u00fcr. End\u00fcstriyel kullan\u0131mlar i\u00e7indir. Suda \u00e7\u00f6z\u00fcn\u00fcr.<\/p>\n<p>Kullan\u0131m \u015eekli: Metal ve plastic aparatlarda kullan\u0131l\u0131r. Rulonun i\u00e7 taraf\u0131ndan \u00e7ekilerek aparata yerle\u015ftirilir.<\/p>\n","protected":false},"excerpt":{"rendered":"<p>\u0130\u00c7TEN \u00c7EKMEL\u0130 TUVALET KA\u011eIDI %100 sel\u00fclozik bir \u00fcr\u00fcnd\u00fcr. End\u00fcstriyel kullan\u0131mlar i\u00e7indir. Suda \u00e7\u00f6z\u00fcn\u00fcr. Kullan\u0131m \u015eekli: Metal ve plastic aparatlarda kullan\u0131l\u0131r. Rulonun i\u00e7 taraf\u0131ndan \u00e7ekilerek aparata yerle\u015ftirilir.<\/p>\n","protected":false},"author":2,"featured_media":0,"parent":17926,"menu_order":0,"comment_status":"closed","ping_status":"closed","template":"","meta":[],"_links":{"self":[{"href":"https:\/\/www.tempakimya.com.tr\/TURKISH\/wp-json\/wp\/v2\/pages\/18533"}],"collection":[{"href":"https:\/\/www.tempakimya.com.tr\/TURKISH\/wp-json\/wp\/v2\/pages"}],"about":[{"href":"https:\/\/www.tempakimya.com.tr\/TURKISH\/wp-json\/wp\/v2\/types\/page"}],"author":[{"embeddable":true,"href":"https:\/\/www.tempakimya.com.tr\/TURKISH\/wp-json\/wp\/v2\/users\/2"}],"replies":[{"embeddable":true,"href":"https:\/\/www.tempakimya.com.tr\/TURKISH\/wp-json\/wp\/v2\/comments?post=18533"}],"version-history":[{"count":1,"href":"https:\/\/www.tempakimya.com.tr\/TURKISH\/wp-json\/wp\/v2\/pages\/18533\/revisions"}],"predecessor-version":[{"id":18534,"href":"https:\/\/www.tempakimya.com.tr\/TURKISH\/wp-json\/wp\/v2\/pages\/18533\/revisions\/18534"}],"up":[{"embeddable":true,"href":"https:\/\/www.tempakimya.com.tr\/TURKISH\/wp-json\/wp\/v2\/pages\/17926"}],"wp:attachment":[{"href":"https:\/\/www.tempakimya.com.tr\/TURKISH\/wp-json\/wp\/v2\/media?parent=18533"}],"curies":[{"name":"wp","href":"https:\/\/api.w.org\/{rel}","templated":true}]}}