{"id":18411,"date":"2020-09-24T17:26:51","date_gmt":"2020-09-24T14:26:51","guid":{"rendered":"https:\/\/tempakimya.com.tr\/2020\/?page_id=18411"},"modified":"2020-10-02T09:48:45","modified_gmt":"2020-10-02T06:48:45","slug":"maby-tec-t-60-beton-serbeti","status":"publish","type":"page","link":"https:\/\/www.tempakimya.com.tr\/TURKISH\/urunler\/beton-temizleme-grubu\/maby-tec-t-60-beton-serbeti\/","title":{"rendered":"MABY TEC T 60 BETON \u015eERBET\u0130"},"content":{"rendered":"<p>MABY TEC T 60 BETON \u015eERBET\u0130<\/p>\n<p><strong>Kullan\u0131m Alanlar\u0131:<\/strong> Beton pompalar\u0131n\u0131n y\u00fcksek katlara bas\u0131lma i\u015fleminde boru y\u00fczeyinde beton bula\u015fmas\u0131n\u0131 engelleyen \u015fap yerine uygulanan do\u011fa dostu etkin bir \u00fcr\u00fcnd\u00fcr.<\/p>\n<p><strong>Kullan\u0131m \u015eekli:<\/strong> Sabit ve gezici pompan\u0131n kar\u0131\u015ft\u0131r\u0131c\u0131 haznesine (hazne miktar\u0131 kadar) su ilave edilir. Her 22 mt.lik pompa i\u00e7in 150 grl\u0131k bir po\u015fet TEC T 60 ilave edilir ve 15-20 dk kar\u0131\u015ft\u0131r\u0131l\u0131r. Sonras\u0131nda beton \u00f6ncesinde borular\u0131n ya\u011flanmas\u0131 i\u00e7in tatbik edilir. Beton sonras\u0131nda kolayl\u0131kla istenilen kata bas\u0131l\u0131r.<\/p>\n","protected":false},"excerpt":{"rendered":"<p>MABY TEC T 60 BETON \u015eERBET\u0130 Kullan\u0131m Alanlar\u0131: Beton pompalar\u0131n\u0131n y\u00fcksek katlara bas\u0131lma i\u015fleminde boru y\u00fczeyinde beton bula\u015fmas\u0131n\u0131 engelleyen \u015fap yerine uygulanan do\u011fa dostu etkin bir \u00fcr\u00fcnd\u00fcr. Kullan\u0131m \u015eekli: Sabit ve gezici pompan\u0131n kar\u0131\u015ft\u0131r\u0131c\u0131 haznesine (hazne miktar\u0131 kadar) su ilave edilir. Her 22 mt.lik pompa i\u00e7in 150 grl\u0131k bir po\u015fet TEC T 60 ilave edilir [&hellip;]<\/p>\n","protected":false},"author":2,"featured_media":0,"parent":17924,"menu_order":0,"comment_status":"closed","ping_status":"closed","template":"","meta":[],"_links":{"self":[{"href":"https:\/\/www.tempakimya.com.tr\/TURKISH\/wp-json\/wp\/v2\/pages\/18411"}],"collection":[{"href":"https:\/\/www.tempakimya.com.tr\/TURKISH\/wp-json\/wp\/v2\/pages"}],"about":[{"href":"https:\/\/www.tempakimya.com.tr\/TURKISH\/wp-json\/wp\/v2\/types\/page"}],"author":[{"embeddable":true,"href":"https:\/\/www.tempakimya.com.tr\/TURKISH\/wp-json\/wp\/v2\/users\/2"}],"replies":[{"embeddable":true,"href":"https:\/\/www.tempakimya.com.tr\/TURKISH\/wp-json\/wp\/v2\/comments?post=18411"}],"version-history":[{"count":2,"href":"https:\/\/www.tempakimya.com.tr\/TURKISH\/wp-json\/wp\/v2\/pages\/18411\/revisions"}],"predecessor-version":[{"id":18532,"href":"https:\/\/www.tempakimya.com.tr\/TURKISH\/wp-json\/wp\/v2\/pages\/18411\/revisions\/18532"}],"up":[{"embeddable":true,"href":"https:\/\/www.tempakimya.com.tr\/TURKISH\/wp-json\/wp\/v2\/pages\/17924"}],"wp:attachment":[{"href":"https:\/\/www.tempakimya.com.tr\/TURKISH\/wp-json\/wp\/v2\/media?parent=18411"}],"curies":[{"name":"wp","href":"https:\/\/api.w.org\/{rel}","templated":true}]}}