{"id":18409,"date":"2020-09-24T17:26:31","date_gmt":"2020-09-24T14:26:31","guid":{"rendered":"https:\/\/tempakimya.com.tr\/2020\/?page_id=18409"},"modified":"2020-10-02T09:48:33","modified_gmt":"2020-10-02T06:48:33","slug":"maby-tec-mikser-kupa-ve-kasa-parlatici","status":"publish","type":"page","link":"https:\/\/www.tempakimya.com.tr\/TURKISH\/urunler\/beton-temizleme-grubu\/maby-tec-mikser-kupa-ve-kasa-parlatici\/","title":{"rendered":"MABY TEC M\u0130KSER KUPA VE KASA PARLATICI"},"content":{"rendered":"<p>MABY TEC M\u0130KSER KUPA VE KASA PARLATICI<\/p>\n<p><strong>Kullan\u0131m Alanlar\u0131:<\/strong> Beton mikser ve pompa ara\u00e7lar\u0131n\u0131n y\u0131pranm\u0131\u015f boyalar\u0131n\u0131n ekstra parlamas\u0131nda ve \u00fczerindeki pisliklerin temizlenmesinde etkin bir malzemedir.<\/p>\n<p><strong>Kullan\u0131m \u015eekli:<\/strong> 1\/3-1\/20 konsantredir. Y\u00fczeye p\u00fcsk\u00fcrt\u00fclerek veya f\u0131r\u00e7a ile uygulan\u0131r.<\/p>\n","protected":false},"excerpt":{"rendered":"<p>MABY TEC M\u0130KSER KUPA VE KASA PARLATICI Kullan\u0131m Alanlar\u0131: Beton mikser ve pompa ara\u00e7lar\u0131n\u0131n y\u0131pranm\u0131\u015f boyalar\u0131n\u0131n ekstra parlamas\u0131nda ve \u00fczerindeki pisliklerin temizlenmesinde etkin bir malzemedir. Kullan\u0131m \u015eekli: 1\/3-1\/20 konsantredir. Y\u00fczeye p\u00fcsk\u00fcrt\u00fclerek veya f\u0131r\u00e7a ile uygulan\u0131r.<\/p>\n","protected":false},"author":2,"featured_media":0,"parent":17924,"menu_order":0,"comment_status":"closed","ping_status":"closed","template":"","meta":[],"_links":{"self":[{"href":"https:\/\/www.tempakimya.com.tr\/TURKISH\/wp-json\/wp\/v2\/pages\/18409"}],"collection":[{"href":"https:\/\/www.tempakimya.com.tr\/TURKISH\/wp-json\/wp\/v2\/pages"}],"about":[{"href":"https:\/\/www.tempakimya.com.tr\/TURKISH\/wp-json\/wp\/v2\/types\/page"}],"author":[{"embeddable":true,"href":"https:\/\/www.tempakimya.com.tr\/TURKISH\/wp-json\/wp\/v2\/users\/2"}],"replies":[{"embeddable":true,"href":"https:\/\/www.tempakimya.com.tr\/TURKISH\/wp-json\/wp\/v2\/comments?post=18409"}],"version-history":[{"count":2,"href":"https:\/\/www.tempakimya.com.tr\/TURKISH\/wp-json\/wp\/v2\/pages\/18409\/revisions"}],"predecessor-version":[{"id":18531,"href":"https:\/\/www.tempakimya.com.tr\/TURKISH\/wp-json\/wp\/v2\/pages\/18409\/revisions\/18531"}],"up":[{"embeddable":true,"href":"https:\/\/www.tempakimya.com.tr\/TURKISH\/wp-json\/wp\/v2\/pages\/17924"}],"wp:attachment":[{"href":"https:\/\/www.tempakimya.com.tr\/TURKISH\/wp-json\/wp\/v2\/media?parent=18409"}],"curies":[{"name":"wp","href":"https:\/\/api.w.org\/{rel}","templated":true}]}}