{"id":18405,"date":"2020-09-24T17:25:43","date_gmt":"2020-09-24T14:25:43","guid":{"rendered":"https:\/\/tempakimya.com.tr\/2020\/?page_id=18405"},"modified":"2020-10-02T09:48:08","modified_gmt":"2020-10-02T06:48:08","slug":"maby-tech-fnh-9-c-koruyuculu-beton-sokucu-ve-tem","status":"publish","type":"page","link":"https:\/\/www.tempakimya.com.tr\/TURKISH\/urunler\/beton-temizleme-grubu\/maby-tech-fnh-9-c-koruyuculu-beton-sokucu-ve-tem\/","title":{"rendered":"MABY TECH FNH 9 C KORUYUCULU BETON S\u00d6K\u00dcC\u00dc VE TEM."},"content":{"rendered":"<p>MABY TEC FNH 9 C KORUYUCULU BETON S\u00d6K\u00dcC\u00dc VE TEM.<\/p>\n<p><strong>Kullan\u0131m Alanlar\u0131:<\/strong> Beton mikser, pompa ve kupa temizli\u011finde i\u00e7erdi\u011fi inhibitor sayesinde y\u00fczeydeki boyaya zarar vermeden y\u00fczeye yap\u0131\u015f\u0131p betonun ta\u015fla\u015fm\u0131\u015f tabakas\u0131n\u0131 temizlemesinde etkin bir malzemedir.<\/p>\n<p><strong>Kullan\u0131m \u015eekli:<\/strong> 1\/5-1\/40 konsantredir. P\u00fcsk\u00fcrt\u00fclerek y\u0131kama tabancas\u0131 veya f\u0131r\u00e7a ile temizleme yap\u0131l\u0131r.<\/p>\n","protected":false},"excerpt":{"rendered":"<p>MABY TEC FNH 9 C KORUYUCULU BETON S\u00d6K\u00dcC\u00dc VE TEM. Kullan\u0131m Alanlar\u0131: Beton mikser, pompa ve kupa temizli\u011finde i\u00e7erdi\u011fi inhibitor sayesinde y\u00fczeydeki boyaya zarar vermeden y\u00fczeye yap\u0131\u015f\u0131p betonun ta\u015fla\u015fm\u0131\u015f tabakas\u0131n\u0131 temizlemesinde etkin bir malzemedir. Kullan\u0131m \u015eekli: 1\/5-1\/40 konsantredir. P\u00fcsk\u00fcrt\u00fclerek y\u0131kama tabancas\u0131 veya f\u0131r\u00e7a ile temizleme yap\u0131l\u0131r.<\/p>\n","protected":false},"author":2,"featured_media":0,"parent":17924,"menu_order":0,"comment_status":"closed","ping_status":"closed","template":"","meta":[],"_links":{"self":[{"href":"https:\/\/www.tempakimya.com.tr\/TURKISH\/wp-json\/wp\/v2\/pages\/18405"}],"collection":[{"href":"https:\/\/www.tempakimya.com.tr\/TURKISH\/wp-json\/wp\/v2\/pages"}],"about":[{"href":"https:\/\/www.tempakimya.com.tr\/TURKISH\/wp-json\/wp\/v2\/types\/page"}],"author":[{"embeddable":true,"href":"https:\/\/www.tempakimya.com.tr\/TURKISH\/wp-json\/wp\/v2\/users\/2"}],"replies":[{"embeddable":true,"href":"https:\/\/www.tempakimya.com.tr\/TURKISH\/wp-json\/wp\/v2\/comments?post=18405"}],"version-history":[{"count":2,"href":"https:\/\/www.tempakimya.com.tr\/TURKISH\/wp-json\/wp\/v2\/pages\/18405\/revisions"}],"predecessor-version":[{"id":18529,"href":"https:\/\/www.tempakimya.com.tr\/TURKISH\/wp-json\/wp\/v2\/pages\/18405\/revisions\/18529"}],"up":[{"embeddable":true,"href":"https:\/\/www.tempakimya.com.tr\/TURKISH\/wp-json\/wp\/v2\/pages\/17924"}],"wp:attachment":[{"href":"https:\/\/www.tempakimya.com.tr\/TURKISH\/wp-json\/wp\/v2\/media?parent=18405"}],"curies":[{"name":"wp","href":"https:\/\/api.w.org\/{rel}","templated":true}]}}