{"id":18394,"date":"2020-09-24T17:22:28","date_gmt":"2020-09-24T14:22:28","guid":{"rendered":"https:\/\/tempakimya.com.tr\/2020\/?page_id=18394"},"modified":"2020-10-02T09:46:46","modified_gmt":"2020-10-02T06:46:46","slug":"maby-tec-boya-cokturucu","status":"publish","type":"page","link":"https:\/\/www.tempakimya.com.tr\/TURKISH\/urunler\/teknik-grup\/maby-tec-boya-cokturucu\/","title":{"rendered":"MABY TEC BOYA \u00c7\u00d6KT\u00dcR\u00dcC\u00dc"},"content":{"rendered":"<p>MABY TEC BOYA \u00c7\u00d6KT\u00dcR\u00dcC\u00dc<\/p>\n<p><strong>Kullan\u0131m Alanlar\u0131:<\/strong> Boyan\u0131n \u00e7\u00f6kt\u00fcr\u00fclmesinde kullan\u0131l\u0131r.<\/p>\n<p><strong>Kullan\u0131m \u015eekli:<\/strong> Dald\u0131rma y\u00f6ntemi ile uygulan\u0131r.<\/p>\n","protected":false},"excerpt":{"rendered":"<p>MABY TEC BOYA \u00c7\u00d6KT\u00dcR\u00dcC\u00dc Kullan\u0131m Alanlar\u0131: Boyan\u0131n \u00e7\u00f6kt\u00fcr\u00fclmesinde kullan\u0131l\u0131r. Kullan\u0131m \u015eekli: Dald\u0131rma y\u00f6ntemi ile uygulan\u0131r.<\/p>\n","protected":false},"author":2,"featured_media":0,"parent":17922,"menu_order":0,"comment_status":"closed","ping_status":"closed","template":"","meta":[],"_links":{"self":[{"href":"https:\/\/www.tempakimya.com.tr\/TURKISH\/wp-json\/wp\/v2\/pages\/18394"}],"collection":[{"href":"https:\/\/www.tempakimya.com.tr\/TURKISH\/wp-json\/wp\/v2\/pages"}],"about":[{"href":"https:\/\/www.tempakimya.com.tr\/TURKISH\/wp-json\/wp\/v2\/types\/page"}],"author":[{"embeddable":true,"href":"https:\/\/www.tempakimya.com.tr\/TURKISH\/wp-json\/wp\/v2\/users\/2"}],"replies":[{"embeddable":true,"href":"https:\/\/www.tempakimya.com.tr\/TURKISH\/wp-json\/wp\/v2\/comments?post=18394"}],"version-history":[{"count":2,"href":"https:\/\/www.tempakimya.com.tr\/TURKISH\/wp-json\/wp\/v2\/pages\/18394\/revisions"}],"predecessor-version":[{"id":18526,"href":"https:\/\/www.tempakimya.com.tr\/TURKISH\/wp-json\/wp\/v2\/pages\/18394\/revisions\/18526"}],"up":[{"embeddable":true,"href":"https:\/\/www.tempakimya.com.tr\/TURKISH\/wp-json\/wp\/v2\/pages\/17922"}],"wp:attachment":[{"href":"https:\/\/www.tempakimya.com.tr\/TURKISH\/wp-json\/wp\/v2\/media?parent=18394"}],"curies":[{"name":"wp","href":"https:\/\/api.w.org\/{rel}","templated":true}]}}