{"id":18388,"date":"2020-09-24T17:21:17","date_gmt":"2020-09-24T14:21:17","guid":{"rendered":"https:\/\/tempakimya.com.tr\/2020\/?page_id=18388"},"modified":"2020-10-02T09:45:37","modified_gmt":"2020-10-02T06:45:37","slug":"maby-yagmur-kaydirici","status":"publish","type":"page","link":"https:\/\/www.tempakimya.com.tr\/TURKISH\/urunler\/teknik-grup\/maby-yagmur-kaydirici\/","title":{"rendered":"MABY YA\u011eMUR KAYDIRICI"},"content":{"rendered":"<p>MABY YA\u011eMUR KAYDIRICI<\/p>\n<p><strong>Kullan\u0131m Alanlar\u0131:<\/strong> Otonuzun camlar\u0131nda suyun tutunmas\u0131n\u0131 zorla\u015ft\u0131r\u0131r. Bu sayede ya\u011fan ya\u011fmur az seyir halindeyken h\u0131zla uzakla\u015f\u0131r.<\/p>\n<p><strong>Kullan\u0131m \u015eekli:<\/strong> Sprey aparat\u0131yla camlar\u0131n\u0131za p\u00fcsk\u00fcrt\u00fcn ve kurumas\u0131n\u0131 bekleyin.<\/p>\n","protected":false},"excerpt":{"rendered":"<p>MABY YA\u011eMUR KAYDIRICI Kullan\u0131m Alanlar\u0131: Otonuzun camlar\u0131nda suyun tutunmas\u0131n\u0131 zorla\u015ft\u0131r\u0131r. Bu sayede ya\u011fan ya\u011fmur az seyir halindeyken h\u0131zla uzakla\u015f\u0131r. Kullan\u0131m \u015eekli: Sprey aparat\u0131yla camlar\u0131n\u0131za p\u00fcsk\u00fcrt\u00fcn ve kurumas\u0131n\u0131 bekleyin.<\/p>\n","protected":false},"author":2,"featured_media":0,"parent":17922,"menu_order":0,"comment_status":"closed","ping_status":"closed","template":"","meta":[],"_links":{"self":[{"href":"https:\/\/www.tempakimya.com.tr\/TURKISH\/wp-json\/wp\/v2\/pages\/18388"}],"collection":[{"href":"https:\/\/www.tempakimya.com.tr\/TURKISH\/wp-json\/wp\/v2\/pages"}],"about":[{"href":"https:\/\/www.tempakimya.com.tr\/TURKISH\/wp-json\/wp\/v2\/types\/page"}],"author":[{"embeddable":true,"href":"https:\/\/www.tempakimya.com.tr\/TURKISH\/wp-json\/wp\/v2\/users\/2"}],"replies":[{"embeddable":true,"href":"https:\/\/www.tempakimya.com.tr\/TURKISH\/wp-json\/wp\/v2\/comments?post=18388"}],"version-history":[{"count":2,"href":"https:\/\/www.tempakimya.com.tr\/TURKISH\/wp-json\/wp\/v2\/pages\/18388\/revisions"}],"predecessor-version":[{"id":18523,"href":"https:\/\/www.tempakimya.com.tr\/TURKISH\/wp-json\/wp\/v2\/pages\/18388\/revisions\/18523"}],"up":[{"embeddable":true,"href":"https:\/\/www.tempakimya.com.tr\/TURKISH\/wp-json\/wp\/v2\/pages\/17922"}],"wp:attachment":[{"href":"https:\/\/www.tempakimya.com.tr\/TURKISH\/wp-json\/wp\/v2\/media?parent=18388"}],"curies":[{"name":"wp","href":"https:\/\/api.w.org\/{rel}","templated":true}]}}