{"id":18384,"date":"2020-09-24T17:20:38","date_gmt":"2020-09-24T14:20:38","guid":{"rendered":"https:\/\/tempakimya.com.tr\/2020\/?page_id=18384"},"modified":"2020-10-02T09:45:11","modified_gmt":"2020-10-02T06:45:11","slug":"maby-tec-304-hafif-pas-sokucu","status":"publish","type":"page","link":"https:\/\/www.tempakimya.com.tr\/TURKISH\/urunler\/teknik-grup\/maby-tec-304-hafif-pas-sokucu\/","title":{"rendered":"MABY TEC 304 HAF\u0130F PAS S\u00d6K\u00dcC\u00dc"},"content":{"rendered":"<p>MABY TEC 304 HAF\u0130F PAS \u00c7\u00d6Z\u00dcC\u00dc<\/p>\n<p><strong>Kullan\u0131m\u00a0 Alanlar\u0131:<\/strong> Hafif pas, tortu vb. temizli\u011finde kullan\u0131l\u0131r.<\/p>\n<p><strong>Kullan\u0131m\u00a0 \u015eekli:<\/strong> 1\/1 veya 1\/20 oran\u0131nda seyreltilerek kullan\u0131l\u0131r. Bir bez yard\u0131m\u0131yla ya da uygulanacak y\u00fczeye d\u00f6k\u00fclerek temizleme yap\u0131l\u0131r.<\/p>\n","protected":false},"excerpt":{"rendered":"<p>MABY TEC 304 HAF\u0130F PAS \u00c7\u00d6Z\u00dcC\u00dc Kullan\u0131m\u00a0 Alanlar\u0131: Hafif pas, tortu vb. temizli\u011finde kullan\u0131l\u0131r. Kullan\u0131m\u00a0 \u015eekli: 1\/1 veya 1\/20 oran\u0131nda seyreltilerek kullan\u0131l\u0131r. Bir bez yard\u0131m\u0131yla ya da uygulanacak y\u00fczeye d\u00f6k\u00fclerek temizleme yap\u0131l\u0131r.<\/p>\n","protected":false},"author":2,"featured_media":0,"parent":17922,"menu_order":0,"comment_status":"closed","ping_status":"closed","template":"","meta":[],"_links":{"self":[{"href":"https:\/\/www.tempakimya.com.tr\/TURKISH\/wp-json\/wp\/v2\/pages\/18384"}],"collection":[{"href":"https:\/\/www.tempakimya.com.tr\/TURKISH\/wp-json\/wp\/v2\/pages"}],"about":[{"href":"https:\/\/www.tempakimya.com.tr\/TURKISH\/wp-json\/wp\/v2\/types\/page"}],"author":[{"embeddable":true,"href":"https:\/\/www.tempakimya.com.tr\/TURKISH\/wp-json\/wp\/v2\/users\/2"}],"replies":[{"embeddable":true,"href":"https:\/\/www.tempakimya.com.tr\/TURKISH\/wp-json\/wp\/v2\/comments?post=18384"}],"version-history":[{"count":2,"href":"https:\/\/www.tempakimya.com.tr\/TURKISH\/wp-json\/wp\/v2\/pages\/18384\/revisions"}],"predecessor-version":[{"id":18521,"href":"https:\/\/www.tempakimya.com.tr\/TURKISH\/wp-json\/wp\/v2\/pages\/18384\/revisions\/18521"}],"up":[{"embeddable":true,"href":"https:\/\/www.tempakimya.com.tr\/TURKISH\/wp-json\/wp\/v2\/pages\/17922"}],"wp:attachment":[{"href":"https:\/\/www.tempakimya.com.tr\/TURKISH\/wp-json\/wp\/v2\/media?parent=18384"}],"curies":[{"name":"wp","href":"https:\/\/api.w.org\/{rel}","templated":true}]}}