{"id":18382,"date":"2020-09-24T17:20:02","date_gmt":"2020-09-24T14:20:02","guid":{"rendered":"https:\/\/tempakimya.com.tr\/2020\/?page_id=18382"},"modified":"2020-10-02T09:44:59","modified_gmt":"2020-10-02T06:44:59","slug":"maby-tec-torpido-parlatici","status":"publish","type":"page","link":"https:\/\/www.tempakimya.com.tr\/TURKISH\/urunler\/teknik-grup\/maby-tec-torpido-parlatici\/","title":{"rendered":"MABY TEC TORP\u0130DO PARLATICI"},"content":{"rendered":"<p>MABY TEC TORP\u0130DO PARLATICI<\/p>\n<p><strong>Kullan\u0131m Alanlar\u0131:<\/strong> Torpidonuzdaki tozlardan kurtulman\u0131z\u0131 ve temiz bak\u0131ml\u0131 g\u00f6r\u00fcnt\u00fcye kavu\u015fmas\u0131n\u0131 sa\u011flar.<\/p>\n<p><strong>Kullan\u0131m\u00a0 \u015eekli:<\/strong> Nemli s\u00fcnger \u00fczerine bir miktar torpido parlat\u0131c\u0131 d\u00f6k\u00fcl\u00fcr ve torpido y\u00fczeyine yay\u0131l\u0131r.<\/p>\n","protected":false},"excerpt":{"rendered":"<p>MABY TEC TORP\u0130DO PARLATICI Kullan\u0131m Alanlar\u0131: Torpidonuzdaki tozlardan kurtulman\u0131z\u0131 ve temiz bak\u0131ml\u0131 g\u00f6r\u00fcnt\u00fcye kavu\u015fmas\u0131n\u0131 sa\u011flar. Kullan\u0131m\u00a0 \u015eekli: Nemli s\u00fcnger \u00fczerine bir miktar torpido parlat\u0131c\u0131 d\u00f6k\u00fcl\u00fcr ve torpido y\u00fczeyine yay\u0131l\u0131r.<\/p>\n","protected":false},"author":2,"featured_media":0,"parent":17922,"menu_order":0,"comment_status":"closed","ping_status":"closed","template":"","meta":[],"_links":{"self":[{"href":"https:\/\/www.tempakimya.com.tr\/TURKISH\/wp-json\/wp\/v2\/pages\/18382"}],"collection":[{"href":"https:\/\/www.tempakimya.com.tr\/TURKISH\/wp-json\/wp\/v2\/pages"}],"about":[{"href":"https:\/\/www.tempakimya.com.tr\/TURKISH\/wp-json\/wp\/v2\/types\/page"}],"author":[{"embeddable":true,"href":"https:\/\/www.tempakimya.com.tr\/TURKISH\/wp-json\/wp\/v2\/users\/2"}],"replies":[{"embeddable":true,"href":"https:\/\/www.tempakimya.com.tr\/TURKISH\/wp-json\/wp\/v2\/comments?post=18382"}],"version-history":[{"count":2,"href":"https:\/\/www.tempakimya.com.tr\/TURKISH\/wp-json\/wp\/v2\/pages\/18382\/revisions"}],"predecessor-version":[{"id":18520,"href":"https:\/\/www.tempakimya.com.tr\/TURKISH\/wp-json\/wp\/v2\/pages\/18382\/revisions\/18520"}],"up":[{"embeddable":true,"href":"https:\/\/www.tempakimya.com.tr\/TURKISH\/wp-json\/wp\/v2\/pages\/17922"}],"wp:attachment":[{"href":"https:\/\/www.tempakimya.com.tr\/TURKISH\/wp-json\/wp\/v2\/media?parent=18382"}],"curies":[{"name":"wp","href":"https:\/\/api.w.org\/{rel}","templated":true}]}}