{"id":18380,"date":"2020-09-24T17:19:37","date_gmt":"2020-09-24T14:19:37","guid":{"rendered":"https:\/\/tempakimya.com.tr\/2020\/?page_id=18380"},"modified":"2020-10-02T09:44:46","modified_gmt":"2020-10-02T06:44:46","slug":"maby-tec-agir-kir-yag-kan-sokucu","status":"publish","type":"page","link":"https:\/\/www.tempakimya.com.tr\/TURKISH\/urunler\/teknik-grup\/maby-tec-agir-kir-yag-kan-sokucu\/","title":{"rendered":"MABY TEC A\u011eIR K\u0130R YA\u011e KAN S\u00d6K\u00dcC\u00dc"},"content":{"rendered":"<p>MABY TEC A\u011eIR K\u0130R YA\u011e KAN S\u00d6K\u00dcC\u00dc<\/p>\n<p><strong>Kullan\u0131m Alanlar\u0131:<\/strong> \u00c7ama\u015f\u0131rlara bula\u015fan kan lekelerinde kullan\u0131l\u0131r.<\/p>\n<p><strong>Kullan\u0131m \u015eekli:<\/strong> \u00c7ama\u015f\u0131r makinesinin ana y\u0131kama b\u00f6l\u00fcm\u00fcne bir miktar (yar\u0131m \u00f6l\u00e7ek) konulur.<\/p>\n","protected":false},"excerpt":{"rendered":"<p>MABY TEC A\u011eIR K\u0130R YA\u011e KAN S\u00d6K\u00dcC\u00dc Kullan\u0131m Alanlar\u0131: \u00c7ama\u015f\u0131rlara bula\u015fan kan lekelerinde kullan\u0131l\u0131r. Kullan\u0131m \u015eekli: \u00c7ama\u015f\u0131r makinesinin ana y\u0131kama b\u00f6l\u00fcm\u00fcne bir miktar (yar\u0131m \u00f6l\u00e7ek) konulur.<\/p>\n","protected":false},"author":2,"featured_media":0,"parent":17922,"menu_order":0,"comment_status":"closed","ping_status":"closed","template":"","meta":[],"_links":{"self":[{"href":"https:\/\/www.tempakimya.com.tr\/TURKISH\/wp-json\/wp\/v2\/pages\/18380"}],"collection":[{"href":"https:\/\/www.tempakimya.com.tr\/TURKISH\/wp-json\/wp\/v2\/pages"}],"about":[{"href":"https:\/\/www.tempakimya.com.tr\/TURKISH\/wp-json\/wp\/v2\/types\/page"}],"author":[{"embeddable":true,"href":"https:\/\/www.tempakimya.com.tr\/TURKISH\/wp-json\/wp\/v2\/users\/2"}],"replies":[{"embeddable":true,"href":"https:\/\/www.tempakimya.com.tr\/TURKISH\/wp-json\/wp\/v2\/comments?post=18380"}],"version-history":[{"count":2,"href":"https:\/\/www.tempakimya.com.tr\/TURKISH\/wp-json\/wp\/v2\/pages\/18380\/revisions"}],"predecessor-version":[{"id":18519,"href":"https:\/\/www.tempakimya.com.tr\/TURKISH\/wp-json\/wp\/v2\/pages\/18380\/revisions\/18519"}],"up":[{"embeddable":true,"href":"https:\/\/www.tempakimya.com.tr\/TURKISH\/wp-json\/wp\/v2\/pages\/17922"}],"wp:attachment":[{"href":"https:\/\/www.tempakimya.com.tr\/TURKISH\/wp-json\/wp\/v2\/media?parent=18380"}],"curies":[{"name":"wp","href":"https:\/\/api.w.org\/{rel}","templated":true}]}}