{"id":18378,"date":"2020-09-24T17:19:11","date_gmt":"2020-09-24T14:19:11","guid":{"rendered":"https:\/\/tempakimya.com.tr\/2020\/?page_id=18378"},"modified":"2020-10-02T09:44:11","modified_gmt":"2020-10-02T06:44:11","slug":"maby-tec-fren-balata-temizleyici","status":"publish","type":"page","link":"https:\/\/www.tempakimya.com.tr\/TURKISH\/urunler\/teknik-grup\/maby-tec-fren-balata-temizleyici\/","title":{"rendered":"MABY TEC FREN BALATA TEM\u0130ZLEY\u0130C\u0130"},"content":{"rendered":"<p>MABY TEC FREN BALATA TEM\u0130ZLEY\u0130C\u0130<\/p>\n<p><strong>Kullan\u0131m Alanlar\u0131:<\/strong> Ara\u00e7, balata, ya\u011f izlerinin giderilmesinde etkin bir \u00fcr\u00fcnd\u00fcr.<\/p>\n<p><strong>Kullan\u0131m \u015eekli:<\/strong> Direkt uygulan\u0131r. Y\u00fczeye p\u00fcsk\u00fcrt\u00fclerek silinir.<\/p>\n","protected":false},"excerpt":{"rendered":"<p>MABY TEC FREN BALATA TEM\u0130ZLEY\u0130C\u0130 Kullan\u0131m Alanlar\u0131: Ara\u00e7, balata, ya\u011f izlerinin giderilmesinde etkin bir \u00fcr\u00fcnd\u00fcr. Kullan\u0131m \u015eekli: Direkt uygulan\u0131r. Y\u00fczeye p\u00fcsk\u00fcrt\u00fclerek silinir.<\/p>\n","protected":false},"author":2,"featured_media":0,"parent":17922,"menu_order":0,"comment_status":"closed","ping_status":"closed","template":"","meta":[],"_links":{"self":[{"href":"https:\/\/www.tempakimya.com.tr\/TURKISH\/wp-json\/wp\/v2\/pages\/18378"}],"collection":[{"href":"https:\/\/www.tempakimya.com.tr\/TURKISH\/wp-json\/wp\/v2\/pages"}],"about":[{"href":"https:\/\/www.tempakimya.com.tr\/TURKISH\/wp-json\/wp\/v2\/types\/page"}],"author":[{"embeddable":true,"href":"https:\/\/www.tempakimya.com.tr\/TURKISH\/wp-json\/wp\/v2\/users\/2"}],"replies":[{"embeddable":true,"href":"https:\/\/www.tempakimya.com.tr\/TURKISH\/wp-json\/wp\/v2\/comments?post=18378"}],"version-history":[{"count":2,"href":"https:\/\/www.tempakimya.com.tr\/TURKISH\/wp-json\/wp\/v2\/pages\/18378\/revisions"}],"predecessor-version":[{"id":18518,"href":"https:\/\/www.tempakimya.com.tr\/TURKISH\/wp-json\/wp\/v2\/pages\/18378\/revisions\/18518"}],"up":[{"embeddable":true,"href":"https:\/\/www.tempakimya.com.tr\/TURKISH\/wp-json\/wp\/v2\/pages\/17922"}],"wp:attachment":[{"href":"https:\/\/www.tempakimya.com.tr\/TURKISH\/wp-json\/wp\/v2\/media?parent=18378"}],"curies":[{"name":"wp","href":"https:\/\/api.w.org\/{rel}","templated":true}]}}