{"id":18376,"date":"2020-09-24T17:18:40","date_gmt":"2020-09-24T14:18:40","guid":{"rendered":"https:\/\/tempakimya.com.tr\/2020\/?page_id=18376"},"modified":"2020-10-02T09:43:59","modified_gmt":"2020-10-02T06:43:59","slug":"maby-tec-fircasiz-oto-yikama","status":"publish","type":"page","link":"https:\/\/www.tempakimya.com.tr\/TURKISH\/urunler\/teknik-grup\/maby-tec-fircasiz-oto-yikama\/","title":{"rendered":"MABY TEC FIR\u00c7ASIZ OTO YIKAMA"},"content":{"rendered":"<p>MABY TEC FIR\u00c7ASIZ OTO YIKAMA<\/p>\n<p><strong>Kullan\u0131m Alanlar\u0131:<\/strong> F\u0131r\u00e7alar\u0131n otonuza verece\u011fi zarar engellenmi\u015f olur. Cilal\u0131 yap\u0131s\u0131yla boya korumas\u0131 yapar.<\/p>\n<p><strong>Kullan\u0131m \u015eekli:<\/strong> 1\/60 konsantredir. K\u00f6p\u00fck makinalar\u0131nda kullan\u0131l\u0131r.<\/p>\n","protected":false},"excerpt":{"rendered":"<p>MABY TEC FIR\u00c7ASIZ OTO YIKAMA Kullan\u0131m Alanlar\u0131: F\u0131r\u00e7alar\u0131n otonuza verece\u011fi zarar engellenmi\u015f olur. Cilal\u0131 yap\u0131s\u0131yla boya korumas\u0131 yapar. Kullan\u0131m \u015eekli: 1\/60 konsantredir. K\u00f6p\u00fck makinalar\u0131nda kullan\u0131l\u0131r.<\/p>\n","protected":false},"author":2,"featured_media":0,"parent":17922,"menu_order":0,"comment_status":"closed","ping_status":"closed","template":"","meta":[],"_links":{"self":[{"href":"https:\/\/www.tempakimya.com.tr\/TURKISH\/wp-json\/wp\/v2\/pages\/18376"}],"collection":[{"href":"https:\/\/www.tempakimya.com.tr\/TURKISH\/wp-json\/wp\/v2\/pages"}],"about":[{"href":"https:\/\/www.tempakimya.com.tr\/TURKISH\/wp-json\/wp\/v2\/types\/page"}],"author":[{"embeddable":true,"href":"https:\/\/www.tempakimya.com.tr\/TURKISH\/wp-json\/wp\/v2\/users\/2"}],"replies":[{"embeddable":true,"href":"https:\/\/www.tempakimya.com.tr\/TURKISH\/wp-json\/wp\/v2\/comments?post=18376"}],"version-history":[{"count":2,"href":"https:\/\/www.tempakimya.com.tr\/TURKISH\/wp-json\/wp\/v2\/pages\/18376\/revisions"}],"predecessor-version":[{"id":18517,"href":"https:\/\/www.tempakimya.com.tr\/TURKISH\/wp-json\/wp\/v2\/pages\/18376\/revisions\/18517"}],"up":[{"embeddable":true,"href":"https:\/\/www.tempakimya.com.tr\/TURKISH\/wp-json\/wp\/v2\/pages\/17922"}],"wp:attachment":[{"href":"https:\/\/www.tempakimya.com.tr\/TURKISH\/wp-json\/wp\/v2\/media?parent=18376"}],"curies":[{"name":"wp","href":"https:\/\/api.w.org\/{rel}","templated":true}]}}