{"id":18372,"date":"2020-09-24T17:17:35","date_gmt":"2020-09-24T14:17:35","guid":{"rendered":"https:\/\/tempakimya.com.tr\/2020\/?page_id=18372"},"modified":"2020-10-02T09:43:33","modified_gmt":"2020-10-02T06:43:33","slug":"maby-tec-p-1-buz-cozucu","status":"publish","type":"page","link":"https:\/\/www.tempakimya.com.tr\/TURKISH\/urunler\/teknik-grup\/maby-tec-p-1-buz-cozucu\/","title":{"rendered":"MABY TEC P 1 BUZ \u00c7\u00d6Z\u00dcC\u00dc"},"content":{"rendered":"<p>MABY TEC P 1 BUZ \u00c7\u00d6Z\u00dcC\u00dc<\/p>\n<p><strong>Kullan\u0131m Alanlar\u0131:<\/strong> Her t\u00fcrl\u00fc y\u00fczeyde y\u00fczeye zarar vermeden olu\u015fan buzun \u00e7\u00f6z\u00fclmesinde etkin bir \u00fcr\u00fcnd\u00fcr.<\/p>\n<p><strong>Kullan\u0131m \u015eekli:<\/strong> Direkt uygulan\u0131r.<\/p>\n","protected":false},"excerpt":{"rendered":"<p>MABY TEC P 1 BUZ \u00c7\u00d6Z\u00dcC\u00dc Kullan\u0131m Alanlar\u0131: Her t\u00fcrl\u00fc y\u00fczeyde y\u00fczeye zarar vermeden olu\u015fan buzun \u00e7\u00f6z\u00fclmesinde etkin bir \u00fcr\u00fcnd\u00fcr. Kullan\u0131m \u015eekli: Direkt uygulan\u0131r.<\/p>\n","protected":false},"author":2,"featured_media":0,"parent":17922,"menu_order":0,"comment_status":"closed","ping_status":"closed","template":"","meta":[],"_links":{"self":[{"href":"https:\/\/www.tempakimya.com.tr\/TURKISH\/wp-json\/wp\/v2\/pages\/18372"}],"collection":[{"href":"https:\/\/www.tempakimya.com.tr\/TURKISH\/wp-json\/wp\/v2\/pages"}],"about":[{"href":"https:\/\/www.tempakimya.com.tr\/TURKISH\/wp-json\/wp\/v2\/types\/page"}],"author":[{"embeddable":true,"href":"https:\/\/www.tempakimya.com.tr\/TURKISH\/wp-json\/wp\/v2\/users\/2"}],"replies":[{"embeddable":true,"href":"https:\/\/www.tempakimya.com.tr\/TURKISH\/wp-json\/wp\/v2\/comments?post=18372"}],"version-history":[{"count":2,"href":"https:\/\/www.tempakimya.com.tr\/TURKISH\/wp-json\/wp\/v2\/pages\/18372\/revisions"}],"predecessor-version":[{"id":18515,"href":"https:\/\/www.tempakimya.com.tr\/TURKISH\/wp-json\/wp\/v2\/pages\/18372\/revisions\/18515"}],"up":[{"embeddable":true,"href":"https:\/\/www.tempakimya.com.tr\/TURKISH\/wp-json\/wp\/v2\/pages\/17922"}],"wp:attachment":[{"href":"https:\/\/www.tempakimya.com.tr\/TURKISH\/wp-json\/wp\/v2\/media?parent=18372"}],"curies":[{"name":"wp","href":"https:\/\/api.w.org\/{rel}","templated":true}]}}