{"id":18370,"date":"2020-09-24T17:17:05","date_gmt":"2020-09-24T14:17:05","guid":{"rendered":"https:\/\/tempakimya.com.tr\/2020\/?page_id=18370"},"modified":"2020-10-02T09:43:20","modified_gmt":"2020-10-02T06:43:20","slug":"mby-tec-s-15-su-bazli-korozyon-onleyici","status":"publish","type":"page","link":"https:\/\/www.tempakimya.com.tr\/TURKISH\/urunler\/teknik-grup\/mby-tec-s-15-su-bazli-korozyon-onleyici\/","title":{"rendered":"MBY TEC S 15 SU BAZLI KOROZYON \u00d6NLEY\u0130C\u0130"},"content":{"rendered":"<p>MABY TEC S 15 SU BAZLI KOROZYON \u00d6NLEY\u0130C\u0130<\/p>\n<p><strong>Kullan\u0131m Alanlar\u0131:<\/strong> Pas, ya\u011f temizleme sonras\u0131 metal y\u00fczeyinin durulama sonras\u0131 paslanmas\u0131n\u0131 \u00f6nleyen koruyucu etkin bir malzemedir.<\/p>\n<p><strong>Kullan\u0131m \u015eekli:<\/strong> 1\/5-1\/50 konsantredir. Durulama suyuna ilave edilir. Y\u00fczeyde koruma sa\u011flar.<\/p>\n","protected":false},"excerpt":{"rendered":"<p>MABY TEC S 15 SU BAZLI KOROZYON \u00d6NLEY\u0130C\u0130 Kullan\u0131m Alanlar\u0131: Pas, ya\u011f temizleme sonras\u0131 metal y\u00fczeyinin durulama sonras\u0131 paslanmas\u0131n\u0131 \u00f6nleyen koruyucu etkin bir malzemedir. Kullan\u0131m \u015eekli: 1\/5-1\/50 konsantredir. Durulama suyuna ilave edilir. Y\u00fczeyde koruma sa\u011flar.<\/p>\n","protected":false},"author":2,"featured_media":0,"parent":17922,"menu_order":0,"comment_status":"closed","ping_status":"closed","template":"","meta":[],"_links":{"self":[{"href":"https:\/\/www.tempakimya.com.tr\/TURKISH\/wp-json\/wp\/v2\/pages\/18370"}],"collection":[{"href":"https:\/\/www.tempakimya.com.tr\/TURKISH\/wp-json\/wp\/v2\/pages"}],"about":[{"href":"https:\/\/www.tempakimya.com.tr\/TURKISH\/wp-json\/wp\/v2\/types\/page"}],"author":[{"embeddable":true,"href":"https:\/\/www.tempakimya.com.tr\/TURKISH\/wp-json\/wp\/v2\/users\/2"}],"replies":[{"embeddable":true,"href":"https:\/\/www.tempakimya.com.tr\/TURKISH\/wp-json\/wp\/v2\/comments?post=18370"}],"version-history":[{"count":2,"href":"https:\/\/www.tempakimya.com.tr\/TURKISH\/wp-json\/wp\/v2\/pages\/18370\/revisions"}],"predecessor-version":[{"id":18514,"href":"https:\/\/www.tempakimya.com.tr\/TURKISH\/wp-json\/wp\/v2\/pages\/18370\/revisions\/18514"}],"up":[{"embeddable":true,"href":"https:\/\/www.tempakimya.com.tr\/TURKISH\/wp-json\/wp\/v2\/pages\/17922"}],"wp:attachment":[{"href":"https:\/\/www.tempakimya.com.tr\/TURKISH\/wp-json\/wp\/v2\/media?parent=18370"}],"curies":[{"name":"wp","href":"https:\/\/api.w.org\/{rel}","templated":true}]}}