{"id":18368,"date":"2020-09-24T17:16:28","date_gmt":"2020-09-24T14:16:28","guid":{"rendered":"https:\/\/tempakimya.com.tr\/2020\/?page_id=18368"},"modified":"2020-10-02T09:43:07","modified_gmt":"2020-10-02T06:43:07","slug":"maby-tec-s-plus-epoksi-zemin-temizleyici","status":"publish","type":"page","link":"https:\/\/www.tempakimya.com.tr\/TURKISH\/urunler\/teknik-grup\/maby-tec-s-plus-epoksi-zemin-temizleyici\/","title":{"rendered":"MABY TEC S PLUS EPOKS\u0130 ZEM\u0130N TEM\u0130ZLEY\u0130C\u0130"},"content":{"rendered":"<p>MABY TEC (S PLUS) EPOKS\u0130 ZEM\u0130N TEM\u0130ZLEY\u0130C\u0130<\/p>\n<p><strong>Kullan\u0131m Alanlar\u0131:<\/strong> Fabrika i\u00e7 y\u00fczey temizlenmesinde, lastik izi, ya\u011f izi temizli\u011finde etkin bir \u00fcr\u00fcnd\u00fcr.<\/p>\n<p><strong>Kullan\u0131m \u015eekli:<\/strong> 1\/5-1\/20 konsantredir. Zemin y\u0131kama makinesi veya manuel silim yap\u0131larak uygulan\u0131r.<\/p>\n","protected":false},"excerpt":{"rendered":"<p>MABY TEC (S PLUS) EPOKS\u0130 ZEM\u0130N TEM\u0130ZLEY\u0130C\u0130 Kullan\u0131m Alanlar\u0131: Fabrika i\u00e7 y\u00fczey temizlenmesinde, lastik izi, ya\u011f izi temizli\u011finde etkin bir \u00fcr\u00fcnd\u00fcr. Kullan\u0131m \u015eekli: 1\/5-1\/20 konsantredir. Zemin y\u0131kama makinesi veya manuel silim yap\u0131larak uygulan\u0131r.<\/p>\n","protected":false},"author":2,"featured_media":0,"parent":17922,"menu_order":0,"comment_status":"closed","ping_status":"closed","template":"","meta":[],"_links":{"self":[{"href":"https:\/\/www.tempakimya.com.tr\/TURKISH\/wp-json\/wp\/v2\/pages\/18368"}],"collection":[{"href":"https:\/\/www.tempakimya.com.tr\/TURKISH\/wp-json\/wp\/v2\/pages"}],"about":[{"href":"https:\/\/www.tempakimya.com.tr\/TURKISH\/wp-json\/wp\/v2\/types\/page"}],"author":[{"embeddable":true,"href":"https:\/\/www.tempakimya.com.tr\/TURKISH\/wp-json\/wp\/v2\/users\/2"}],"replies":[{"embeddable":true,"href":"https:\/\/www.tempakimya.com.tr\/TURKISH\/wp-json\/wp\/v2\/comments?post=18368"}],"version-history":[{"count":2,"href":"https:\/\/www.tempakimya.com.tr\/TURKISH\/wp-json\/wp\/v2\/pages\/18368\/revisions"}],"predecessor-version":[{"id":18513,"href":"https:\/\/www.tempakimya.com.tr\/TURKISH\/wp-json\/wp\/v2\/pages\/18368\/revisions\/18513"}],"up":[{"embeddable":true,"href":"https:\/\/www.tempakimya.com.tr\/TURKISH\/wp-json\/wp\/v2\/pages\/17922"}],"wp:attachment":[{"href":"https:\/\/www.tempakimya.com.tr\/TURKISH\/wp-json\/wp\/v2\/media?parent=18368"}],"curies":[{"name":"wp","href":"https:\/\/api.w.org\/{rel}","templated":true}]}}