{"id":18366,"date":"2020-09-24T17:15:40","date_gmt":"2020-09-24T14:15:40","guid":{"rendered":"https:\/\/tempakimya.com.tr\/2020\/?page_id=18366"},"modified":"2020-10-02T09:42:51","modified_gmt":"2020-10-02T06:42:51","slug":"maby-tec-pvc-clean-pvc-ve-plastik-ekipman-tem","status":"publish","type":"page","link":"https:\/\/www.tempakimya.com.tr\/TURKISH\/urunler\/teknik-grup\/maby-tec-pvc-clean-pvc-ve-plastik-ekipman-tem\/","title":{"rendered":"MABY TEC PVC CLEAN PVC VE PLAST\u0130K EK\u0130PMAN TEM."},"content":{"rendered":"<p>MABY TEC PVC CLEAN PVC VE PLAST\u0130K EK\u0130PMAN TEM.<\/p>\n<p><strong>Kullan\u0131m Alanlar\u0131:<\/strong> T\u00fcm plastic y\u00fczeyleri \u00e7izmeden ve y\u00fczeyi a\u015f\u0131nd\u0131rmadan temizler. Bilgisayar, fax, fotokopi cihazlar\u0131 vb. ekipmanlarda ve PVC pencerelerde kullan\u0131l\u0131r.<\/p>\n","protected":false},"excerpt":{"rendered":"<p>MABY TEC PVC CLEAN PVC VE PLAST\u0130K EK\u0130PMAN TEM. Kullan\u0131m Alanlar\u0131: T\u00fcm plastic y\u00fczeyleri \u00e7izmeden ve y\u00fczeyi a\u015f\u0131nd\u0131rmadan temizler. Bilgisayar, fax, fotokopi cihazlar\u0131 vb. ekipmanlarda ve PVC pencerelerde kullan\u0131l\u0131r.<\/p>\n","protected":false},"author":2,"featured_media":0,"parent":17922,"menu_order":0,"comment_status":"closed","ping_status":"closed","template":"","meta":[],"_links":{"self":[{"href":"https:\/\/www.tempakimya.com.tr\/TURKISH\/wp-json\/wp\/v2\/pages\/18366"}],"collection":[{"href":"https:\/\/www.tempakimya.com.tr\/TURKISH\/wp-json\/wp\/v2\/pages"}],"about":[{"href":"https:\/\/www.tempakimya.com.tr\/TURKISH\/wp-json\/wp\/v2\/types\/page"}],"author":[{"embeddable":true,"href":"https:\/\/www.tempakimya.com.tr\/TURKISH\/wp-json\/wp\/v2\/users\/2"}],"replies":[{"embeddable":true,"href":"https:\/\/www.tempakimya.com.tr\/TURKISH\/wp-json\/wp\/v2\/comments?post=18366"}],"version-history":[{"count":2,"href":"https:\/\/www.tempakimya.com.tr\/TURKISH\/wp-json\/wp\/v2\/pages\/18366\/revisions"}],"predecessor-version":[{"id":18512,"href":"https:\/\/www.tempakimya.com.tr\/TURKISH\/wp-json\/wp\/v2\/pages\/18366\/revisions\/18512"}],"up":[{"embeddable":true,"href":"https:\/\/www.tempakimya.com.tr\/TURKISH\/wp-json\/wp\/v2\/pages\/17922"}],"wp:attachment":[{"href":"https:\/\/www.tempakimya.com.tr\/TURKISH\/wp-json\/wp\/v2\/media?parent=18366"}],"curies":[{"name":"wp","href":"https:\/\/api.w.org\/{rel}","templated":true}]}}