{"id":18364,"date":"2020-09-24T17:15:09","date_gmt":"2020-09-24T14:15:09","guid":{"rendered":"https:\/\/tempakimya.com.tr\/2020\/?page_id=18364"},"modified":"2020-10-02T09:42:39","modified_gmt":"2020-10-02T06:42:39","slug":"maby-tec-s-su-ile-seyreltilen-yag-cozucu","status":"publish","type":"page","link":"https:\/\/www.tempakimya.com.tr\/TURKISH\/urunler\/teknik-grup\/maby-tec-s-su-ile-seyreltilen-yag-cozucu\/","title":{"rendered":"MABY TEC S SU \u0130LE SEYRELT\u0130LEN YA\u011e \u00c7\u00d6Z\u00dcC\u00dc"},"content":{"rendered":"<p>MABY TEC S SU \u0130LE SEYRELT\u0130LEN YA\u011e \u00c7\u00d6Z\u00dcC\u00dc<\/p>\n<p><strong>Kullan\u0131m Alanlar\u0131:<\/strong> Metal i\u015fleriyle u\u011fra\u015fan sekt\u00f6rlerde komplike bir \u00fcr\u00fcnd\u00fcr. H\u0131zl\u0131 u\u00e7an malzemedir.<\/p>\n<p><strong>Kullan\u0131m \u015eekli:<\/strong> Bez yard\u0131m\u0131yla silinerek veya hava tabancas\u0131yla p\u00fcsk\u00fcrt\u00fclerek uygulan\u0131r.<\/p>\n","protected":false},"excerpt":{"rendered":"<p>MABY TEC S SU \u0130LE SEYRELT\u0130LEN YA\u011e \u00c7\u00d6Z\u00dcC\u00dc Kullan\u0131m Alanlar\u0131: Metal i\u015fleriyle u\u011fra\u015fan sekt\u00f6rlerde komplike bir \u00fcr\u00fcnd\u00fcr. H\u0131zl\u0131 u\u00e7an malzemedir. Kullan\u0131m \u015eekli: Bez yard\u0131m\u0131yla silinerek veya hava tabancas\u0131yla p\u00fcsk\u00fcrt\u00fclerek uygulan\u0131r.<\/p>\n","protected":false},"author":2,"featured_media":0,"parent":17922,"menu_order":0,"comment_status":"closed","ping_status":"closed","template":"","meta":[],"_links":{"self":[{"href":"https:\/\/www.tempakimya.com.tr\/TURKISH\/wp-json\/wp\/v2\/pages\/18364"}],"collection":[{"href":"https:\/\/www.tempakimya.com.tr\/TURKISH\/wp-json\/wp\/v2\/pages"}],"about":[{"href":"https:\/\/www.tempakimya.com.tr\/TURKISH\/wp-json\/wp\/v2\/types\/page"}],"author":[{"embeddable":true,"href":"https:\/\/www.tempakimya.com.tr\/TURKISH\/wp-json\/wp\/v2\/users\/2"}],"replies":[{"embeddable":true,"href":"https:\/\/www.tempakimya.com.tr\/TURKISH\/wp-json\/wp\/v2\/comments?post=18364"}],"version-history":[{"count":2,"href":"https:\/\/www.tempakimya.com.tr\/TURKISH\/wp-json\/wp\/v2\/pages\/18364\/revisions"}],"predecessor-version":[{"id":18511,"href":"https:\/\/www.tempakimya.com.tr\/TURKISH\/wp-json\/wp\/v2\/pages\/18364\/revisions\/18511"}],"up":[{"embeddable":true,"href":"https:\/\/www.tempakimya.com.tr\/TURKISH\/wp-json\/wp\/v2\/pages\/17922"}],"wp:attachment":[{"href":"https:\/\/www.tempakimya.com.tr\/TURKISH\/wp-json\/wp\/v2\/media?parent=18364"}],"curies":[{"name":"wp","href":"https:\/\/api.w.org\/{rel}","templated":true}]}}