{"id":18344,"date":"2020-09-24T16:13:16","date_gmt":"2020-09-24T13:13:16","guid":{"rendered":"https:\/\/tempakimya.com.tr\/2020\/?page_id=18344"},"modified":"2020-10-02T09:42:25","modified_gmt":"2020-10-02T06:42:25","slug":"maby-tec-e-elektriksel-yag-cozucu","status":"publish","type":"page","link":"https:\/\/www.tempakimya.com.tr\/TURKISH\/urunler\/teknik-grup\/maby-tec-e-elektriksel-yag-cozucu\/","title":{"rendered":"MABY TEC E ELEKTR\u0130KSEL YA\u011e \u00c7\u00d6Z\u00dcC\u00dc"},"content":{"rendered":"<p>MABY TEC E ELEKTR\u0130KSEL YA\u011e \u00c7\u00d6Z\u00dcC\u00dc<\/p>\n<p><strong>Kullan\u0131m Alanlar\u0131:<\/strong> Elektrikli makineler \u00fczerinde bulunan ya\u011f ve kir kal\u0131nt\u0131lar\u0131n\u0131 temizlemede kullan\u0131l\u0131r.<\/p>\n<p><strong>Kullan\u0131m \u015eekli:<\/strong> \u00d6zel dayan\u0131kl\u0131 triger yard\u0131m\u0131 ile y\u00fczeye spreylenir, bez ile silinir ya da hava tutularak kurutulur.<\/p>\n","protected":false},"excerpt":{"rendered":"<p>MABY TEC E ELEKTR\u0130KSEL YA\u011e \u00c7\u00d6Z\u00dcC\u00dc Kullan\u0131m Alanlar\u0131: Elektrikli makineler \u00fczerinde bulunan ya\u011f ve kir kal\u0131nt\u0131lar\u0131n\u0131 temizlemede kullan\u0131l\u0131r. Kullan\u0131m \u015eekli: \u00d6zel dayan\u0131kl\u0131 triger yard\u0131m\u0131 ile y\u00fczeye spreylenir, bez ile silinir ya da hava tutularak kurutulur.<\/p>\n","protected":false},"author":2,"featured_media":0,"parent":17922,"menu_order":0,"comment_status":"closed","ping_status":"closed","template":"","meta":[],"_links":{"self":[{"href":"https:\/\/www.tempakimya.com.tr\/TURKISH\/wp-json\/wp\/v2\/pages\/18344"}],"collection":[{"href":"https:\/\/www.tempakimya.com.tr\/TURKISH\/wp-json\/wp\/v2\/pages"}],"about":[{"href":"https:\/\/www.tempakimya.com.tr\/TURKISH\/wp-json\/wp\/v2\/types\/page"}],"author":[{"embeddable":true,"href":"https:\/\/www.tempakimya.com.tr\/TURKISH\/wp-json\/wp\/v2\/users\/2"}],"replies":[{"embeddable":true,"href":"https:\/\/www.tempakimya.com.tr\/TURKISH\/wp-json\/wp\/v2\/comments?post=18344"}],"version-history":[{"count":3,"href":"https:\/\/www.tempakimya.com.tr\/TURKISH\/wp-json\/wp\/v2\/pages\/18344\/revisions"}],"predecessor-version":[{"id":18510,"href":"https:\/\/www.tempakimya.com.tr\/TURKISH\/wp-json\/wp\/v2\/pages\/18344\/revisions\/18510"}],"up":[{"embeddable":true,"href":"https:\/\/www.tempakimya.com.tr\/TURKISH\/wp-json\/wp\/v2\/pages\/17922"}],"wp:attachment":[{"href":"https:\/\/www.tempakimya.com.tr\/TURKISH\/wp-json\/wp\/v2\/media?parent=18344"}],"curies":[{"name":"wp","href":"https:\/\/api.w.org\/{rel}","templated":true}]}}