{"id":18334,"date":"2020-09-24T16:09:21","date_gmt":"2020-09-24T13:09:21","guid":{"rendered":"https:\/\/tempakimya.com.tr\/2020\/?page_id=18334"},"modified":"2020-10-02T09:40:20","modified_gmt":"2020-10-02T06:40:20","slug":"maby-tec-steel-celan-2-celik-trabzan-tem-ve-par","status":"publish","type":"page","link":"https:\/\/www.tempakimya.com.tr\/TURKISH\/urunler\/yaglayici-ve-yaglama-grubu\/maby-tec-steel-celan-2-celik-trabzan-tem-ve-par\/","title":{"rendered":"MABY TEC STEEL CELAN 2 \u00c7EL\u0130K TRABZAN TEM. VE PAR."},"content":{"rendered":"<p>MABY TEC STEEL CLEAN 2 \u00c7EL\u0130K TRABZAN TEM. VE PAR.<\/p>\n<p><strong>Kullan\u0131m Alanlar\u0131:<\/strong> Hidrofobik bir \u00fcr\u00fcnd\u00fcr. Genellikle trabzan ve asans\u00f6r y\u00fczeylerinde kullan\u0131l\u0131r.<\/p>\n<p><strong>Kullan\u0131m \u015eekli:<\/strong> Trigerle spreylenerek temiz bir bez ile silinir.<\/p>\n","protected":false},"excerpt":{"rendered":"<p>MABY TEC STEEL CLEAN 2 \u00c7EL\u0130K TRABZAN TEM. VE PAR. Kullan\u0131m Alanlar\u0131: Hidrofobik bir \u00fcr\u00fcnd\u00fcr. Genellikle trabzan ve asans\u00f6r y\u00fczeylerinde kullan\u0131l\u0131r. Kullan\u0131m \u015eekli: Trigerle spreylenerek temiz bir bez ile silinir.<\/p>\n","protected":false},"author":2,"featured_media":0,"parent":17920,"menu_order":0,"comment_status":"closed","ping_status":"closed","template":"","meta":[],"_links":{"self":[{"href":"https:\/\/www.tempakimya.com.tr\/TURKISH\/wp-json\/wp\/v2\/pages\/18334"}],"collection":[{"href":"https:\/\/www.tempakimya.com.tr\/TURKISH\/wp-json\/wp\/v2\/pages"}],"about":[{"href":"https:\/\/www.tempakimya.com.tr\/TURKISH\/wp-json\/wp\/v2\/types\/page"}],"author":[{"embeddable":true,"href":"https:\/\/www.tempakimya.com.tr\/TURKISH\/wp-json\/wp\/v2\/users\/2"}],"replies":[{"embeddable":true,"href":"https:\/\/www.tempakimya.com.tr\/TURKISH\/wp-json\/wp\/v2\/comments?post=18334"}],"version-history":[{"count":2,"href":"https:\/\/www.tempakimya.com.tr\/TURKISH\/wp-json\/wp\/v2\/pages\/18334\/revisions"}],"predecessor-version":[{"id":18509,"href":"https:\/\/www.tempakimya.com.tr\/TURKISH\/wp-json\/wp\/v2\/pages\/18334\/revisions\/18509"}],"up":[{"embeddable":true,"href":"https:\/\/www.tempakimya.com.tr\/TURKISH\/wp-json\/wp\/v2\/pages\/17920"}],"wp:attachment":[{"href":"https:\/\/www.tempakimya.com.tr\/TURKISH\/wp-json\/wp\/v2\/media?parent=18334"}],"curies":[{"name":"wp","href":"https:\/\/api.w.org\/{rel}","templated":true}]}}