{"id":18332,"date":"2020-09-24T16:08:47","date_gmt":"2020-09-24T13:08:47","guid":{"rendered":"https:\/\/tempakimya.com.tr\/2020\/?page_id=18332"},"modified":"2020-10-02T09:39:59","modified_gmt":"2020-10-02T06:39:59","slug":"maby-tec-s-29-kaucuk-temizleme-ve-bakim-mad","status":"publish","type":"page","link":"https:\/\/www.tempakimya.com.tr\/TURKISH\/urunler\/yaglayici-ve-yaglama-grubu\/maby-tec-s-29-kaucuk-temizleme-ve-bakim-mad\/","title":{"rendered":"MABY TEC S 29 KAU\u00c7UK TEM\u0130ZLEME VE BAKIM MAD."},"content":{"rendered":"<p>MABY TEC S 29 KAU\u00c7UK TEM\u0130ZLEME VE BAKIM MAD.<\/p>\n<p><strong>Kullan\u0131m Alanlar\u0131:<\/strong> Kau\u00e7uk y\u00fczeylerde temizleme koruma \u00f6zellikli etkin bir maddedir.<\/p>\n<p><strong>Kullan\u0131m \u015eekli:<\/strong> Direkt uygulan\u0131r. Y\u00fczeye p\u00fcsk\u00fcrt\u00fcl\u00fcr bez ile silinir.<\/p>\n","protected":false},"excerpt":{"rendered":"<p>MABY TEC S 29 KAU\u00c7UK TEM\u0130ZLEME VE BAKIM MAD. Kullan\u0131m Alanlar\u0131: Kau\u00e7uk y\u00fczeylerde temizleme koruma \u00f6zellikli etkin bir maddedir. Kullan\u0131m \u015eekli: Direkt uygulan\u0131r. Y\u00fczeye p\u00fcsk\u00fcrt\u00fcl\u00fcr bez ile silinir.<\/p>\n","protected":false},"author":2,"featured_media":0,"parent":17920,"menu_order":0,"comment_status":"closed","ping_status":"closed","template":"","meta":[],"_links":{"self":[{"href":"https:\/\/www.tempakimya.com.tr\/TURKISH\/wp-json\/wp\/v2\/pages\/18332"}],"collection":[{"href":"https:\/\/www.tempakimya.com.tr\/TURKISH\/wp-json\/wp\/v2\/pages"}],"about":[{"href":"https:\/\/www.tempakimya.com.tr\/TURKISH\/wp-json\/wp\/v2\/types\/page"}],"author":[{"embeddable":true,"href":"https:\/\/www.tempakimya.com.tr\/TURKISH\/wp-json\/wp\/v2\/users\/2"}],"replies":[{"embeddable":true,"href":"https:\/\/www.tempakimya.com.tr\/TURKISH\/wp-json\/wp\/v2\/comments?post=18332"}],"version-history":[{"count":2,"href":"https:\/\/www.tempakimya.com.tr\/TURKISH\/wp-json\/wp\/v2\/pages\/18332\/revisions"}],"predecessor-version":[{"id":18508,"href":"https:\/\/www.tempakimya.com.tr\/TURKISH\/wp-json\/wp\/v2\/pages\/18332\/revisions\/18508"}],"up":[{"embeddable":true,"href":"https:\/\/www.tempakimya.com.tr\/TURKISH\/wp-json\/wp\/v2\/pages\/17920"}],"wp:attachment":[{"href":"https:\/\/www.tempakimya.com.tr\/TURKISH\/wp-json\/wp\/v2\/media?parent=18332"}],"curies":[{"name":"wp","href":"https:\/\/api.w.org\/{rel}","templated":true}]}}