{"id":18330,"date":"2020-09-24T16:08:12","date_gmt":"2020-09-24T13:08:12","guid":{"rendered":"https:\/\/tempakimya.com.tr\/2020\/?page_id=18330"},"modified":"2020-10-02T09:39:45","modified_gmt":"2020-10-02T06:39:45","slug":"maby-tec-s-24-yagli-kalip-ayirici","status":"publish","type":"page","link":"https:\/\/www.tempakimya.com.tr\/TURKISH\/urunler\/yaglayici-ve-yaglama-grubu\/maby-tec-s-24-yagli-kalip-ayirici\/","title":{"rendered":"MABY TEC S 24 YA\u011eLI KALIP AYIRICI"},"content":{"rendered":"<p>MABY TEC S 24 YA\u011eLI KALIP AYIRICI<\/p>\n<p><strong>Kullan\u0131m Alanlar\u0131:<\/strong> Otomasyon \u00fcretimi yapan preslerde kal\u0131b\u0131n \u00fcr\u00fcne yap\u0131\u015fmas\u0131n\u0131 \u00f6nleyen etkin bir maddedir.<\/p>\n<p><strong>Kullan\u0131m \u015eekli:<\/strong> Direkt uygulan\u0131r. Y\u00fczeye p\u00fcsk\u00fcrt\u00fcl\u00fcr veya f\u0131r\u00e7a ile s\u00fcr\u00fcl\u00fcr.<\/p>\n","protected":false},"excerpt":{"rendered":"<p>MABY TEC S 24 YA\u011eLI KALIP AYIRICI Kullan\u0131m Alanlar\u0131: Otomasyon \u00fcretimi yapan preslerde kal\u0131b\u0131n \u00fcr\u00fcne yap\u0131\u015fmas\u0131n\u0131 \u00f6nleyen etkin bir maddedir. Kullan\u0131m \u015eekli: Direkt uygulan\u0131r. Y\u00fczeye p\u00fcsk\u00fcrt\u00fcl\u00fcr veya f\u0131r\u00e7a ile s\u00fcr\u00fcl\u00fcr.<\/p>\n","protected":false},"author":2,"featured_media":0,"parent":17920,"menu_order":0,"comment_status":"closed","ping_status":"closed","template":"","meta":[],"_links":{"self":[{"href":"https:\/\/www.tempakimya.com.tr\/TURKISH\/wp-json\/wp\/v2\/pages\/18330"}],"collection":[{"href":"https:\/\/www.tempakimya.com.tr\/TURKISH\/wp-json\/wp\/v2\/pages"}],"about":[{"href":"https:\/\/www.tempakimya.com.tr\/TURKISH\/wp-json\/wp\/v2\/types\/page"}],"author":[{"embeddable":true,"href":"https:\/\/www.tempakimya.com.tr\/TURKISH\/wp-json\/wp\/v2\/users\/2"}],"replies":[{"embeddable":true,"href":"https:\/\/www.tempakimya.com.tr\/TURKISH\/wp-json\/wp\/v2\/comments?post=18330"}],"version-history":[{"count":3,"href":"https:\/\/www.tempakimya.com.tr\/TURKISH\/wp-json\/wp\/v2\/pages\/18330\/revisions"}],"predecessor-version":[{"id":18507,"href":"https:\/\/www.tempakimya.com.tr\/TURKISH\/wp-json\/wp\/v2\/pages\/18330\/revisions\/18507"}],"up":[{"embeddable":true,"href":"https:\/\/www.tempakimya.com.tr\/TURKISH\/wp-json\/wp\/v2\/pages\/17920"}],"wp:attachment":[{"href":"https:\/\/www.tempakimya.com.tr\/TURKISH\/wp-json\/wp\/v2\/media?parent=18330"}],"curies":[{"name":"wp","href":"https:\/\/api.w.org\/{rel}","templated":true}]}}