{"id":18326,"date":"2020-09-24T16:07:10","date_gmt":"2020-09-24T13:07:10","guid":{"rendered":"https:\/\/tempakimya.com.tr\/2020\/?page_id=18326"},"modified":"2020-10-02T09:39:19","modified_gmt":"2020-10-02T06:39:19","slug":"maby-tec-t-61-bor-yagi","status":"publish","type":"page","link":"https:\/\/www.tempakimya.com.tr\/TURKISH\/urunler\/yaglayici-ve-yaglama-grubu\/maby-tec-t-61-bor-yagi\/","title":{"rendered":"MABY TEC T 61 BOR YA\u011eI"},"content":{"rendered":"<p>MABY TEC T 61 BOR YA\u011eI<\/p>\n<p><strong>Kullan\u0131m Alanlar\u0131:<\/strong> Kesim ve so\u011futmada bakteri, koku olu\u015fturmayan i\u015flem g\u00f6ren y\u00fczeyi temizlemekte etkin bir malzemedir.<\/p>\n<p><strong>Kullan\u0131m \u015eekli:<\/strong> %3-%5 ile kurulumu yap\u0131l\u0131r.<\/p>\n","protected":false},"excerpt":{"rendered":"<p>MABY TEC T 61 BOR YA\u011eI Kullan\u0131m Alanlar\u0131: Kesim ve so\u011futmada bakteri, koku olu\u015fturmayan i\u015flem g\u00f6ren y\u00fczeyi temizlemekte etkin bir malzemedir. Kullan\u0131m \u015eekli: %3-%5 ile kurulumu yap\u0131l\u0131r.<\/p>\n","protected":false},"author":2,"featured_media":0,"parent":17920,"menu_order":0,"comment_status":"closed","ping_status":"closed","template":"","meta":[],"_links":{"self":[{"href":"https:\/\/www.tempakimya.com.tr\/TURKISH\/wp-json\/wp\/v2\/pages\/18326"}],"collection":[{"href":"https:\/\/www.tempakimya.com.tr\/TURKISH\/wp-json\/wp\/v2\/pages"}],"about":[{"href":"https:\/\/www.tempakimya.com.tr\/TURKISH\/wp-json\/wp\/v2\/types\/page"}],"author":[{"embeddable":true,"href":"https:\/\/www.tempakimya.com.tr\/TURKISH\/wp-json\/wp\/v2\/users\/2"}],"replies":[{"embeddable":true,"href":"https:\/\/www.tempakimya.com.tr\/TURKISH\/wp-json\/wp\/v2\/comments?post=18326"}],"version-history":[{"count":2,"href":"https:\/\/www.tempakimya.com.tr\/TURKISH\/wp-json\/wp\/v2\/pages\/18326\/revisions"}],"predecessor-version":[{"id":18504,"href":"https:\/\/www.tempakimya.com.tr\/TURKISH\/wp-json\/wp\/v2\/pages\/18326\/revisions\/18504"}],"up":[{"embeddable":true,"href":"https:\/\/www.tempakimya.com.tr\/TURKISH\/wp-json\/wp\/v2\/pages\/17920"}],"wp:attachment":[{"href":"https:\/\/www.tempakimya.com.tr\/TURKISH\/wp-json\/wp\/v2\/media?parent=18326"}],"curies":[{"name":"wp","href":"https:\/\/api.w.org\/{rel}","templated":true}]}}