{"id":18322,"date":"2020-09-24T16:06:14","date_gmt":"2020-09-24T13:06:14","guid":{"rendered":"https:\/\/tempakimya.com.tr\/2020\/?page_id=18322"},"modified":"2020-10-02T09:38:56","modified_gmt":"2020-10-02T06:38:56","slug":"maby-tec-s-17-koruyucu-yag","status":"publish","type":"page","link":"https:\/\/www.tempakimya.com.tr\/TURKISH\/urunler\/yaglayici-ve-yaglama-grubu\/maby-tec-s-17-koruyucu-yag\/","title":{"rendered":"MABY TEC S 17 KORUYUCU YA\u011e"},"content":{"rendered":"<p>MABY TEC S 17 KORUYUCU YA\u011e<\/p>\n<p><strong>Kullan\u0131m Alanlar\u0131:<\/strong> Deniz a\u015f\u0131r\u0131 sevkiyatlarda veya raflanarak \u00fcr\u00fcnlerin y\u00fczeyinde koruma yaparak oksitlenme ve paslanmay\u0131 \u00f6nleyen etkin bir malzemedir.<\/p>\n<p><strong>Kullan\u0131m \u015eekli:<\/strong> Direkt uygulan\u0131r. Y\u00fczeye p\u00fcsk\u00fcrt\u00fclerek veya f\u0131r\u00e7a yard\u0131m\u0131 ile tatbik edilir.<\/p>\n","protected":false},"excerpt":{"rendered":"<p>MABY TEC S 17 KORUYUCU YA\u011e Kullan\u0131m Alanlar\u0131: Deniz a\u015f\u0131r\u0131 sevkiyatlarda veya raflanarak \u00fcr\u00fcnlerin y\u00fczeyinde koruma yaparak oksitlenme ve paslanmay\u0131 \u00f6nleyen etkin bir malzemedir. Kullan\u0131m \u015eekli: Direkt uygulan\u0131r. Y\u00fczeye p\u00fcsk\u00fcrt\u00fclerek veya f\u0131r\u00e7a yard\u0131m\u0131 ile tatbik edilir.<\/p>\n","protected":false},"author":2,"featured_media":0,"parent":17920,"menu_order":0,"comment_status":"closed","ping_status":"closed","template":"","meta":[],"_links":{"self":[{"href":"https:\/\/www.tempakimya.com.tr\/TURKISH\/wp-json\/wp\/v2\/pages\/18322"}],"collection":[{"href":"https:\/\/www.tempakimya.com.tr\/TURKISH\/wp-json\/wp\/v2\/pages"}],"about":[{"href":"https:\/\/www.tempakimya.com.tr\/TURKISH\/wp-json\/wp\/v2\/types\/page"}],"author":[{"embeddable":true,"href":"https:\/\/www.tempakimya.com.tr\/TURKISH\/wp-json\/wp\/v2\/users\/2"}],"replies":[{"embeddable":true,"href":"https:\/\/www.tempakimya.com.tr\/TURKISH\/wp-json\/wp\/v2\/comments?post=18322"}],"version-history":[{"count":2,"href":"https:\/\/www.tempakimya.com.tr\/TURKISH\/wp-json\/wp\/v2\/pages\/18322\/revisions"}],"predecessor-version":[{"id":18502,"href":"https:\/\/www.tempakimya.com.tr\/TURKISH\/wp-json\/wp\/v2\/pages\/18322\/revisions\/18502"}],"up":[{"embeddable":true,"href":"https:\/\/www.tempakimya.com.tr\/TURKISH\/wp-json\/wp\/v2\/pages\/17920"}],"wp:attachment":[{"href":"https:\/\/www.tempakimya.com.tr\/TURKISH\/wp-json\/wp\/v2\/media?parent=18322"}],"curies":[{"name":"wp","href":"https:\/\/api.w.org\/{rel}","templated":true}]}}