{"id":18320,"date":"2020-09-24T16:05:30","date_gmt":"2020-09-24T13:05:30","guid":{"rendered":"https:\/\/tempakimya.com.tr\/2020\/?page_id=18320"},"modified":"2020-10-02T09:38:43","modified_gmt":"2020-10-02T06:38:43","slug":"maby-tec-s-4-ucucu-yaglayici","status":"publish","type":"page","link":"https:\/\/www.tempakimya.com.tr\/TURKISH\/urunler\/yaglayici-ve-yaglama-grubu\/maby-tec-s-4-ucucu-yaglayici\/","title":{"rendered":"MABY TEC S 4 U\u00c7UCU YA\u011eLAYICI"},"content":{"rendered":"<p>MABY TEC S 4 U\u00c7UCU YA\u011eLAYICI<\/p>\n<p><strong>Kullan\u0131m Alanlar\u0131:<\/strong> Metal preslerinde \u015fekil verilen par\u00e7alar\u0131n y\u00fczeylerinde \u00e7atlak olu\u015fturmamak ve sonras\u0131nda y\u00fczeyde korozyon olu\u015fturmamak i\u00e7in kullan\u0131lan etkin bir malzemedir.<\/p>\n<p><strong>Kullan\u0131m \u015eekli:<\/strong> Direkt uygulan\u0131r. Y\u00fczeye f\u0131r\u00e7a ile s\u00fcr\u00fcl\u00fcr.<\/p>\n","protected":false},"excerpt":{"rendered":"<p>MABY TEC S 4 U\u00c7UCU YA\u011eLAYICI Kullan\u0131m Alanlar\u0131: Metal preslerinde \u015fekil verilen par\u00e7alar\u0131n y\u00fczeylerinde \u00e7atlak olu\u015fturmamak ve sonras\u0131nda y\u00fczeyde korozyon olu\u015fturmamak i\u00e7in kullan\u0131lan etkin bir malzemedir. Kullan\u0131m \u015eekli: Direkt uygulan\u0131r. Y\u00fczeye f\u0131r\u00e7a ile s\u00fcr\u00fcl\u00fcr.<\/p>\n","protected":false},"author":2,"featured_media":0,"parent":17920,"menu_order":0,"comment_status":"closed","ping_status":"closed","template":"","meta":[],"_links":{"self":[{"href":"https:\/\/www.tempakimya.com.tr\/TURKISH\/wp-json\/wp\/v2\/pages\/18320"}],"collection":[{"href":"https:\/\/www.tempakimya.com.tr\/TURKISH\/wp-json\/wp\/v2\/pages"}],"about":[{"href":"https:\/\/www.tempakimya.com.tr\/TURKISH\/wp-json\/wp\/v2\/types\/page"}],"author":[{"embeddable":true,"href":"https:\/\/www.tempakimya.com.tr\/TURKISH\/wp-json\/wp\/v2\/users\/2"}],"replies":[{"embeddable":true,"href":"https:\/\/www.tempakimya.com.tr\/TURKISH\/wp-json\/wp\/v2\/comments?post=18320"}],"version-history":[{"count":2,"href":"https:\/\/www.tempakimya.com.tr\/TURKISH\/wp-json\/wp\/v2\/pages\/18320\/revisions"}],"predecessor-version":[{"id":18501,"href":"https:\/\/www.tempakimya.com.tr\/TURKISH\/wp-json\/wp\/v2\/pages\/18320\/revisions\/18501"}],"up":[{"embeddable":true,"href":"https:\/\/www.tempakimya.com.tr\/TURKISH\/wp-json\/wp\/v2\/pages\/17920"}],"wp:attachment":[{"href":"https:\/\/www.tempakimya.com.tr\/TURKISH\/wp-json\/wp\/v2\/media?parent=18320"}],"curies":[{"name":"wp","href":"https:\/\/api.w.org\/{rel}","templated":true}]}}