{"id":18307,"date":"2020-09-24T16:03:27","date_gmt":"2020-09-24T13:03:27","guid":{"rendered":"https:\/\/tempakimya.com.tr\/2020\/?page_id=18307"},"modified":"2020-10-02T09:30:12","modified_gmt":"2020-10-02T06:30:12","slug":"maby-tec-s-32-ahsap-akrilik-parlatici","status":"publish","type":"page","link":"https:\/\/www.tempakimya.com.tr\/TURKISH\/urunler\/mobilya-temizleme-grubu\/maby-tec-s-32-ahsap-akrilik-parlatici\/","title":{"rendered":"MABY TEC S 32 AH\u015eAP AKR\u0130L\u0130K PARLATICI"},"content":{"rendered":"<p>MABY TEC S 32 AH\u015eAP AKR\u0130L\u0130K PARLATICI<\/p>\n<p><strong>Kullan\u0131m Alanlar\u0131:<\/strong> Mobilya sekt\u00f6r\u00fcnde ah\u015fap akrilik parlat\u0131lmas\u0131nda etkin bir malzemedir.<\/p>\n<p><strong>Kullan\u0131m \u015eekli:<\/strong> Direkt uygulan\u0131r. P\u00fcsk\u00fcrt\u00fclerek bez ile silinerek uygulan\u0131r.<\/p>\n","protected":false},"excerpt":{"rendered":"<p>MABY TEC S 32 AH\u015eAP AKR\u0130L\u0130K PARLATICI Kullan\u0131m Alanlar\u0131: Mobilya sekt\u00f6r\u00fcnde ah\u015fap akrilik parlat\u0131lmas\u0131nda etkin bir malzemedir. Kullan\u0131m \u015eekli: Direkt uygulan\u0131r. P\u00fcsk\u00fcrt\u00fclerek bez ile silinerek uygulan\u0131r.<\/p>\n","protected":false},"author":2,"featured_media":0,"parent":17918,"menu_order":0,"comment_status":"closed","ping_status":"closed","template":"","meta":[],"_links":{"self":[{"href":"https:\/\/www.tempakimya.com.tr\/TURKISH\/wp-json\/wp\/v2\/pages\/18307"}],"collection":[{"href":"https:\/\/www.tempakimya.com.tr\/TURKISH\/wp-json\/wp\/v2\/pages"}],"about":[{"href":"https:\/\/www.tempakimya.com.tr\/TURKISH\/wp-json\/wp\/v2\/types\/page"}],"author":[{"embeddable":true,"href":"https:\/\/www.tempakimya.com.tr\/TURKISH\/wp-json\/wp\/v2\/users\/2"}],"replies":[{"embeddable":true,"href":"https:\/\/www.tempakimya.com.tr\/TURKISH\/wp-json\/wp\/v2\/comments?post=18307"}],"version-history":[{"count":2,"href":"https:\/\/www.tempakimya.com.tr\/TURKISH\/wp-json\/wp\/v2\/pages\/18307\/revisions"}],"predecessor-version":[{"id":18498,"href":"https:\/\/www.tempakimya.com.tr\/TURKISH\/wp-json\/wp\/v2\/pages\/18307\/revisions\/18498"}],"up":[{"embeddable":true,"href":"https:\/\/www.tempakimya.com.tr\/TURKISH\/wp-json\/wp\/v2\/pages\/17918"}],"wp:attachment":[{"href":"https:\/\/www.tempakimya.com.tr\/TURKISH\/wp-json\/wp\/v2\/media?parent=18307"}],"curies":[{"name":"wp","href":"https:\/\/api.w.org\/{rel}","templated":true}]}}