{"id":18305,"date":"2020-09-24T16:02:57","date_gmt":"2020-09-24T13:02:57","guid":{"rendered":"https:\/\/tempakimya.com.tr\/2020\/?page_id=18305"},"modified":"2020-10-02T09:29:59","modified_gmt":"2020-10-02T06:29:59","slug":"maby-tec-s-ii-ahsap-yuzey-manuel-silim-solventi","status":"publish","type":"page","link":"https:\/\/www.tempakimya.com.tr\/TURKISH\/urunler\/mobilya-temizleme-grubu\/maby-tec-s-ii-ahsap-yuzey-manuel-silim-solventi\/","title":{"rendered":"MABY TEC S II AH\u015eAP Y\u00dcZEY MANUEL S\u0130L\u0130M SOLVENT\u0130"},"content":{"rendered":"<p>MABY TEC S II AH\u015eAP Y\u00dcZEY MANUEL S\u0130L\u0130M SOLVENT\u0130<\/p>\n<p><strong>Kullan\u0131m Alanlar\u0131:<\/strong> Mobilya sekt\u00f6r\u00fcnde ta\u015fan tutkallar\u0131n ah\u015fap \u00fczerinden kolayca \u00e7\u0131kar\u0131lmas\u0131nda kullan\u0131lan bir \u00fcr\u00fcnd\u00fcr.<\/p>\n<p><strong>Kullan\u0131m \u015eekli:<\/strong> Bez yard\u0131m\u0131yla silinerek uygulan\u0131r.<\/p>\n","protected":false},"excerpt":{"rendered":"<p>MABY TEC S II AH\u015eAP Y\u00dcZEY MANUEL S\u0130L\u0130M SOLVENT\u0130 Kullan\u0131m Alanlar\u0131: Mobilya sekt\u00f6r\u00fcnde ta\u015fan tutkallar\u0131n ah\u015fap \u00fczerinden kolayca \u00e7\u0131kar\u0131lmas\u0131nda kullan\u0131lan bir \u00fcr\u00fcnd\u00fcr. Kullan\u0131m \u015eekli: Bez yard\u0131m\u0131yla silinerek uygulan\u0131r.<\/p>\n","protected":false},"author":2,"featured_media":0,"parent":17918,"menu_order":0,"comment_status":"closed","ping_status":"closed","template":"","meta":[],"_links":{"self":[{"href":"https:\/\/www.tempakimya.com.tr\/TURKISH\/wp-json\/wp\/v2\/pages\/18305"}],"collection":[{"href":"https:\/\/www.tempakimya.com.tr\/TURKISH\/wp-json\/wp\/v2\/pages"}],"about":[{"href":"https:\/\/www.tempakimya.com.tr\/TURKISH\/wp-json\/wp\/v2\/types\/page"}],"author":[{"embeddable":true,"href":"https:\/\/www.tempakimya.com.tr\/TURKISH\/wp-json\/wp\/v2\/users\/2"}],"replies":[{"embeddable":true,"href":"https:\/\/www.tempakimya.com.tr\/TURKISH\/wp-json\/wp\/v2\/comments?post=18305"}],"version-history":[{"count":2,"href":"https:\/\/www.tempakimya.com.tr\/TURKISH\/wp-json\/wp\/v2\/pages\/18305\/revisions"}],"predecessor-version":[{"id":18497,"href":"https:\/\/www.tempakimya.com.tr\/TURKISH\/wp-json\/wp\/v2\/pages\/18305\/revisions\/18497"}],"up":[{"embeddable":true,"href":"https:\/\/www.tempakimya.com.tr\/TURKISH\/wp-json\/wp\/v2\/pages\/17918"}],"wp:attachment":[{"href":"https:\/\/www.tempakimya.com.tr\/TURKISH\/wp-json\/wp\/v2\/media?parent=18305"}],"curies":[{"name":"wp","href":"https:\/\/api.w.org\/{rel}","templated":true}]}}