{"id":18303,"date":"2020-09-24T16:02:19","date_gmt":"2020-09-24T13:02:19","guid":{"rendered":"https:\/\/tempakimya.com.tr\/2020\/?page_id=18303"},"modified":"2020-10-02T09:29:46","modified_gmt":"2020-10-02T06:29:46","slug":"maby-tec-t-6-permanent-kalem-izi-cikarici","status":"publish","type":"page","link":"https:\/\/www.tempakimya.com.tr\/TURKISH\/urunler\/mobilya-temizleme-grubu\/maby-tec-t-6-permanent-kalem-izi-cikarici\/","title":{"rendered":"MABY TEC T 6 PERMANENT KALEM \u0130Z\u0130 \u00c7IKARICI"},"content":{"rendered":"<p>MABY TEC T 6\u00a0 PERMENANT KALEM \u0130Z \u00c7IKARICI<\/p>\n<p><strong>Kullan\u0131m Alanlar\u0131:<\/strong> Permenant kalem izlerinin \u00e7\u0131kar\u0131lmas\u0131nda etkili bir malzemedir.<\/p>\n<p><strong>Kullan\u0131m \u015eekli:<\/strong> Direkt uygulan\u0131r. Y\u00fczeye p\u00fcsk\u00fcrt\u00fclerek bez ile silinir.<\/p>\n","protected":false},"excerpt":{"rendered":"<p>MABY TEC T 6\u00a0 PERMENANT KALEM \u0130Z \u00c7IKARICI Kullan\u0131m Alanlar\u0131: Permenant kalem izlerinin \u00e7\u0131kar\u0131lmas\u0131nda etkili bir malzemedir. Kullan\u0131m \u015eekli: Direkt uygulan\u0131r. Y\u00fczeye p\u00fcsk\u00fcrt\u00fclerek bez ile silinir.<\/p>\n","protected":false},"author":2,"featured_media":0,"parent":17918,"menu_order":0,"comment_status":"closed","ping_status":"closed","template":"","meta":[],"_links":{"self":[{"href":"https:\/\/www.tempakimya.com.tr\/TURKISH\/wp-json\/wp\/v2\/pages\/18303"}],"collection":[{"href":"https:\/\/www.tempakimya.com.tr\/TURKISH\/wp-json\/wp\/v2\/pages"}],"about":[{"href":"https:\/\/www.tempakimya.com.tr\/TURKISH\/wp-json\/wp\/v2\/types\/page"}],"author":[{"embeddable":true,"href":"https:\/\/www.tempakimya.com.tr\/TURKISH\/wp-json\/wp\/v2\/users\/2"}],"replies":[{"embeddable":true,"href":"https:\/\/www.tempakimya.com.tr\/TURKISH\/wp-json\/wp\/v2\/comments?post=18303"}],"version-history":[{"count":3,"href":"https:\/\/www.tempakimya.com.tr\/TURKISH\/wp-json\/wp\/v2\/pages\/18303\/revisions"}],"predecessor-version":[{"id":18496,"href":"https:\/\/www.tempakimya.com.tr\/TURKISH\/wp-json\/wp\/v2\/pages\/18303\/revisions\/18496"}],"up":[{"embeddable":true,"href":"https:\/\/www.tempakimya.com.tr\/TURKISH\/wp-json\/wp\/v2\/pages\/17918"}],"wp:attachment":[{"href":"https:\/\/www.tempakimya.com.tr\/TURKISH\/wp-json\/wp\/v2\/media?parent=18303"}],"curies":[{"name":"wp","href":"https:\/\/api.w.org\/{rel}","templated":true}]}}