{"id":18301,"date":"2020-09-24T16:01:41","date_gmt":"2020-09-24T13:01:41","guid":{"rendered":"https:\/\/tempakimya.com.tr\/2020\/?page_id=18301"},"modified":"2020-10-02T09:29:31","modified_gmt":"2020-10-02T06:29:31","slug":"maby-tec-t-3-tukenmez-kalem-temizleyici","status":"publish","type":"page","link":"https:\/\/www.tempakimya.com.tr\/TURKISH\/urunler\/mobilya-temizleme-grubu\/maby-tec-t-3-tukenmez-kalem-temizleyici\/","title":{"rendered":"MABY TEC T 3 T\u00dcKENMEZ KALEM TEM\u0130ZLEY\u0130C\u0130"},"content":{"rendered":"<p>MABY TEC T 4 T\u00dcKENMEZ KALEM TEM\u0130ZLEY\u0130C\u0130<\/p>\n<p><strong>Kullan\u0131m Alanlar\u0131:<\/strong> Her t\u00fcrl\u00fc y\u00fczeyden t\u00fckenmez kalem izini \u00e7\u0131karmada etkin bir malzemedir.<\/p>\n<p><strong>Kullan\u0131m \u015eekli:<\/strong> Direkt uygulan\u0131r. Y\u00fczeye p\u00fcsk\u00fcrt\u00fclerek bez ile silinir.<\/p>\n","protected":false},"excerpt":{"rendered":"<p>MABY TEC T 4 T\u00dcKENMEZ KALEM TEM\u0130ZLEY\u0130C\u0130 Kullan\u0131m Alanlar\u0131: Her t\u00fcrl\u00fc y\u00fczeyden t\u00fckenmez kalem izini \u00e7\u0131karmada etkin bir malzemedir. Kullan\u0131m \u015eekli: Direkt uygulan\u0131r. Y\u00fczeye p\u00fcsk\u00fcrt\u00fclerek bez ile silinir.<\/p>\n","protected":false},"author":2,"featured_media":0,"parent":17918,"menu_order":0,"comment_status":"closed","ping_status":"closed","template":"","meta":[],"_links":{"self":[{"href":"https:\/\/www.tempakimya.com.tr\/TURKISH\/wp-json\/wp\/v2\/pages\/18301"}],"collection":[{"href":"https:\/\/www.tempakimya.com.tr\/TURKISH\/wp-json\/wp\/v2\/pages"}],"about":[{"href":"https:\/\/www.tempakimya.com.tr\/TURKISH\/wp-json\/wp\/v2\/types\/page"}],"author":[{"embeddable":true,"href":"https:\/\/www.tempakimya.com.tr\/TURKISH\/wp-json\/wp\/v2\/users\/2"}],"replies":[{"embeddable":true,"href":"https:\/\/www.tempakimya.com.tr\/TURKISH\/wp-json\/wp\/v2\/comments?post=18301"}],"version-history":[{"count":2,"href":"https:\/\/www.tempakimya.com.tr\/TURKISH\/wp-json\/wp\/v2\/pages\/18301\/revisions"}],"predecessor-version":[{"id":18494,"href":"https:\/\/www.tempakimya.com.tr\/TURKISH\/wp-json\/wp\/v2\/pages\/18301\/revisions\/18494"}],"up":[{"embeddable":true,"href":"https:\/\/www.tempakimya.com.tr\/TURKISH\/wp-json\/wp\/v2\/pages\/17918"}],"wp:attachment":[{"href":"https:\/\/www.tempakimya.com.tr\/TURKISH\/wp-json\/wp\/v2\/media?parent=18301"}],"curies":[{"name":"wp","href":"https:\/\/api.w.org\/{rel}","templated":true}]}}