{"id":18297,"date":"2020-09-24T16:00:41","date_gmt":"2020-09-24T13:00:41","guid":{"rendered":"https:\/\/tempakimya.com.tr\/2020\/?page_id=18297"},"modified":"2020-10-02T09:28:33","modified_gmt":"2020-10-02T06:28:33","slug":"maby-tec-s-9-doseme-koltuk-temizleyici-leke-sokucu","status":"publish","type":"page","link":"https:\/\/www.tempakimya.com.tr\/TURKISH\/urunler\/mobilya-temizleme-grubu\/maby-tec-s-9-doseme-koltuk-temizleyici-leke-sokucu\/","title":{"rendered":"MABY TEC S 9 D\u00d6\u015eEME KOLTUK TEM\u0130ZLEY\u0130C\u0130 (LEKE S\u00d6K\u00dcC\u00dc)"},"content":{"rendered":"<p>MABY TEC S 9 D\u00d6\u015eEME KOLTUK TEM\u0130ZLEY\u0130C\u0130 (LEKE S\u00d6K\u00dcC\u00dc)<\/p>\n<p><strong>Kullan\u0131m Alanlar\u0131:<\/strong> Kuma\u015f y\u00fczeylerde olu\u015fan lekelerin giderilmesinde kullan\u0131l\u0131r. Deri temizli\u011finde etkilidir.<\/p>\n<p><strong>Kullan\u0131m \u015eekli:<\/strong> Y\u00fczeye spreylenir ve 5-10 dk. Bekletilir. Sonras\u0131nda hava tutularak veya bezle silinerek kurutulur.<\/p>\n","protected":false},"excerpt":{"rendered":"<p>MABY TEC S 9 D\u00d6\u015eEME KOLTUK TEM\u0130ZLEY\u0130C\u0130 (LEKE S\u00d6K\u00dcC\u00dc) Kullan\u0131m Alanlar\u0131: Kuma\u015f y\u00fczeylerde olu\u015fan lekelerin giderilmesinde kullan\u0131l\u0131r. Deri temizli\u011finde etkilidir. Kullan\u0131m \u015eekli: Y\u00fczeye spreylenir ve 5-10 dk. Bekletilir. Sonras\u0131nda hava tutularak veya bezle silinerek kurutulur.<\/p>\n","protected":false},"author":2,"featured_media":0,"parent":17918,"menu_order":0,"comment_status":"closed","ping_status":"closed","template":"","meta":[],"_links":{"self":[{"href":"https:\/\/www.tempakimya.com.tr\/TURKISH\/wp-json\/wp\/v2\/pages\/18297"}],"collection":[{"href":"https:\/\/www.tempakimya.com.tr\/TURKISH\/wp-json\/wp\/v2\/pages"}],"about":[{"href":"https:\/\/www.tempakimya.com.tr\/TURKISH\/wp-json\/wp\/v2\/types\/page"}],"author":[{"embeddable":true,"href":"https:\/\/www.tempakimya.com.tr\/TURKISH\/wp-json\/wp\/v2\/users\/2"}],"replies":[{"embeddable":true,"href":"https:\/\/www.tempakimya.com.tr\/TURKISH\/wp-json\/wp\/v2\/comments?post=18297"}],"version-history":[{"count":2,"href":"https:\/\/www.tempakimya.com.tr\/TURKISH\/wp-json\/wp\/v2\/pages\/18297\/revisions"}],"predecessor-version":[{"id":18492,"href":"https:\/\/www.tempakimya.com.tr\/TURKISH\/wp-json\/wp\/v2\/pages\/18297\/revisions\/18492"}],"up":[{"embeddable":true,"href":"https:\/\/www.tempakimya.com.tr\/TURKISH\/wp-json\/wp\/v2\/pages\/17918"}],"wp:attachment":[{"href":"https:\/\/www.tempakimya.com.tr\/TURKISH\/wp-json\/wp\/v2\/media?parent=18297"}],"curies":[{"name":"wp","href":"https:\/\/api.w.org\/{rel}","templated":true}]}}