{"id":18293,"date":"2020-09-24T15:59:12","date_gmt":"2020-09-24T12:59:12","guid":{"rendered":"https:\/\/tempakimya.com.tr\/2020\/?page_id=18293"},"modified":"2020-10-02T09:28:08","modified_gmt":"2020-10-02T06:28:08","slug":"maby-tec-s-6-kenar-bantlama-mak-cikis-sivisi","status":"publish","type":"page","link":"https:\/\/www.tempakimya.com.tr\/TURKISH\/urunler\/mobilya-temizleme-grubu\/maby-tec-s-6-kenar-bantlama-mak-cikis-sivisi\/","title":{"rendered":"MABY TEC S 6 KENAR BANTLAMA MAK. \u00c7IKI\u015e SIVISI"},"content":{"rendered":"<p>MABY TEC S 6 KENAR BANTLAMA MAK. \u00c7IKI\u015e SIVISI<\/p>\n<p><strong>Kullan\u0131m Alanlar\u0131:<\/strong> Mobilya sekt\u00f6r\u00fcnde kenar bantlama makinelerinde kullan\u0131lan \u00e7\u0131k\u0131\u015f s\u0131v\u0131s\u0131d\u0131r.<\/p>\n<p><strong>Kullan\u0131m \u015eekli:<\/strong> Makinelerde bulunan aparatlara dolum yap\u0131l\u0131r. Ge\u00e7en par\u00e7a h\u0131z\u0131na ba\u011fl\u0131 nozul ayar\u0131 yap\u0131larak p\u00fcsk\u00fcrt\u00fclerek kullan\u0131l\u0131r.<\/p>\n","protected":false},"excerpt":{"rendered":"<p>MABY TEC S 6 KENAR BANTLAMA MAK. \u00c7IKI\u015e SIVISI Kullan\u0131m Alanlar\u0131: Mobilya sekt\u00f6r\u00fcnde kenar bantlama makinelerinde kullan\u0131lan \u00e7\u0131k\u0131\u015f s\u0131v\u0131s\u0131d\u0131r. Kullan\u0131m \u015eekli: Makinelerde bulunan aparatlara dolum yap\u0131l\u0131r. Ge\u00e7en par\u00e7a h\u0131z\u0131na ba\u011fl\u0131 nozul ayar\u0131 yap\u0131larak p\u00fcsk\u00fcrt\u00fclerek kullan\u0131l\u0131r.<\/p>\n","protected":false},"author":2,"featured_media":0,"parent":17918,"menu_order":0,"comment_status":"closed","ping_status":"closed","template":"","meta":[],"_links":{"self":[{"href":"https:\/\/www.tempakimya.com.tr\/TURKISH\/wp-json\/wp\/v2\/pages\/18293"}],"collection":[{"href":"https:\/\/www.tempakimya.com.tr\/TURKISH\/wp-json\/wp\/v2\/pages"}],"about":[{"href":"https:\/\/www.tempakimya.com.tr\/TURKISH\/wp-json\/wp\/v2\/types\/page"}],"author":[{"embeddable":true,"href":"https:\/\/www.tempakimya.com.tr\/TURKISH\/wp-json\/wp\/v2\/users\/2"}],"replies":[{"embeddable":true,"href":"https:\/\/www.tempakimya.com.tr\/TURKISH\/wp-json\/wp\/v2\/comments?post=18293"}],"version-history":[{"count":2,"href":"https:\/\/www.tempakimya.com.tr\/TURKISH\/wp-json\/wp\/v2\/pages\/18293\/revisions"}],"predecessor-version":[{"id":18490,"href":"https:\/\/www.tempakimya.com.tr\/TURKISH\/wp-json\/wp\/v2\/pages\/18293\/revisions\/18490"}],"up":[{"embeddable":true,"href":"https:\/\/www.tempakimya.com.tr\/TURKISH\/wp-json\/wp\/v2\/pages\/17918"}],"wp:attachment":[{"href":"https:\/\/www.tempakimya.com.tr\/TURKISH\/wp-json\/wp\/v2\/media?parent=18293"}],"curies":[{"name":"wp","href":"https:\/\/api.w.org\/{rel}","templated":true}]}}