{"id":18289,"date":"2020-09-24T15:58:04","date_gmt":"2020-09-24T12:58:04","guid":{"rendered":"https:\/\/tempakimya.com.tr\/2020\/?page_id=18289"},"modified":"2020-10-02T09:27:44","modified_gmt":"2020-10-02T06:27:44","slug":"maby-tec-fb-4-plastik-kaplama-temizleyici","status":"publish","type":"page","link":"https:\/\/www.tempakimya.com.tr\/TURKISH\/urunler\/mobilya-temizleme-grubu\/maby-tec-fb-4-plastik-kaplama-temizleyici\/","title":{"rendered":"MABY TEC FB 4 PLAST\u0130K KAPLAMA TEM\u0130ZLEY\u0130C\u0130"},"content":{"rendered":"<p>MABY TEC FB 4 PLAST\u0130K KAPLAMA TEM\u0130ZLEY\u0130C\u0130<\/p>\n<p><strong>Kullan\u0131m Alanlar\u0131:<\/strong> Plastik kaplamalar\u0131n temizli\u011finde etkili bir maddedir.<\/p>\n<p><strong>Kullan\u0131m \u015eekli:<\/strong> Direkt uygulan\u0131r.<\/p>\n","protected":false},"excerpt":{"rendered":"<p>MABY TEC FB 4 PLAST\u0130K KAPLAMA TEM\u0130ZLEY\u0130C\u0130 Kullan\u0131m Alanlar\u0131: Plastik kaplamalar\u0131n temizli\u011finde etkili bir maddedir. Kullan\u0131m \u015eekli: Direkt uygulan\u0131r.<\/p>\n","protected":false},"author":2,"featured_media":0,"parent":17918,"menu_order":0,"comment_status":"closed","ping_status":"closed","template":"","meta":[],"_links":{"self":[{"href":"https:\/\/www.tempakimya.com.tr\/TURKISH\/wp-json\/wp\/v2\/pages\/18289"}],"collection":[{"href":"https:\/\/www.tempakimya.com.tr\/TURKISH\/wp-json\/wp\/v2\/pages"}],"about":[{"href":"https:\/\/www.tempakimya.com.tr\/TURKISH\/wp-json\/wp\/v2\/types\/page"}],"author":[{"embeddable":true,"href":"https:\/\/www.tempakimya.com.tr\/TURKISH\/wp-json\/wp\/v2\/users\/2"}],"replies":[{"embeddable":true,"href":"https:\/\/www.tempakimya.com.tr\/TURKISH\/wp-json\/wp\/v2\/comments?post=18289"}],"version-history":[{"count":2,"href":"https:\/\/www.tempakimya.com.tr\/TURKISH\/wp-json\/wp\/v2\/pages\/18289\/revisions"}],"predecessor-version":[{"id":18488,"href":"https:\/\/www.tempakimya.com.tr\/TURKISH\/wp-json\/wp\/v2\/pages\/18289\/revisions\/18488"}],"up":[{"embeddable":true,"href":"https:\/\/www.tempakimya.com.tr\/TURKISH\/wp-json\/wp\/v2\/pages\/17918"}],"wp:attachment":[{"href":"https:\/\/www.tempakimya.com.tr\/TURKISH\/wp-json\/wp\/v2\/media?parent=18289"}],"curies":[{"name":"wp","href":"https:\/\/api.w.org\/{rel}","templated":true}]}}