{"id":18276,"date":"2020-09-24T15:55:17","date_gmt":"2020-09-24T12:55:17","guid":{"rendered":"https:\/\/tempakimya.com.tr\/2020\/?page_id=18276"},"modified":"2020-10-02T09:24:26","modified_gmt":"2020-10-02T06:24:26","slug":"maby-kirec-cozucu","status":"publish","type":"page","link":"https:\/\/www.tempakimya.com.tr\/TURKISH\/urunler\/bulasik-yikama-grubu\/maby-kirec-cozucu\/","title":{"rendered":"MABY K\u0130RE\u00c7 \u00c7\u00d6Z\u00dcC\u00dc"},"content":{"rendered":"<p>MABY K\u0130RE\u00c7 \u00c7\u00d6Z\u00dcC\u00dc<\/p>\n<p><strong>Kullan\u0131m Alanlar\u0131:<\/strong> Demlik, musluk, lavabo vb. Y\u00fczeylerde sudan kaynaklanan kirecin temizlenmesinde kullan\u0131l\u0131r. Kullan\u0131m s\u0131ras\u0131nda cilde temas\u0131ndan mutlaka ka\u00e7\u0131n\u0131lmal\u0131d\u0131r.<\/p>\n<p><strong>Kullan\u0131m \u015eekli:<\/strong> 1\/3-1\/5 konsantredir. \u0130\u015flem sonras\u0131 durulama yap\u0131lmal\u0131d\u0131r.<\/p>\n","protected":false},"excerpt":{"rendered":"<p>MABY K\u0130RE\u00c7 \u00c7\u00d6Z\u00dcC\u00dc Kullan\u0131m Alanlar\u0131: Demlik, musluk, lavabo vb. Y\u00fczeylerde sudan kaynaklanan kirecin temizlenmesinde kullan\u0131l\u0131r. Kullan\u0131m s\u0131ras\u0131nda cilde temas\u0131ndan mutlaka ka\u00e7\u0131n\u0131lmal\u0131d\u0131r. Kullan\u0131m \u015eekli: 1\/3-1\/5 konsantredir. \u0130\u015flem sonras\u0131 durulama yap\u0131lmal\u0131d\u0131r.<\/p>\n","protected":false},"author":2,"featured_media":0,"parent":17916,"menu_order":0,"comment_status":"closed","ping_status":"closed","template":"","meta":[],"_links":{"self":[{"href":"https:\/\/www.tempakimya.com.tr\/TURKISH\/wp-json\/wp\/v2\/pages\/18276"}],"collection":[{"href":"https:\/\/www.tempakimya.com.tr\/TURKISH\/wp-json\/wp\/v2\/pages"}],"about":[{"href":"https:\/\/www.tempakimya.com.tr\/TURKISH\/wp-json\/wp\/v2\/types\/page"}],"author":[{"embeddable":true,"href":"https:\/\/www.tempakimya.com.tr\/TURKISH\/wp-json\/wp\/v2\/users\/2"}],"replies":[{"embeddable":true,"href":"https:\/\/www.tempakimya.com.tr\/TURKISH\/wp-json\/wp\/v2\/comments?post=18276"}],"version-history":[{"count":2,"href":"https:\/\/www.tempakimya.com.tr\/TURKISH\/wp-json\/wp\/v2\/pages\/18276\/revisions"}],"predecessor-version":[{"id":18485,"href":"https:\/\/www.tempakimya.com.tr\/TURKISH\/wp-json\/wp\/v2\/pages\/18276\/revisions\/18485"}],"up":[{"embeddable":true,"href":"https:\/\/www.tempakimya.com.tr\/TURKISH\/wp-json\/wp\/v2\/pages\/17916"}],"wp:attachment":[{"href":"https:\/\/www.tempakimya.com.tr\/TURKISH\/wp-json\/wp\/v2\/media?parent=18276"}],"curies":[{"name":"wp","href":"https:\/\/api.w.org\/{rel}","templated":true}]}}