{"id":18272,"date":"2020-09-24T15:54:37","date_gmt":"2020-09-24T12:54:37","guid":{"rendered":"https:\/\/tempakimya.com.tr\/2020\/?page_id=18272"},"modified":"2020-10-02T09:23:58","modified_gmt":"2020-10-02T06:23:58","slug":"maby-mineralli-sivi-temizleyici","status":"publish","type":"page","link":"https:\/\/www.tempakimya.com.tr\/TURKISH\/urunler\/bulasik-yikama-grubu\/maby-mineralli-sivi-temizleyici\/","title":{"rendered":"MABY M\u0130NERALL\u0130 SIVI TEM\u0130ZLEY\u0130C\u0130"},"content":{"rendered":"<p>MABY M\u0130NERALL\u0130 SIVI TEM\u0130ZLEY\u0130C\u0130<\/p>\n<p><strong>Kullan\u0131m Alanlar\u0131:<\/strong> Y\u00fczeylerde kurumu\u015f ve ovalama gerektiren kirlerde kullan\u0131l\u0131r. \u00c7izilebilecek y\u00fczeylerde kullan\u0131lmaz.<\/p>\n<p><strong>Kullan\u0131m \u015eekli:<\/strong> S\u00fcnger, bez fiber veya f\u0131r\u00e7a ile y\u00fczeye yay\u0131lm\u0131\u015f deterjan ovalan\u0131r, bol su ile durulan\u0131r, tortulardan ar\u0131nd\u0131r\u0131l\u0131r.<\/p>\n","protected":false},"excerpt":{"rendered":"<p>MABY M\u0130NERALL\u0130 SIVI TEM\u0130ZLEY\u0130C\u0130 Kullan\u0131m Alanlar\u0131: Y\u00fczeylerde kurumu\u015f ve ovalama gerektiren kirlerde kullan\u0131l\u0131r. \u00c7izilebilecek y\u00fczeylerde kullan\u0131lmaz. Kullan\u0131m \u015eekli: S\u00fcnger, bez fiber veya f\u0131r\u00e7a ile y\u00fczeye yay\u0131lm\u0131\u015f deterjan ovalan\u0131r, bol su ile durulan\u0131r, tortulardan ar\u0131nd\u0131r\u0131l\u0131r.<\/p>\n","protected":false},"author":2,"featured_media":0,"parent":17916,"menu_order":0,"comment_status":"closed","ping_status":"closed","template":"","meta":[],"_links":{"self":[{"href":"https:\/\/www.tempakimya.com.tr\/TURKISH\/wp-json\/wp\/v2\/pages\/18272"}],"collection":[{"href":"https:\/\/www.tempakimya.com.tr\/TURKISH\/wp-json\/wp\/v2\/pages"}],"about":[{"href":"https:\/\/www.tempakimya.com.tr\/TURKISH\/wp-json\/wp\/v2\/types\/page"}],"author":[{"embeddable":true,"href":"https:\/\/www.tempakimya.com.tr\/TURKISH\/wp-json\/wp\/v2\/users\/2"}],"replies":[{"embeddable":true,"href":"https:\/\/www.tempakimya.com.tr\/TURKISH\/wp-json\/wp\/v2\/comments?post=18272"}],"version-history":[{"count":2,"href":"https:\/\/www.tempakimya.com.tr\/TURKISH\/wp-json\/wp\/v2\/pages\/18272\/revisions"}],"predecessor-version":[{"id":18483,"href":"https:\/\/www.tempakimya.com.tr\/TURKISH\/wp-json\/wp\/v2\/pages\/18272\/revisions\/18483"}],"up":[{"embeddable":true,"href":"https:\/\/www.tempakimya.com.tr\/TURKISH\/wp-json\/wp\/v2\/pages\/17916"}],"wp:attachment":[{"href":"https:\/\/www.tempakimya.com.tr\/TURKISH\/wp-json\/wp\/v2\/media?parent=18272"}],"curies":[{"name":"wp","href":"https:\/\/api.w.org\/{rel}","templated":true}]}}