{"id":18267,"date":"2020-09-24T15:51:32","date_gmt":"2020-09-24T12:51:32","guid":{"rendered":"https:\/\/tempakimya.com.tr\/2020\/?page_id=18267"},"modified":"2020-10-02T09:23:31","modified_gmt":"2020-10-02T06:23:31","slug":"maby-tec-automat-od-bulasik-mak-on-dal-mad","status":"publish","type":"page","link":"https:\/\/www.tempakimya.com.tr\/TURKISH\/urunler\/bulasik-yikama-grubu\/maby-tec-automat-od-bulasik-mak-on-dal-mad\/","title":{"rendered":"MABY TEC AUTOMAT \u00d6D BULA\u015eIK MAK. \u00d6N DAL. MAD."},"content":{"rendered":"<p>MABY TEC AUTOMAT \u00d6D BULA\u015eIK MAK. \u00d6N DAL. MAD.<\/p>\n<p><strong>Kullan\u0131m Alanlar\u0131:<\/strong> Bula\u015f\u0131klar makineye dizilmeden once derin bir kapta fazla yemek art\u0131klar\u0131n\u0131n giderilmesi i\u00e7in kullan\u0131l\u0131r. Ciltle temas\u0131 mutlaka \u00f6nlenmelidir.<\/p>\n<p><strong>Kullan\u0131m \u015eekli:<\/strong> 1\/5-1\/10 konsantredir. Suland\u0131r\u0131lm\u0131\u015f derin kap i\u00e7erisinde bula\u015f\u0131klar dald\u0131r\u0131l\u0131r ve makineye dizilir.<\/p>\n","protected":false},"excerpt":{"rendered":"<p>MABY TEC AUTOMAT \u00d6D BULA\u015eIK MAK. \u00d6N DAL. MAD. Kullan\u0131m Alanlar\u0131: Bula\u015f\u0131klar makineye dizilmeden once derin bir kapta fazla yemek art\u0131klar\u0131n\u0131n giderilmesi i\u00e7in kullan\u0131l\u0131r. Ciltle temas\u0131 mutlaka \u00f6nlenmelidir. Kullan\u0131m \u015eekli: 1\/5-1\/10 konsantredir. Suland\u0131r\u0131lm\u0131\u015f derin kap i\u00e7erisinde bula\u015f\u0131klar dald\u0131r\u0131l\u0131r ve makineye dizilir.<\/p>\n","protected":false},"author":2,"featured_media":0,"parent":17916,"menu_order":0,"comment_status":"closed","ping_status":"closed","template":"","meta":[],"_links":{"self":[{"href":"https:\/\/www.tempakimya.com.tr\/TURKISH\/wp-json\/wp\/v2\/pages\/18267"}],"collection":[{"href":"https:\/\/www.tempakimya.com.tr\/TURKISH\/wp-json\/wp\/v2\/pages"}],"about":[{"href":"https:\/\/www.tempakimya.com.tr\/TURKISH\/wp-json\/wp\/v2\/types\/page"}],"author":[{"embeddable":true,"href":"https:\/\/www.tempakimya.com.tr\/TURKISH\/wp-json\/wp\/v2\/users\/2"}],"replies":[{"embeddable":true,"href":"https:\/\/www.tempakimya.com.tr\/TURKISH\/wp-json\/wp\/v2\/comments?post=18267"}],"version-history":[{"count":2,"href":"https:\/\/www.tempakimya.com.tr\/TURKISH\/wp-json\/wp\/v2\/pages\/18267\/revisions"}],"predecessor-version":[{"id":18481,"href":"https:\/\/www.tempakimya.com.tr\/TURKISH\/wp-json\/wp\/v2\/pages\/18267\/revisions\/18481"}],"up":[{"embeddable":true,"href":"https:\/\/www.tempakimya.com.tr\/TURKISH\/wp-json\/wp\/v2\/pages\/17916"}],"wp:attachment":[{"href":"https:\/\/www.tempakimya.com.tr\/TURKISH\/wp-json\/wp\/v2\/media?parent=18267"}],"curies":[{"name":"wp","href":"https:\/\/api.w.org\/{rel}","templated":true}]}}