{"id":18263,"date":"2020-09-24T15:49:57","date_gmt":"2020-09-24T12:49:57","guid":{"rendered":"https:\/\/tempakimya.com.tr\/2020\/?page_id=18263"},"modified":"2020-10-02T09:26:15","modified_gmt":"2020-10-02T06:26:15","slug":"maby-tec-automat-par-bulasik-makinesi-parlaticisi","status":"publish","type":"page","link":"https:\/\/www.tempakimya.com.tr\/TURKISH\/urunler\/bulasik-yikama-grubu\/maby-tec-automat-par-bulasik-makinesi-parlaticisi\/","title":{"rendered":"MABY TEC AUTOMAT PAR BULA\u015eIK MAK\u0130NES\u0130 PARLATICISI"},"content":{"rendered":"<p>MABY TEC AUTOMAT PAR BULA\u015eIK MAK\u0130NES\u0130 PARLATICISI<\/p>\n<p><strong>Kullan\u0131m Alanlar\u0131:<\/strong> End\u00fcstriyel tip bula\u015f\u0131k makinelerinde kullan\u0131l\u0131r. Bula\u015f\u0131klar\u0131n y\u00fczeyinde \u00e7izilmelere neden olmaz. Bula\u015f\u0131klar\u0131n parlak ve lekesiz \u00e7\u0131kmas\u0131n\u0131 sa\u011flar.<\/p>\n<p><strong>Kullan\u0131m \u015eekli:<\/strong> Dozaj pompalar\u0131yla kullan\u0131l\u0131r.<\/p>\n<p>&nbsp;<\/p>\n","protected":false},"excerpt":{"rendered":"<p>MABY TEC AUTOMAT PAR BULA\u015eIK MAK\u0130NES\u0130 PARLATICISI Kullan\u0131m Alanlar\u0131: End\u00fcstriyel tip bula\u015f\u0131k makinelerinde kullan\u0131l\u0131r. Bula\u015f\u0131klar\u0131n y\u00fczeyinde \u00e7izilmelere neden olmaz. Bula\u015f\u0131klar\u0131n parlak ve lekesiz \u00e7\u0131kmas\u0131n\u0131 sa\u011flar. Kullan\u0131m \u015eekli: Dozaj pompalar\u0131yla kullan\u0131l\u0131r. &nbsp;<\/p>\n","protected":false},"author":2,"featured_media":0,"parent":17916,"menu_order":0,"comment_status":"closed","ping_status":"closed","template":"","meta":[],"_links":{"self":[{"href":"https:\/\/www.tempakimya.com.tr\/TURKISH\/wp-json\/wp\/v2\/pages\/18263"}],"collection":[{"href":"https:\/\/www.tempakimya.com.tr\/TURKISH\/wp-json\/wp\/v2\/pages"}],"about":[{"href":"https:\/\/www.tempakimya.com.tr\/TURKISH\/wp-json\/wp\/v2\/types\/page"}],"author":[{"embeddable":true,"href":"https:\/\/www.tempakimya.com.tr\/TURKISH\/wp-json\/wp\/v2\/users\/2"}],"replies":[{"embeddable":true,"href":"https:\/\/www.tempakimya.com.tr\/TURKISH\/wp-json\/wp\/v2\/comments?post=18263"}],"version-history":[{"count":3,"href":"https:\/\/www.tempakimya.com.tr\/TURKISH\/wp-json\/wp\/v2\/pages\/18263\/revisions"}],"predecessor-version":[{"id":18487,"href":"https:\/\/www.tempakimya.com.tr\/TURKISH\/wp-json\/wp\/v2\/pages\/18263\/revisions\/18487"}],"up":[{"embeddable":true,"href":"https:\/\/www.tempakimya.com.tr\/TURKISH\/wp-json\/wp\/v2\/pages\/17916"}],"wp:attachment":[{"href":"https:\/\/www.tempakimya.com.tr\/TURKISH\/wp-json\/wp\/v2\/media?parent=18263"}],"curies":[{"name":"wp","href":"https:\/\/api.w.org\/{rel}","templated":true}]}}