{"id":18250,"date":"2020-09-24T15:49:11","date_gmt":"2020-09-24T12:49:11","guid":{"rendered":"https:\/\/tempakimya.com.tr\/2020\/?page_id=18250"},"modified":"2020-10-02T09:22:55","modified_gmt":"2020-10-02T06:22:55","slug":"maby-tec-automat-mat-bulasik-makinesi-deterjani","status":"publish","type":"page","link":"https:\/\/www.tempakimya.com.tr\/TURKISH\/urunler\/bulasik-yikama-grubu\/maby-tec-automat-mat-bulasik-makinesi-deterjani\/","title":{"rendered":"MABY TEC AUTOMAT MAT BULA\u015eIK MAK\u0130NES\u0130 DETERJANI"},"content":{"rendered":"<p>MABY TEC AUTOMAT MAT BULA\u015eIK MAK. DETERJANI<\/p>\n<p><strong>Kullan\u0131m Alanlar\u0131:<\/strong> End\u00fcstriyel tip bula\u015f\u0131k makinelerinde kullan\u0131l\u0131r. Bula\u015f\u0131klar\u0131n y\u00fczeyinde \u00e7izimlere neden olmaz.<\/p>\n<p><strong>Kullan\u0131m \u015eekli:<\/strong> Dozaj pompalar\u0131yla kullan\u0131l\u0131r.<\/p>\n<p><strong>Kullan\u0131m Alanlar\u0131:<\/strong> End\u00fcstriyel tip bula\u015f\u0131k makinelerinde kullan\u0131l\u0131r. Bula\u015f\u0131klar\u0131n y\u00fczeyinde \u00e7izilmelere neden olmaz. Bula\u015f\u0131klar\u0131n parlak ve lekesiz \u00e7\u0131kmas\u0131n\u0131 sa\u011flar.<\/p>\n<p><strong>Kullan\u0131m \u015eekli:<\/strong> Dozaj pompalar\u0131yla kullan\u0131l\u0131r.<\/p>\n","protected":false},"excerpt":{"rendered":"<p>MABY TEC AUTOMAT MAT BULA\u015eIK MAK. DETERJANI Kullan\u0131m Alanlar\u0131: End\u00fcstriyel tip bula\u015f\u0131k makinelerinde kullan\u0131l\u0131r. Bula\u015f\u0131klar\u0131n y\u00fczeyinde \u00e7izimlere neden olmaz. Kullan\u0131m \u015eekli: Dozaj pompalar\u0131yla kullan\u0131l\u0131r. Kullan\u0131m Alanlar\u0131: End\u00fcstriyel tip bula\u015f\u0131k makinelerinde kullan\u0131l\u0131r. Bula\u015f\u0131klar\u0131n y\u00fczeyinde \u00e7izilmelere neden olmaz. Bula\u015f\u0131klar\u0131n parlak ve lekesiz \u00e7\u0131kmas\u0131n\u0131 sa\u011flar. Kullan\u0131m \u015eekli: Dozaj pompalar\u0131yla kullan\u0131l\u0131r.<\/p>\n","protected":false},"author":2,"featured_media":0,"parent":17916,"menu_order":0,"comment_status":"closed","ping_status":"closed","template":"","meta":[],"_links":{"self":[{"href":"https:\/\/www.tempakimya.com.tr\/TURKISH\/wp-json\/wp\/v2\/pages\/18250"}],"collection":[{"href":"https:\/\/www.tempakimya.com.tr\/TURKISH\/wp-json\/wp\/v2\/pages"}],"about":[{"href":"https:\/\/www.tempakimya.com.tr\/TURKISH\/wp-json\/wp\/v2\/types\/page"}],"author":[{"embeddable":true,"href":"https:\/\/www.tempakimya.com.tr\/TURKISH\/wp-json\/wp\/v2\/users\/2"}],"replies":[{"embeddable":true,"href":"https:\/\/www.tempakimya.com.tr\/TURKISH\/wp-json\/wp\/v2\/comments?post=18250"}],"version-history":[{"count":4,"href":"https:\/\/www.tempakimya.com.tr\/TURKISH\/wp-json\/wp\/v2\/pages\/18250\/revisions"}],"predecessor-version":[{"id":18479,"href":"https:\/\/www.tempakimya.com.tr\/TURKISH\/wp-json\/wp\/v2\/pages\/18250\/revisions\/18479"}],"up":[{"embeddable":true,"href":"https:\/\/www.tempakimya.com.tr\/TURKISH\/wp-json\/wp\/v2\/pages\/17916"}],"wp:attachment":[{"href":"https:\/\/www.tempakimya.com.tr\/TURKISH\/wp-json\/wp\/v2\/media?parent=18250"}],"curies":[{"name":"wp","href":"https:\/\/api.w.org\/{rel}","templated":true}]}}