{"id":18248,"date":"2020-09-24T15:29:15","date_gmt":"2020-09-24T12:29:15","guid":{"rendered":"https:\/\/tempakimya.com.tr\/2020\/?page_id=18248"},"modified":"2020-10-02T09:22:04","modified_gmt":"2020-10-02T06:22:04","slug":"maby-tec-hand-soap-konsantre-kopuk-sabun","status":"publish","type":"page","link":"https:\/\/www.tempakimya.com.tr\/TURKISH\/urunler\/el-yikama-grubu\/maby-tec-hand-soap-konsantre-kopuk-sabun\/","title":{"rendered":"MABY TEC HAND SOAP KONSANTRE K\u00d6P\u00dcK SABUN"},"content":{"rendered":"<p>MABY\u00a0 TEC HAND SOAP KONSANTRE K\u00d6P\u00dcK SABUN<\/p>\n<p><strong>Kullan\u0131m Alanlar\u0131:<\/strong> Ekonomik bir \u00fcr\u00fcnd\u00fcr. Cilt Ph\u2019\u0131na uygun oldu\u011fundan ellerde kuruma ve \u00e7atlamalara neden olmaz.<\/p>\n<p><strong>Kullan\u0131m \u015eekli:<\/strong> 1\/10 konsantredir. K\u00f6p\u00fck dispenser aparat\u0131yla kullan\u0131l\u0131r. Ellerinize bir miktar k\u00f6p\u00fck al\u0131n\u0131r. Ovu\u015fturulur, sui le durulan\u0131r.<\/p>\n","protected":false},"excerpt":{"rendered":"<p>MABY\u00a0 TEC HAND SOAP KONSANTRE K\u00d6P\u00dcK SABUN Kullan\u0131m Alanlar\u0131: Ekonomik bir \u00fcr\u00fcnd\u00fcr. Cilt Ph\u2019\u0131na uygun oldu\u011fundan ellerde kuruma ve \u00e7atlamalara neden olmaz. Kullan\u0131m \u015eekli: 1\/10 konsantredir. K\u00f6p\u00fck dispenser aparat\u0131yla kullan\u0131l\u0131r. Ellerinize bir miktar k\u00f6p\u00fck al\u0131n\u0131r. Ovu\u015fturulur, sui le durulan\u0131r.<\/p>\n","protected":false},"author":2,"featured_media":0,"parent":17914,"menu_order":0,"comment_status":"closed","ping_status":"closed","template":"","meta":[],"_links":{"self":[{"href":"https:\/\/www.tempakimya.com.tr\/TURKISH\/wp-json\/wp\/v2\/pages\/18248"}],"collection":[{"href":"https:\/\/www.tempakimya.com.tr\/TURKISH\/wp-json\/wp\/v2\/pages"}],"about":[{"href":"https:\/\/www.tempakimya.com.tr\/TURKISH\/wp-json\/wp\/v2\/types\/page"}],"author":[{"embeddable":true,"href":"https:\/\/www.tempakimya.com.tr\/TURKISH\/wp-json\/wp\/v2\/users\/2"}],"replies":[{"embeddable":true,"href":"https:\/\/www.tempakimya.com.tr\/TURKISH\/wp-json\/wp\/v2\/comments?post=18248"}],"version-history":[{"count":2,"href":"https:\/\/www.tempakimya.com.tr\/TURKISH\/wp-json\/wp\/v2\/pages\/18248\/revisions"}],"predecessor-version":[{"id":18478,"href":"https:\/\/www.tempakimya.com.tr\/TURKISH\/wp-json\/wp\/v2\/pages\/18248\/revisions\/18478"}],"up":[{"embeddable":true,"href":"https:\/\/www.tempakimya.com.tr\/TURKISH\/wp-json\/wp\/v2\/pages\/17914"}],"wp:attachment":[{"href":"https:\/\/www.tempakimya.com.tr\/TURKISH\/wp-json\/wp\/v2\/media?parent=18248"}],"curies":[{"name":"wp","href":"https:\/\/api.w.org\/{rel}","templated":true}]}}